{"id":42312,"date":"2025-05-23T13:57:52","date_gmt":"2025-05-23T13:57:52","guid":{"rendered":"https:\/\/rtb.ie\/ga\/?page_id=42312"},"modified":"2025-07-04T09:45:38","modified_gmt":"2025-07-04T09:45:38","slug":"rtb-esri-rent-index-data-set","status":"publish","type":"page","link":"https:\/\/rtb.ie\/ga\/data-insights\/rtb-data-hub\/rtb-esri-rent-index-data-set\/","title":{"rendered":"Sonra\u00ed inn\u00e9acs C\u00edosa RTB\/ESRI"},"content":{"rendered":"\n<div class=\"translation-notice no-print\">\n        <div class=\"inner container\">\n            <p><strong>Cuirfear aistri\u00fach\u00e1n ar f\u00e1il go luath<\/strong><\/p>\n            <p>\u00c1r leithsc\u00e9al as an m\u00edchaoithi\u00falacht. Cuirfear aistri\u00fach\u00e1n Gaeilge ar an leathanach seo ar f\u00e1il go luath. Go raibh maith agat as do chuid foighneachta agus muid ag obair ar leagan uasd\u00e1taithe.<\/p>\n        <\/div>\n    <\/div><section id=\"block-block_7f2150376eb480f118443baa1ef9ba79\" class=\"header-block rtb-block colour-green margin-top-none margin-bottom-default\">\n    <div class=\"container\">\n        <nav class=\"breadcrumbs\" aria-label=\"breadcrumb\">\n    <span property=\"itemListElement\" typeof=\"ListItem\"><a property=\"item\" typeof=\"WebPage\" title=\"Go to Bord um Tion\u00f3ntachta\u00ed C\u00f3naithe.\" href=\"https:\/\/rtb.ie\/ga\" class=\"home\" aria-current=\"page\"><span property=\"name\"><i class=\"rtb-home-icon\"><\/i><\/span><\/a><meta property=\"position\" content=\"1\"><\/span><i class=\"rtb-chevron\"><\/i><\/nav>\n        \n        <div class=\"wrapper\">\n            <div class=\"content\">\n                            \n                <h1 class=\"heading-xl\">Sonra\u00ed inn\u00e9acs C\u00edosa RTB\/ESRI<\/h1>\n                                            <\/div>\n            <!-- Temporary image: Remove after migrating illustrations to the illustration_selection field -->\n            \n                                    <div class=\"illustration fade-up\" aria-hidden=\"true\">\n                                                    <img decoding=\"async\" src=\"https:\/\/rtb.ie\/ga\/wp-content\/themes\/rtb\/assets\/images\/illustrations\/header-block\/header-illustration-green-a.svg\" alt=\"\" \/>\n                                            <\/div>\n                                    <\/div>\n\n    <\/div>\n<\/section>\n\n\n<section id=\"block-block_db3207585d616f05020dfd497130e0a8\" class=\"header-paragraph-block rtb-block  margin-top-xs margin-bottom-xs\">\n\t<div class=\"container\">\n\t\t<div class=\"content\">\n\t\t\t<article class=\"cms-content\">\n\t\t\t\t\t\t\t\t\t<div class=\"infogram-embed\" data-id=\"_\/XHYlKevJke057APMP5sx\" data-type=\"interactive\" data-title=\"RI Figure 1\"><\/div>\n\t\t\t\t\t\t\t<\/article>\n\t\t\t\t\t<\/div>\n\t<\/div>\n<\/section>\n\n\n    <section id=\"block-block_30677e05fdd9351751080e777d7d50ab\" class=\"cards-block rtb-block margin-top-xs margin-bottom-s\">\n        <div class=\"container\">\n            <div class=\"content\">\n                                    <article class=\"with-link\">\n                                                <p>RTB Rent Index Q424 Figure 1 (XLSX, 42kb)<\/p>\n                        <div class=\"footer\">\n                            <a class=\"text-link fade-in\" href=\"https:\/\/rtb.ie\/ga\/wp-content\/uploads\/2025\/06\/RTBRIQ424-Figure-1.xlsx\" target=\"\">Download<\/a>                        <\/div>\n                    <\/article>\n                            <\/div>\n        <\/div>\n    <\/section>\n\n\n\n<section id=\"block-block_2a01ee44d00ecea9d66f2e72686741df\" class=\"header-paragraph-block rtb-block  margin-top-xs margin-bottom-xs\">\n\t<div class=\"container\">\n\t\t<div class=\"content\">\n\t\t\t<article class=\"cms-content\">\n\t\t\t\t\t\t\t\t\t<div class=\"infogram-embed\" data-id=\"_\/Drt3mWc5BAMIai4kdGDz\" data-type=\"interactive\" data-title=\"RI Figure 2\"><\/div>\n\t\t\t\t\t\t\t<\/article>\n\t\t\t\t\t<\/div>\n\t<\/div>\n<\/section>\n\n\n    <section id=\"block-block_04b248b602abee31d5aaab80735372e0\" class=\"cards-block rtb-block margin-top-xs margin-bottom-s\">\n        <div class=\"container\">\n            <div class=\"content\">\n                                    <article class=\"with-link\">\n                                                <p>RTB Rent Index Q424 Figure 2 (XLSX, 46kb)<\/p>\n                        <div class=\"footer\">\n                            <a class=\"text-link fade-in\" href=\"https:\/\/rtb.ie\/ga\/wp-content\/uploads\/2025\/06\/RTBRIQ424-Figure-2.xlsx\" target=\"\">Download<\/a>                        <\/div>\n                    <\/article>\n                            <\/div>\n        <\/div>\n    <\/section>\n\n\n\n<section id=\"block-block_795aaa664868c16e4cdee1847044bb56\" class=\"header-paragraph-block rtb-block  margin-top-xs margin-bottom-xs\">\n\t<div class=\"container\">\n\t\t<div class=\"content\">\n\t\t\t<article class=\"cms-content\">\n\t\t\t\t\t\t\t\t\t<div class=\"infogram-embed\" data-id=\"_\/GVaU01NFyCxp4dediwFY\" data-type=\"interactive\" data-title=\"RI Figure 3\"><\/div>\n\t\t\t\t\t\t\t<\/article>\n\t\t\t\t\t<\/div>\n\t<\/div>\n<\/section>\n\n\n    <section id=\"block-block_ed95c54d4468b5fda2d97eae30956c62\" class=\"cards-block rtb-block margin-top-xs margin-bottom-s\">\n        <div class=\"container\">\n            <div class=\"content\">\n                                    <article class=\"with-link\">\n                                                <p>RTB Rent Index Q424 Figure 3 (XLSX, 41kb)<\/p>\n                        <div class=\"footer\">\n                            <a class=\"text-link fade-in\" href=\"https:\/\/rtb.ie\/ga\/wp-content\/uploads\/2025\/06\/RTBRIQ424-Figure-3.xlsx\" target=\"\">Download<\/a>                        <\/div>\n                    <\/article>\n                            <\/div>\n        <\/div>\n    <\/section>\n\n\n\n<section id=\"block-block_201cab4f3c990b8766569797267efaf6\" class=\"header-paragraph-block rtb-block  margin-top-xs margin-bottom-xs\">\n\t<div class=\"container\">\n\t\t<div class=\"content\">\n\t\t\t<article class=\"cms-content\">\n\t\t\t\t\t\t\t\t\t<div class=\"infogram-embed\" data-id=\"_\/TTRQKjTnXc3Vm38GMcJU\" data-type=\"interactive\" data-title=\"RI Figure 4\"><\/div>\n\t\t\t\t\t\t\t<\/article>\n\t\t\t\t\t<\/div>\n\t<\/div>\n<\/section>\n\n\n    <section id=\"block-block_453557c93126ee3bf3ca169ee6774e80\" class=\"cards-block rtb-block margin-top-xs margin-bottom-s\">\n        <div class=\"container\">\n            <div class=\"content\">\n                                    <article class=\"with-link\">\n                                                <p>RTB Rent Index Q424 Figure 4 (XLSX, 41kb)<\/p>\n                        <div class=\"footer\">\n                            <a class=\"text-link fade-in\" href=\"https:\/\/rtb.ie\/ga\/wp-content\/uploads\/2025\/06\/RTBRIQ424-Figure-4.xlsx\" target=\"\">Download<\/a>                        <\/div>\n                    <\/article>\n                            <\/div>\n        <\/div>\n    <\/section>\n\n\n\n<section id=\"block-block_0d4d28380abc7adc37c0b67025f93c60\" class=\"header-paragraph-block rtb-block  margin-top-default margin-bottom-default\">\n\t<div class=\"container\">\n\t\t<div class=\"content\">\n\t\t\t<article class=\"cms-content\">\n\t\t\t\t\t\t\t\t\t<h3>Average Rent Dataset<\/h3>\n<p>This dataset reports on the average rent in locations around the country. Using a simple drop down menu, you can select up to five different property types and any quarter from the end of 2007 onwards to see the average rent for your selected location. The location selection is based on population and dataset size. A nil return (0.00) indicates insufficient data for that location.<\/p>\n<p>Click on the links below to view the Average Rent Dataset:<\/p>\n<ul>\n<li><a href=\"https:\/\/data.cso.ie\/table\/RIQ02\" data-saferedirecturl=\"https:\/\/www.google.com\/url?q=https:\/\/data.cso.ie\/table\/RIQ02&amp;source=gmail&amp;ust=1749716511669000&amp;usg=AOvVaw1G8YaAHm9AWtHapZ4yv8VB\">RTB Average Monthly Rent Report (quarterly dataset)\u00a0<\/a><\/li>\n<li><a href=\"https:\/\/data.cso.ie\/table\/RIH02\" data-saferedirecturl=\"https:\/\/www.google.com\/url?q=https:\/\/data.cso.ie\/table\/RIH02&amp;source=gmail&amp;ust=1749716511669000&amp;usg=AOvVaw19KVZ34JAnKda6LbmvFl7F\">RTB Average Monthly Rent Report (bi-annual dataset)<\/a><\/li>\n<li><a href=\"https:\/\/data.cso.ie\/table\/RIA02\" data-saferedirecturl=\"https:\/\/www.google.com\/url?q=https:\/\/data.cso.ie\/table\/RIA02&amp;source=gmail&amp;ust=1749716511669000&amp;usg=AOvVaw1eNQuLPA_ULz7s3esDKZB7\">RTB Average Monthly Rent Report (annual dataset)<\/a><\/li>\n<\/ul>\n\t\t\t\t\t\t\t<\/article>\n\t\t\t\t\t<\/div>\n\t<\/div>\n<\/section>","protected":false},"excerpt":{"rendered":"","protected":false},"author":6,"featured_media":0,"parent":184,"menu_order":0,"comment_status":"closed","ping_status":"closed","template":"","meta":{"_acf_changed":false,"inline_featured_image":false,"_relevanssi_hide_post":"","_relevanssi_hide_content":"","_relevanssi_pin_for_all":"","_relevanssi_pin_keywords":"","_relevanssi_unpin_keywords":"","_relevanssi_related_keywords":"","_relevanssi_related_include_ids":"","_relevanssi_related_exclude_ids":"","_relevanssi_related_no_append":"","_relevanssi_related_not_related":"","_relevanssi_related_posts":"1,1239","_relevanssi_noindex_reason":"","_trash_the_other_posts":false,"editor_notices":[],"footnotes":""},"class_list":["post-42312","page","type-page","status-publish","hentry"],"acf":[],"jetpack_sharing_enabled":true,"publishpress_future_action":{"enabled":false,"date":"2026-04-27 18:00:22","action":"change-status","newStatus":"draft","terms":[],"taxonomy":"","extraData":[]},"publishpress_future_workflow_manual_trigger":{"enabledWorkflows":[]},"_links":{"self":[{"href":"https:\/\/rtb.ie\/ga\/wp-json\/wp\/v2\/pages\/42312","targetHints":{"allow":["GET"]}}],"collection":[{"href":"https:\/\/rtb.ie\/ga\/wp-json\/wp\/v2\/pages"}],"about":[{"href":"https:\/\/rtb.ie\/ga\/wp-json\/wp\/v2\/types\/page"}],"author":[{"embeddable":true,"href":"https:\/\/rtb.ie\/ga\/wp-json\/wp\/v2\/users\/6"}],"replies":[{"embeddable":true,"href":"https:\/\/rtb.ie\/ga\/wp-json\/wp\/v2\/comments?post=42312"}],"version-history":[{"count":22,"href":"https:\/\/rtb.ie\/ga\/wp-json\/wp\/v2\/pages\/42312\/revisions"}],"predecessor-version":[{"id":51468,"href":"https:\/\/rtb.ie\/ga\/wp-json\/wp\/v2\/pages\/42312\/revisions\/51468"}],"up":[{"embeddable":true,"href":"https:\/\/rtb.ie\/ga\/wp-json\/wp\/v2\/pages\/184"}],"wp:attachment":[{"href":"https:\/\/rtb.ie\/ga\/wp-json\/wp\/v2\/media?parent=42312"}],"curies":[{"name":"wp","href":"https:\/\/api.w.org\/{rel}","templated":true}]}}