{"id":4301,"date":"2025-05-21T15:35:42","date_gmt":"2025-05-21T15:35:42","guid":{"rendered":"https:\/\/rtb.ie\/ga\/?page_id=4301"},"modified":"2025-06-06T12:04:19","modified_gmt":"2025-06-06T12:04:19","slug":"court-decisions-enforcement-orders","status":"publish","type":"page","link":"https:\/\/rtb.ie\/ga\/disputes\/dispute-outcomes-and-orders\/court-decisions-enforcement-orders\/","title":{"rendered":"Court decisions &#8211; enforcement orders"},"content":{"rendered":"\n<div class=\"translation-notice no-print\">\n        <div class=\"inner container\">\n            <p><strong>Cuirfear aistri\u00fach\u00e1n ar f\u00e1il go luath<\/strong><\/p>\n            <p>\u00c1r leithsc\u00e9al as an m\u00edchaoithi\u00falacht. Cuirfear aistri\u00fach\u00e1n Gaeilge ar an leathanach seo ar f\u00e1il go luath. Go raibh maith agat as do chuid foighneachta agus muid ag obair ar leagan uasd\u00e1taithe.<\/p>\n        <\/div>\n    <\/div><section id=\"block-block_dbf07087fdd70901c23e9078e702ab34\" class=\"header-block rtb-block colour-white margin-top-none margin-bottom-none\">\n    <div class=\"container\">\n        <nav class=\"breadcrumbs\" aria-label=\"breadcrumb\">\n    <span property=\"itemListElement\" typeof=\"ListItem\"><a property=\"item\" typeof=\"WebPage\" title=\"Go to Bord um Tion\u00f3ntachta\u00ed C\u00f3naithe.\" href=\"https:\/\/rtb.ie\/ga\" class=\"home\" aria-current=\"page\"><span property=\"name\"><i class=\"rtb-home-icon\"><\/i><\/span><\/a><meta property=\"position\" content=\"1\"><\/span><i class=\"rtb-chevron\"><\/i><\/nav>\n        \n        <div class=\"wrapper\">\n            <div class=\"content\">\n                            \n                <h1 class=\"heading-xl\">Court decisions &#8211; enforcement orders<\/h1>\n                                            <\/div>\n            <!-- Temporary image: Remove after migrating illustrations to the illustration_selection field -->\n            \n                                    <div class=\"illustration fade-up\" aria-hidden=\"true\">\n                                                    <img decoding=\"async\" src=\"https:\/\/rtb.ie\/ga\/wp-content\/themes\/rtb\/assets\/images\/illustrations\/header-block\/header-illustration-teal-a-full.svg\" alt=\"\" \/>\n                                            <\/div>\n                                    <\/div>\n\n    <\/div>\n<\/section>\n\n\n<section id=\"block-block_0d131c389954bee9d204c354f4324195\" class=\"court-decisions-enforcement-of-orders-listing-block rtb-block margin-top-xs margin-bottom-default\">\n    <div class=\"content\">\n\n        <div class=\"search-filters\">\n            <div class=\"container\">\n                <div class=\"filters\">\n                    <div class=\"search\">\n                        <div class=\"filter fade-in\">\n                            <label for=\"\">Keyword<\/label>\n                            <div class=\"facetwp-facet facetwp-facet-search facetwp-type-search\" data-name=\"search\" data-type=\"search\"><\/div>                        <\/div>\n                    <\/div>\n                    <div class=\"dropdowns\">\n                        <div class=\"filter fade-in\">\n                            <label for=\"\">Select year<\/label>\n                            <div class=\"facetwp-facet facetwp-facet-court_decisions_enforcement_of_orders_date facetwp-type-dropdown\" data-name=\"court_decisions_enforcement_of_orders_date\" data-type=\"dropdown\"><\/div>                        <\/div>\n                    <\/div>\n                    <div class=\"footer\">\n                        <div class=\"facetwp-facet facetwp-facet-clear_all facetwp-type-reset\" data-name=\"clear_all\" data-type=\"reset\"><\/div>                        <button class=\"facetwp-submit button primary\">\n                            <span>Search<\/span>\n                        <\/button>\n                    <\/div>\n                <\/div>\n                <div class=\"info\">\n                    <h2 class=\"heading-s\">How to search<\/h2>                    <p>Search by the name of a party involved in a dispute, the type of dispute, case number or tribunal number.<\/p>\n<p>You can also filter by year, dispute type or type of order (the outcome of the dispute).<\/p>\n                <\/div>\n            <\/div>\n        <\/div>\n\n        <div class=\"listing is-hidden\">\n            <div class=\"container\">\n                <div class=\"total-results\">\n                    <span>Total results: <\/span>                    <span data-facetwp-total><\/span>\n                <\/div>\n                <div class=\"facetwp-template\" data-name=\"court_decisions_enforcement_of_orders\">            <article class=\"court-decisions-enforcement-of-orders-item\">\n    \n    <div class=\"content\">\n\n        <span class=\"tag green\">ENFORCEMENT OF ORDERS<\/span>\n        <h3 class=\"heading-xs\">Bernadette Drake v Aiden Doyle &amp; Daniela Lingi<\/h3>        \n        <hr>\n\n        <div class=\"info\">\n            \n                                            <\/div>\n\n        <hr>\n\n        <div class=\"footer\">\n                                <\/div>\n    <\/div>\n\n<\/article>            <article class=\"court-decisions-enforcement-of-orders-item\">\n    \n    <div class=\"content\">\n\n        <span class=\"tag green\">ENFORCEMENT OF ORDERS<\/span>\n        <h3 class=\"heading-xs\">OCP Belgrave II Limited Partnership v Mark Delaney<\/h3>        \n        <hr>\n\n        <div class=\"info\">\n            \n                                            <\/div>\n\n        <hr>\n\n        <div class=\"footer\">\n                                <\/div>\n    <\/div>\n\n<\/article>            <article class=\"court-decisions-enforcement-of-orders-item\">\n    \n    <div class=\"content\">\n\n        <span class=\"tag green\">ENFORCEMENT OF ORDERS<\/span>\n        <h3 class=\"heading-xs\">Siobhan McKeon v Patricia &amp; Elizabeth Corcoran<\/h3>        \n        <hr>\n\n        <div class=\"info\">\n            \n                                            <\/div>\n\n        <hr>\n\n        <div class=\"footer\">\n                                <\/div>\n    <\/div>\n\n<\/article>            <article class=\"court-decisions-enforcement-of-orders-item\">\n    \n    <div class=\"content\">\n\n        <span class=\"tag green\">ENFORCEMENT OF ORDERS<\/span>\n        <h3 class=\"heading-xs\">Double S Housing Limited v Artis Lapins<\/h3>        \n        <hr>\n\n        <div class=\"info\">\n            \n                                            <\/div>\n\n        <hr>\n\n        <div class=\"footer\">\n                                <\/div>\n    <\/div>\n\n<\/article>            <article class=\"court-decisions-enforcement-of-orders-item\">\n    \n    <div class=\"content\">\n\n        <span class=\"tag green\">ENFORCEMENT OF ORDERS<\/span>\n        <h3 class=\"heading-xs\">Moses Oyebanji v Patrick Fitzsimons<\/h3>        \n        <hr>\n\n        <div class=\"info\">\n            \n                                            <\/div>\n\n        <hr>\n\n        <div class=\"footer\">\n                                <\/div>\n    <\/div>\n\n<\/article>            <article class=\"court-decisions-enforcement-of-orders-item\">\n    \n    <div class=\"content\">\n\n        <span class=\"tag green\">ENFORCEMENT OF ORDERS<\/span>\n        <h3 class=\"heading-xs\">William Freeman Tinoco &amp; Leticia De Araujo Queiroz Freeman v Ian Stanley<\/h3>        \n        <hr>\n\n        <div class=\"info\">\n            \n                                            <\/div>\n\n        <hr>\n\n        <div class=\"footer\">\n                                <\/div>\n    <\/div>\n\n<\/article>            <article class=\"court-decisions-enforcement-of-orders-item\">\n    \n    <div class=\"content\">\n\n        <span class=\"tag green\">ENFORCEMENT OF ORDERS<\/span>\n        <h3 class=\"heading-xs\">Eamon Sammat v Ana Isabel Figueroa Mendoza &amp; Sergey Javier Duffau<\/h3>        \n        <hr>\n\n        <div class=\"info\">\n            \n                                            <\/div>\n\n        <hr>\n\n        <div class=\"footer\">\n                                <\/div>\n    <\/div>\n\n<\/article>            <article class=\"court-decisions-enforcement-of-orders-item\">\n    \n    <div class=\"content\">\n\n        <span class=\"tag green\">ENFORCEMENT OF ORDERS<\/span>\n        <h3 class=\"heading-xs\">Ann Nixon v Lauris Bitenbinders<\/h3>        \n        <hr>\n\n        <div class=\"info\">\n            \n                                            <\/div>\n\n        <hr>\n\n        <div class=\"footer\">\n                                <\/div>\n    <\/div>\n\n<\/article>            <article class=\"court-decisions-enforcement-of-orders-item\">\n    \n    <div class=\"content\">\n\n        <span class=\"tag green\">ENFORCEMENT OF ORDERS<\/span>\n        <h3 class=\"heading-xs\">Peter McCaffrey v Adekunle Akanbi Bello<\/h3>        \n        <hr>\n\n        <div class=\"info\">\n            \n                                            <\/div>\n\n        <hr>\n\n        <div class=\"footer\">\n                                <\/div>\n    <\/div>\n\n<\/article>            <article class=\"court-decisions-enforcement-of-orders-item\">\n    \n    <div class=\"content\">\n\n        <span class=\"tag green\">ENFORCEMENT OF ORDERS<\/span>\n        <h3 class=\"heading-xs\">Olusola Micael Oni v Roderick Ngalande<\/h3>        \n        <hr>\n\n        <div class=\"info\">\n            \n                                            <\/div>\n\n        <hr>\n\n        <div class=\"footer\">\n                                <\/div>\n    <\/div>\n\n<\/article>    <\/div>            <\/div>\n        <\/div>\n\n        <div class=\"load-more is-hidden\">\n            <div class=\"facetwp-facet facetwp-facet-pager_numbers facetwp-type-pager\" data-name=\"pager_numbers\" data-type=\"pager\"><\/div>        <\/div>\n\n    <\/div>\n<\/section>\n","protected":false},"excerpt":{"rendered":"","protected":false},"author":6,"featured_media":0,"parent":946,"menu_order":1,"comment_status":"closed","ping_status":"closed","template":"","meta":{"_acf_changed":false,"inline_featured_image":false,"_relevanssi_hide_post":"","_relevanssi_hide_content":"","_relevanssi_pin_for_all":"","_relevanssi_pin_keywords":"","_relevanssi_unpin_keywords":"","_relevanssi_related_keywords":"","_relevanssi_related_include_ids":"","_relevanssi_related_exclude_ids":"","_relevanssi_related_no_append":"","_relevanssi_related_not_related":"","_relevanssi_related_posts":"","_relevanssi_noindex_reason":"","_trash_the_other_posts":false,"editor_notices":[],"footnotes":""},"class_list":["post-4301","page","type-page","status-publish","hentry"],"acf":[],"jetpack_sharing_enabled":true,"publishpress_future_action":{"enabled":false,"date":"2026-04-29 16:37:46","action":"change-status","newStatus":"draft","terms":[],"taxonomy":"","extraData":[]},"publishpress_future_workflow_manual_trigger":{"enabledWorkflows":[]},"_links":{"self":[{"href":"https:\/\/rtb.ie\/ga\/wp-json\/wp\/v2\/pages\/4301","targetHints":{"allow":["GET"]}}],"collection":[{"href":"https:\/\/rtb.ie\/ga\/wp-json\/wp\/v2\/pages"}],"about":[{"href":"https:\/\/rtb.ie\/ga\/wp-json\/wp\/v2\/types\/page"}],"author":[{"embeddable":true,"href":"https:\/\/rtb.ie\/ga\/wp-json\/wp\/v2\/users\/6"}],"replies":[{"embeddable":true,"href":"https:\/\/rtb.ie\/ga\/wp-json\/wp\/v2\/comments?post=4301"}],"version-history":[{"count":7,"href":"https:\/\/rtb.ie\/ga\/wp-json\/wp\/v2\/pages\/4301\/revisions"}],"predecessor-version":[{"id":50290,"href":"https:\/\/rtb.ie\/ga\/wp-json\/wp\/v2\/pages\/4301\/revisions\/50290"}],"up":[{"embeddable":true,"href":"https:\/\/rtb.ie\/ga\/wp-json\/wp\/v2\/pages\/946"}],"wp:attachment":[{"href":"https:\/\/rtb.ie\/ga\/wp-json\/wp\/v2\/media?parent=4301"}],"curies":[{"name":"wp","href":"https:\/\/api.w.org\/{rel}","templated":true}]}}