{"id":4421,"date":"2025-05-21T15:39:10","date_gmt":"2025-05-21T15:39:10","guid":{"rendered":"https:\/\/rtb.ie\/ga\/?page_id=4421"},"modified":"2025-06-06T12:04:42","modified_gmt":"2025-06-06T12:04:42","slug":"adjudication-and-tribunal-orders","status":"publish","type":"page","link":"https:\/\/rtb.ie\/ga\/disputes\/dispute-outcomes-and-orders\/adjudication-and-tribunal-orders\/","title":{"rendered":"Adjudication and Tribunal orders"},"content":{"rendered":"\n<div class=\"translation-notice no-print\">\n        <div class=\"inner container\">\n            <p><strong>Cuirfear aistri\u00fach\u00e1n ar f\u00e1il go luath<\/strong><\/p>\n            <p>\u00c1r leithsc\u00e9al as an m\u00edchaoithi\u00falacht. Cuirfear aistri\u00fach\u00e1n Gaeilge ar an leathanach seo ar f\u00e1il go luath. Go raibh maith agat as do chuid foighneachta agus muid ag obair ar leagan uasd\u00e1taithe.<\/p>\n        <\/div>\n    <\/div><section id=\"block-block_2dac8db9bbc5d9d23bdf037255066bc1\" class=\"header-block rtb-block colour-white margin-top-none margin-bottom-none\">\n    <div class=\"container\">\n        <nav class=\"breadcrumbs\" aria-label=\"breadcrumb\">\n    <span property=\"itemListElement\" typeof=\"ListItem\"><a property=\"item\" typeof=\"WebPage\" title=\"Go to Bord um Tion\u00f3ntachta\u00ed C\u00f3naithe.\" href=\"https:\/\/rtb.ie\/ga\" class=\"home\" aria-current=\"page\"><span property=\"name\"><i class=\"rtb-home-icon\"><\/i><\/span><\/a><meta property=\"position\" content=\"1\"><\/span><i class=\"rtb-chevron\"><\/i><\/nav>\n        \n        <div class=\"wrapper\">\n            <div class=\"content\">\n                            \n                <h1 class=\"heading-xl\">Adjudication and Tribunal orders<\/h1>\n                                            <\/div>\n            <!-- Temporary image: Remove after migrating illustrations to the illustration_selection field -->\n            \n                                    <div class=\"illustration fade-up\" aria-hidden=\"true\">\n                                                    <img decoding=\"async\" src=\"https:\/\/rtb.ie\/ga\/wp-content\/themes\/rtb\/assets\/images\/illustrations\/header-block\/header-illustration-teal-a-full.svg\" alt=\"\" \/>\n                                            <\/div>\n                                    <\/div>\n\n    <\/div>\n<\/section>\n\n\n<section id=\"block-block_c91b17965b6254d38c665de069a05cfc\" class=\"adjudication-orders-and-tribunal-orders-listing-block rtb-block margin-top-xs margin-bottom-default\">\n    <div class=\"content\">\n\n        <div class=\"search-filters\">\n            <div class=\"container\">\n                <div class=\"filters\">\n                    <div class=\"search\">\n                        <div class=\"filter fade-in\">\n                            <label for=\"\">Keyword<\/label>\n                            <div class=\"facetwp-facet facetwp-facet-search facetwp-type-search\" data-name=\"search\" data-type=\"search\"><\/div>                        <\/div>\n                    <\/div>                    \n\n                    <div class=\"dropdowns\">\n                        <div class=\"filter fade-in\">\n                            <label for=\"\">Select year<\/label>\n                            <div class=\"facetwp-facet facetwp-facet-adjudication_orders_and_tribunal_orders_date facetwp-type-dropdown\" data-name=\"adjudication_orders_and_tribunal_orders_date\" data-type=\"dropdown\"><\/div>                        <\/div>\n                        <div class=\"filter fade-in\">\n                            <label for=\"\">Select Dispute type<\/label>\n                            <div class=\"facetwp-facet facetwp-facet-adjudication_and_tribunal_dispute_type facetwp-type-dropdown\" data-name=\"adjudication_and_tribunal_dispute_type\" data-type=\"dropdown\"><\/div>                        <\/div>\n                        <div class=\"filter fade-in\">\n                            <label for=\"\">Type<\/label>\n                            <div class=\"facetwp-facet facetwp-facet-adjudication_orders_and_tribunal_orders_post_type facetwp-type-dropdown\" data-name=\"adjudication_orders_and_tribunal_orders_post_type\" data-type=\"dropdown\"><\/div>                        <\/div>\n                    <\/div>\n                    <div class=\"footer\">\n                        <div class=\"facetwp-facet facetwp-facet-clear_all facetwp-type-reset\" data-name=\"clear_all\" data-type=\"reset\"><\/div>                        <button class=\"facetwp-submit button primary\">\n                            <span>Search<\/span>\n                        <\/button>\n                    <\/div>\n                <\/div>\n                <div class=\"info\">\n                    <h2 class=\"heading-s\">How to search<\/h2>                    <p>Search by the name of a party involved in a dispute, the type of dispute, case number or tribunal number.<\/p>\n<p>You can also filter by year, dispute type or type of order (the outcome of the dispute).<\/p>\n                <\/div>\n            <\/div>\n        <\/div>\n\n        <div class=\"listing is-hidden\">\n            <div class=\"container\">\n                <div class=\"total-results\">\n                    <span>Total results: <\/span>                    <span data-facetwp-total><\/span>\n                <\/div>\n                <div class=\"facetwp-template\" data-name=\"adjudication_orders_and_tribunal_orders_listing\">            <article class=\"adjudication-orders-and-tribunal-orders-item\">\n    \n    <div class=\"content\">\n\n        <div class=\"tags\">\n                            <span class=\"tag green\">DISPUTE OUTCOMES<\/span>\n                    <\/div>\n\n        <h3 class=\"heading-xs\">Applicant Landlord :  Cl\u00faid Housing Association  &#8211;  Respondent Tenant :  Tammy Lee Houlihan<\/h3>        \n        <hr>\n\n        <div class=\"info\">\n            \n                                               \n        <\/div>\n\n        <hr>\n\n        <div class=\"footer\">\n                        <div class=\"assets\">\n                \n                            <\/div>\n        <\/div>\n    <\/div>\n\n<\/article>            <article class=\"adjudication-orders-and-tribunal-orders-item\">\n    \n    <div class=\"content\">\n\n        <div class=\"tags\">\n                            <span class=\"tag green\">DISPUTE OUTCOMES<\/span>\n                    <\/div>\n\n        <h3 class=\"heading-xs\">Applicant Landlord :  David Clarke  &#8211;  Respondent Tenant :  Syed Zaidi<\/h3>        \n        <hr>\n\n        <div class=\"info\">\n            \n                                               \n        <\/div>\n\n        <hr>\n\n        <div class=\"footer\">\n                        <div class=\"assets\">\n                \n                            <\/div>\n        <\/div>\n    <\/div>\n\n<\/article>            <article class=\"adjudication-orders-and-tribunal-orders-item\">\n    \n    <div class=\"content\">\n\n        <div class=\"tags\">\n                            <span class=\"tag green\">DISPUTE OUTCOMES<\/span>\n                    <\/div>\n\n        <h3 class=\"heading-xs\">Applicant Tenant :  Abdirahman Mohamed  &#8211;  Respondent Landlord :  Nera Investment Ltd.<\/h3>        \n        <hr>\n\n        <div class=\"info\">\n            \n                                               \n        <\/div>\n\n        <hr>\n\n        <div class=\"footer\">\n                        <div class=\"assets\">\n                \n                            <\/div>\n        <\/div>\n    <\/div>\n\n<\/article>            <article class=\"adjudication-orders-and-tribunal-orders-item\">\n    \n    <div class=\"content\">\n\n        <div class=\"tags\">\n                            <span class=\"tag green\">DISPUTE OUTCOMES<\/span>\n                    <\/div>\n\n        <h3 class=\"heading-xs\">Applicant Landlord :  Irish Residential Properties REIT Plc  &#8211;  Respondent Tenants :  Hafiz Furqan;  Valeria Dankova<\/h3>        \n        <hr>\n\n        <div class=\"info\">\n            \n                                               \n        <\/div>\n\n        <hr>\n\n        <div class=\"footer\">\n                        <div class=\"assets\">\n                \n                            <\/div>\n        <\/div>\n    <\/div>\n\n<\/article>            <article class=\"adjudication-orders-and-tribunal-orders-item\">\n    \n    <div class=\"content\">\n\n        <div class=\"tags\">\n                            <span class=\"tag green\">DISPUTE OUTCOMES<\/span>\n                    <\/div>\n\n        <h3 class=\"heading-xs\">Applicant Landlords :  Michael Brennan;  Terri Brennan  &#8211;  Respondent Tenant :  Rostyslav Starukh<\/h3>        \n        <hr>\n\n        <div class=\"info\">\n            \n                                               \n        <\/div>\n\n        <hr>\n\n        <div class=\"footer\">\n                        <div class=\"assets\">\n                \n                            <\/div>\n        <\/div>\n    <\/div>\n\n<\/article>            <article class=\"adjudication-orders-and-tribunal-orders-item\">\n    \n    <div class=\"content\">\n\n        <div class=\"tags\">\n                            <span class=\"tag green\">DISPUTE OUTCOMES<\/span>\n                    <\/div>\n\n        <h3 class=\"heading-xs\">Applicant Landlord : David Fitzgerald (Deceased) rep. by Jean Fitzgerald  &#8211;  Respondent Tenants :  Sabina Yasmin;  Belayet Hassain<\/h3>        \n        <hr>\n\n        <div class=\"info\">\n            \n                                               \n        <\/div>\n\n        <hr>\n\n        <div class=\"footer\">\n                        <div class=\"assets\">\n                \n                            <\/div>\n        <\/div>\n    <\/div>\n\n<\/article>            <article class=\"adjudication-orders-and-tribunal-orders-item\">\n    \n    <div class=\"content\">\n\n        <div class=\"tags\">\n                            <span class=\"tag green\">DISPUTE OUTCOMES<\/span>\n                    <\/div>\n\n        <h3 class=\"heading-xs\">Applicant Landlord :  Phong Su  &#8211;  Respondent Tenant :  Tomasz Gierczycki<\/h3>        \n        <hr>\n\n        <div class=\"info\">\n            \n                                               \n        <\/div>\n\n        <hr>\n\n        <div class=\"footer\">\n                        <div class=\"assets\">\n                \n                            <\/div>\n        <\/div>\n    <\/div>\n\n<\/article>            <article class=\"adjudication-orders-and-tribunal-orders-item\">\n    \n    <div class=\"content\">\n\n        <div class=\"tags\">\n                            <span class=\"tag green\">DISPUTE OUTCOMES<\/span>\n                    <\/div>\n\n        <h3 class=\"heading-xs\">Applicant Tenants :  Roberto Cilli;  Theresa Marie Galido Cilli  &#8211;  Respondent Landlord :  Patricia McCarthy<\/h3>        \n        <hr>\n\n        <div class=\"info\">\n            \n                                               \n        <\/div>\n\n        <hr>\n\n        <div class=\"footer\">\n                        <div class=\"assets\">\n                \n                            <\/div>\n        <\/div>\n    <\/div>\n\n<\/article>            <article class=\"adjudication-orders-and-tribunal-orders-item\">\n    \n    <div class=\"content\">\n\n        <div class=\"tags\">\n                            <span class=\"tag green\">DISPUTE OUTCOMES<\/span>\n                    <\/div>\n\n        <h3 class=\"heading-xs\">Applicant Landlord :  Adrian Ryan  &#8211;  Respondent Tenants :  Kevin McGhee;  Lisa Mulryan<\/h3>        \n        <hr>\n\n        <div class=\"info\">\n            \n                                               \n        <\/div>\n\n        <hr>\n\n        <div class=\"footer\">\n                        <div class=\"assets\">\n                \n                            <\/div>\n        <\/div>\n    <\/div>\n\n<\/article>            <article class=\"adjudication-orders-and-tribunal-orders-item\">\n    \n    <div class=\"content\">\n\n        <div class=\"tags\">\n                            <span class=\"tag green\">DISPUTE OUTCOMES<\/span>\n                    <\/div>\n\n        <h3 class=\"heading-xs\">Applicant Landlord :  Arif Property 4 Ltd. Ptnrp.  &#8211;  Respondent Tenant :  Undrakh Purevsuren<\/h3>        \n        <hr>\n\n        <div class=\"info\">\n            \n                                               \n        <\/div>\n\n        <hr>\n\n        <div class=\"footer\">\n                        <div class=\"assets\">\n                \n                            <\/div>\n        <\/div>\n    <\/div>\n\n<\/article>    <\/div>            <\/div>\n        <\/div>\n\n        <div class=\"load-more is-hidden\">\n            <div class=\"facetwp-facet facetwp-facet-pager_numbers facetwp-type-pager\" data-name=\"pager_numbers\" data-type=\"pager\"><\/div>        <\/div>\n\n    <\/div>\n<\/section>\n","protected":false},"excerpt":{"rendered":"","protected":false},"author":6,"featured_media":0,"parent":946,"menu_order":2,"comment_status":"closed","ping_status":"closed","template":"","meta":{"_acf_changed":false,"inline_featured_image":false,"_relevanssi_hide_post":"","_relevanssi_hide_content":"","_relevanssi_pin_for_all":"","_relevanssi_pin_keywords":"","_relevanssi_unpin_keywords":"","_relevanssi_related_keywords":"","_relevanssi_related_include_ids":"","_relevanssi_related_exclude_ids":"","_relevanssi_related_no_append":"","_relevanssi_related_not_related":"","_relevanssi_related_posts":"1,1239","_relevanssi_noindex_reason":"","_trash_the_other_posts":false,"editor_notices":[],"footnotes":""},"class_list":["post-4421","page","type-page","status-publish","hentry"],"acf":[],"jetpack_sharing_enabled":true,"publishpress_future_action":{"enabled":false,"date":"2026-04-11 10:57:23","action":"change-status","newStatus":"draft","terms":[],"taxonomy":"","extraData":[]},"publishpress_future_workflow_manual_trigger":{"enabledWorkflows":[]},"_links":{"self":[{"href":"https:\/\/rtb.ie\/ga\/wp-json\/wp\/v2\/pages\/4421","targetHints":{"allow":["GET"]}}],"collection":[{"href":"https:\/\/rtb.ie\/ga\/wp-json\/wp\/v2\/pages"}],"about":[{"href":"https:\/\/rtb.ie\/ga\/wp-json\/wp\/v2\/types\/page"}],"author":[{"embeddable":true,"href":"https:\/\/rtb.ie\/ga\/wp-json\/wp\/v2\/users\/6"}],"replies":[{"embeddable":true,"href":"https:\/\/rtb.ie\/ga\/wp-json\/wp\/v2\/comments?post=4421"}],"version-history":[{"count":9,"href":"https:\/\/rtb.ie\/ga\/wp-json\/wp\/v2\/pages\/4421\/revisions"}],"predecessor-version":[{"id":50291,"href":"https:\/\/rtb.ie\/ga\/wp-json\/wp\/v2\/pages\/4421\/revisions\/50291"}],"up":[{"embeddable":true,"href":"https:\/\/rtb.ie\/ga\/wp-json\/wp\/v2\/pages\/946"}],"wp:attachment":[{"href":"https:\/\/rtb.ie\/ga\/wp-json\/wp\/v2\/media?parent=4421"}],"curies":[{"name":"wp","href":"https:\/\/api.w.org\/{rel}","templated":true}]}}