{"id":465,"date":"2025-04-24T13:20:39","date_gmt":"2025-04-24T13:20:39","guid":{"rendered":"https:\/\/rtb.ie\/ga\/?page_id=465"},"modified":"2025-11-19T12:26:14","modified_gmt":"2025-11-19T12:26:14","slug":"updating-registrations","status":"publish","type":"page","link":"https:\/\/rtb.ie\/ga\/register-tenancies\/register-a-tenancy\/updating-registrations\/","title":{"rendered":"Cl\u00e1r\u00fach\u00e1in a nuashonr\u00fa"},"content":{"rendered":"\n<div class=\"translation-notice no-print\">\n        <div class=\"inner container\">\n            <p><strong>Cuirfear aistri\u00fach\u00e1n ar f\u00e1il go luath<\/strong><\/p>\n            <p>\u00c1r leithsc\u00e9al as an m\u00edchaoithi\u00falacht. Cuirfear aistri\u00fach\u00e1n Gaeilge ar an leathanach seo ar f\u00e1il go luath. Go raibh maith agat as do chuid foighneachta agus muid ag obair ar leagan uasd\u00e1taithe.<\/p>\n        <\/div>\n    <\/div><section id=\"block-block_84b2fe50bbc7d7c0fabc9cde2ac69fe8\" class=\"header-block rtb-block colour-teal margin-top-none margin-bottom-default\">\n    <div class=\"container\">\n        <nav class=\"breadcrumbs\" aria-label=\"breadcrumb\">\n    <span property=\"itemListElement\" typeof=\"ListItem\"><a property=\"item\" typeof=\"WebPage\" title=\"Go to Bord um Tion\u00f3ntachta\u00ed C\u00f3naithe.\" href=\"https:\/\/rtb.ie\/ga\" class=\"home\" aria-current=\"page\"><span property=\"name\"><i class=\"rtb-home-icon\"><\/i><\/span><\/a><meta property=\"position\" content=\"1\"><\/span><i class=\"rtb-chevron\"><\/i><\/nav>\n        \n        <div class=\"wrapper\">\n            <div class=\"content\">\n                            \n                <h1 class=\"heading-xl\">Cl\u00e1r\u00fach\u00e1in a nuashonr\u00fa<\/h1>\n                                            <\/div>\n            <!-- Temporary image: Remove after migrating illustrations to the illustration_selection field -->\n            \n                                    <div class=\"illustration fade-up\" aria-hidden=\"true\">\n                                                    <img decoding=\"async\" src=\"https:\/\/rtb.ie\/ga\/wp-content\/themes\/rtb\/assets\/images\/illustrations\/header-block\/header-illustration-teal-a.svg\" alt=\"\" \/>\n                                            <\/div>\n                                    <\/div>\n\n    <\/div>\n<\/section>\n\n\n<section id=\"block-block_395f265ea28c8a41a0587a862919482e\" class=\"navigation-block container rtb-block margin-top-default margin-bottom-none\">\n    <div class=\"content\">\n        <header>\n                            <h2 class=\"heading-s\">Ar an leathanach seo<\/h2>                        <i class=\"rtb-arrow down\"><\/i>\n        <\/header>\n                    <nav class=\"navigation\">            \n                                    <ul>\n                                                                                    <li><a class=\"text-link\" href=\"#tenancy-registration\" target=\"\">Cathain nach m\u00f3r duit an cl\u00e1r\u00fa tion\u00f3ntachta a nuashonr\u00fa<\/a><\/li>\n                                                                                                                <li><a class=\"text-link\" href=\"#update-online\" target=\"\">Conas nuashonr\u00fa ar l\u00edne<\/a><\/li>\n                                                                                                                <li><a class=\"text-link\" href=\"#email-or-post\" target=\"\">Conas nuashonr\u00fa le r\u00edomhphost n\u00f3 tr\u00edd an bpost<\/a><\/li>\n                                                                                                                <li><a class=\"text-link\" href=\"#Confirmation\" target=\"\">Deimhni\u00fa nuashonruithe<\/a><\/li>\n                                                                        <\/ul>\n                                    <ul>\n                                                                                    <li><a class=\"text-link\" href=\"#fee-for-updating\" target=\"\">An bhfuil t\u00e1ille ann as mionsonra\u00ed tion\u00f3ntachta a nuashonr\u00fa?<\/a><\/li>\n                                                                        <\/ul>\n                            <\/nav>\n            <\/div>\n<\/section>\n\n\n<section id=\"tenancy-registration\" class=\"header-paragraph-block rtb-block  margin-top-default margin-bottom-xs\">\n\t<div class=\"container\">\n\t\t<div class=\"content\">\n\t\t\t<article class=\"cms-content\">\n\t\t\t\t\t\t\t\t\t<h2>Cathain nach m\u00f3r duit an cl\u00e1r\u00fa tion\u00f3ntachta a nuashonr\u00fa<\/h2>\n<p>N\u00ed m\u00f3r duit gach cl\u00e1r\u00fa tion\u00f3ntachta a nuashonr\u00fa sna c\u00e1sanna seo a leanas:<\/p>\n<ul>\n<li>M\u00e1 t\u00e1 athr\u00fa ar an m\u00e9id c\u00edosa ann: cuir in i\u00fal d\u00fainn laistigh de mh\u00ed amh\u00e1in \u00f3n uair a thagann an c\u00edos nua in \u00e9ifeacht.<\/li>\n<li>M\u00e1 t\u00e1 athr\u00fa ar an tion\u00f3nta\/na tion\u00f3nta\u00ed ann: m\u00e1s rud \u00e9 go bhfuil athr\u00fa tagtha ar roinnt tion\u00f3nta\u00ed ach go bhfuil duine amh\u00e1in ar a laghad de na tion\u00f3nta\u00ed bunaidh ag fanacht sa mhaoin, n\u00ed m\u00f3r duit an cl\u00e1r\u00fa a nuashonr\u00fa.<\/li>\n<li>M\u00e1 t\u00e1 athr\u00fa \u00fain\u00e9ireachta maoine ann:\u00a0m\u00e1s rud \u00e9 nach tusa an t-\u00fain\u00e9ir a thuilleadh ach go bhfuil duine amh\u00e1in ar a laghad de na tiarna\u00ed tal\u00fan bunaidh ann f\u00f3s, n\u00ed m\u00f3r duit an cl\u00e1r\u00fa a nuashonr\u00fa.<\/li>\n<li>M\u00e1 t\u00e1 athr\u00fa ar st\u00e1das c\u00edosa na maoine ann: mura bhfuil an mhaoin \u00e1 ligean ar c\u00edos agat a thuilleadh.<\/li>\n<li>\u00dain\u00e9ir nua maoine: m\u00e1 t\u00e1 \u00fain\u00e9ir nua ar an maoin.<\/li>\n<\/ul>\n<h3>Nithe t\u00e1bhachtacha at\u00e1 le tabhairt faoi deara<\/h3>\n<h4>Na tion\u00f3nta\u00ed bunaidh uile a bhaint<\/h4>\n<p>M\u00e1 bhaineann t\u00fa na tion\u00f3nta\u00ed bunaidh uile den chl\u00e1r\u00fa, cr\u00edochn\u00f3idh s\u00e9 go huathoibr\u00edoch. M\u00e1 bhogann tion\u00f3nta\u00ed nua isteach, beidh ort cl\u00e1r\u00fa tion\u00f3ntachta nua a chruth\u00fa. Chun \u00e9 sin a dh\u00e9anamh, roghnaigh an rogha \u2018Create a New Registration\u2019 ar leathanach baile do <a href=\"https:\/\/portal.rtb.ie\/\">chuntais cl\u00e1r\u00fach\u00e1in<\/a>.<\/p>\n<h4>\u00dain\u00e9ir nua maoine<\/h4>\n<p>M\u00e1 t\u00e1 \u00fain\u00e9ir nua ar an maoin, is g\u00e1 duit faisn\u00e9is bhreise a thabhairt d\u00fainn. D\u00e9an teagmh\u00e1il le <a href=\"mailto:registrations@rtb.ie\">registrations@rtb.ie<\/a> chun tuilleadh faisn\u00e9ise a fh\u00e1il.<\/p>\n<h4>Nuashonruithe ar dh\u00e1ta tosaithe na tion\u00f3ntachta<\/h4>\n<p>M\u00e1 thug t\u00fa d\u00e1ta tosaithe tion\u00f3ntachta m\u00edcheart nuair a chl\u00e1raigh t\u00fa, n\u00ed f\u00e9idir leat \u00e9 a athr\u00fa i do <a href=\"https:\/\/portal.rtb.ie\/\">chuntas cl\u00e1r\u00fach\u00e1in<\/a>.<\/p>\n<p>N\u00ed m\u00f3r duit ceart\u00fach\u00e1n a sheoladh chugainn i scr\u00edbhinn:<\/p>\n<ul>\n<li>Le r\u00edomhphost chuig: <a href=\"mailto:registrations@rtb.ie\">registrations@rtb.ie<\/a><\/li>\n<li>Tr\u00edd an bpost chuig: An Bord um Thion\u00f3ntachta\u00ed C\u00f3naithe, Bosca PO 47, Cloich na Coillte, Co. Chorca\u00ed.<\/li>\n<\/ul>\n\t\t\t\t\t\t\t<\/article>\n\t\t\t\t\t\t\t\t\t\t\t\t<aside class=\"related-content\" data-js=\"related-content\">\n\t\t\t\t\t\t<div class=\"wrapper\">\n\t\t\t\t\t\t\t\t\t\t\t\t\t\t\t<h2 class=\"\">\u00c1bhar gaolmhar<\/h2>\t\t\t\t\t\t\t\t\t\t\t\t\t\t<ul>\n\t\t\t\t\t\t\t\t\t\t\t\t\t\t\t\t\t\t\t\t\t\t\t\t\t\t\t\t\t\t\t\t\t\t\t\t\t\t<li><a class=\"text-link\" href=\"https:\/\/rtb.ie\/ga\/register-tenancies\/register-a-tenancy\/how-to-register\/\" target=\"\">Conas cl\u00e1r\u00fa<\/a><\/li>\n\t\t\t\t\t\t\t\t\t\t\t\t\t\t\t\t\t\t\t\t\t\t\t\t\t\t\t\t\t\t\t\t\t\t\t\t\t\t\t\t<li><a class=\"text-link\" href=\"https:\/\/rtb.ie\/ga\/register-tenancies\/registration-account-support\/managing-your-registrations\/\" target=\"\">Do chl\u00e1ruithe a bhainisti\u00fa<\/a><\/li>\n\t\t\t\t\t\t\t\t\t\t\t\t\t\t\t\t\t\t\t\t\t\t\t\t\t\t\t\t\t\t\t\t\t\t\t\t\t\t\t\t\t\t\t\t\t\t\t\t\t\t\t\t\t<\/ul>\n\t\t\t\t\t\t<\/div>\n\t\t\t\t\t<\/aside>\n\t\t\t\t\t\t\t\t\t<\/div>\n\t<\/div>\n<\/section>\n\n\n<section id=\"update-online\" class=\"header-paragraph-block rtb-block  margin-top-xs margin-bottom-xs\">\n\t<div class=\"container\">\n\t\t<div class=\"content\">\n\t\t\t<article class=\"cms-content\">\n\t\t\t\t\t\t\t\t\t<h2>Conas nuashonr\u00fa ar l\u00edne<\/h2>\n<p>Is \u00e9 an bealach is fusa chun do thion\u00f3ntacht a nuashonr\u00fa n\u00e1 ar l\u00edne tr\u00ed do <a href=\"https:\/\/portal.rtb.ie\/\">chuntas cl\u00e1r\u00fach\u00e1in<\/a>. Lean na c\u00e9imeanna th\u00edos chun an cl\u00e1r\u00fa tion\u00f3ntachta a nuashonr\u00fa:<\/p>\n<ol>\n<li>Log\u00e1il isteach i do <a href=\"https:\/\/portal.rtb.ie\/\">chuntas cl\u00e1r\u00fach\u00e1in<\/a>.<\/li>\n<li>T\u00e9igh chuig an rogha \u2018Renew Annual Registrations and Manage All Registrations\u2019 ar leathanach baile do chuntais cl\u00e1r\u00fach\u00e1in.<\/li>\n<li>Aimsigh an cl\u00e1r\u00fa tion\u00f3ntachta is mian leat a nuashonr\u00fa agus roghnaigh \u2018View\/Edit\u2019.<\/li>\n<li>Cuir mionsonra\u00ed do chl\u00e1r\u00fach\u00e1in tion\u00f3ntachta in eagar (mar shampla, an m\u00e9id c\u00edosa a athr\u00fa n\u00f3 tion\u00f3nta a chur leis n\u00f3 a bhaint).<\/li>\n<li>Chun deireadh a chur leis an tion\u00f3ntacht, roghnaigh an rogha \u2018End Tenancy\u2019 in aice le \u2018View\/Edit\u2019.<\/li>\n<li>S\u00e1bh\u00e1il d\u2019athruithe.<\/li>\n<\/ol>\n\t\t\t\t\t\t\t<\/article>\n\t\t\t\t\t<\/div>\n\t<\/div>\n<\/section>\n\n\n<section id=\"email-or-post\" class=\"header-paragraph-block rtb-block  margin-top-xs margin-bottom-xs\">\n\t<div class=\"container\">\n\t\t<div class=\"content\">\n\t\t\t<article class=\"cms-content\">\n\t\t\t\t\t\t\t\t\t<h2>Conas nuashonr\u00fa le r\u00edomhphost n\u00f3 tr\u00edd an bpost<\/h2>\n<p>C\u00e9 gurb \u00e9 nuashonr\u00fa a dh\u00e9anamh ar l\u00edne an modh is \u00e9ifeacht\u00fala, is f\u00e9idir leat do thion\u00f3ntacht a nuashonr\u00fa le r\u00edomhphost n\u00f3 tr\u00edd an bpost freisin.<\/p>\n\t\t\t\t\t\t\t<\/article>\n\t\t\t\t\t<\/div>\n\t<\/div>\n<\/section>\n\n\n<section id=\"block-block_913517580c238b18dc472b97873c9115\" class=\"header-paragraph-block rtb-block  margin-top-xs margin-bottom-xs\">\n\t<div class=\"container\">\n\t\t<div class=\"content\">\n\t\t\t<article class=\"cms-content\">\n\t\t\t\t\t\t\t\t\t<h3>Conas nuashonr\u00fa le r\u00edomhphost<\/h3>\n<ol>\n<li>\u00cdosl\u00f3d\u00e1il an <a href=\"https:\/\/rtb.ie\/ga\/wp-content\/uploads\/2025\/05\/Upload_-_RTB_form_Tenancy_Update_s139_30.03.2022.pdf\">Fhoirm Nuashonraithe Tion\u00f3ntachta<\/a>.<\/li>\n<li>Comhl\u00e1naigh an fhoirm agus s\u00e1bh\u00e1il \u00ed.<\/li>\n<li>Scan n\u00f3 t\u00f3g grianghraf den fhoirm chomhl\u00e1naithe.<\/li>\n<li>Seol an fhoirm chomhl\u00e1naithe chuig <a href=\"mailto:registrations@rtb.ie\">registrations@rtb.ie<\/a>.<\/li>\n<\/ol>\n\t\t\t\t\t\t\t<\/article>\n\t\t\t\t\t<\/div>\n\t<\/div>\n<\/section>\n\n\n<section id=\"block-block_1e7df3ca75e2416d6a0124d31de75942\" class=\"header-paragraph-block rtb-block  margin-top-xs margin-bottom-xs\">\n\t<div class=\"container\">\n\t\t<div class=\"content\">\n\t\t\t<article class=\"cms-content\">\n\t\t\t\t\t\t\t\t\t<h3>Conas nuashonr\u00fa tr\u00edd an bpost<\/h3>\n<ol>\n<li>\u00cdosl\u00f3d\u00e1il an <a href=\"https:\/\/rtb.ie\/ga\/wp-content\/uploads\/2025\/05\/Upload_-_RTB_form_Tenancy_Update_s139_30.03.2022.pdf\">Fhoirm Nuashonraithe Tion\u00f3ntachta<\/a>.<\/li>\n<li>Comhl\u00e1naigh an fhoirm agus s\u00e1bh\u00e1il \u00ed.<\/li>\n<li>Priont\u00e1il an fhoirm chomhl\u00e1naithe agus seol \u00ed tr\u00edd an bpost chuig: An Bord um Thion\u00f3ntachta\u00ed C\u00f3naithe, Bosca PO 47, Cloich na Coillte, Co. Chorca\u00ed.<\/li>\n<\/ol>\n\t\t\t\t\t\t\t<\/article>\n\t\t\t\t\t<\/div>\n\t<\/div>\n<\/section>\n\n\n<section id=\"Confirmation\" class=\"header-paragraph-block rtb-block  margin-top-xs margin-bottom-xs\">\n\t<div class=\"container\">\n\t\t<div class=\"content\">\n\t\t\t<article class=\"cms-content\">\n\t\t\t\t\t\t\t\t\t<h3>Deimhni\u00fa nuashonruithe<\/h3>\n<h3>Nuashonraigh t\u00fa ar l\u00edne<\/h3>\n<p>Tar \u00e9is duit d\u2019athruithe a sh\u00e1bh\u00e1il i do <a href=\"http:\/\/portal.rtb.ie\/\">chuntas cl\u00e1r\u00fach\u00e1in le RTB<\/a>, gheobhaidh t\u00fa deimhni\u00fa maidir leis an nuashonr\u00fa sa rann\u00e1n \u2018My Messages\u2019 de do chuntas. Gheobhaidh na tiarna\u00ed tal\u00fan agus na tion\u00f3nta\u00ed uile at\u00e1 liostaithe ar an gcl\u00e1r\u00fa tion\u00f3ntachta deimhni\u00fa maidir le haon nuashonruithe a rinneadh.<\/p>\n<h3>Nuashonraigh t\u00fa le r\u00edomhphost n\u00f3 tr\u00edd an bpost<\/h3>\n<p>&nbsp;<\/p>\n\t\t\t\t\t\t\t<\/article>\n\t\t\t\t\t<\/div>\n\t<\/div>\n<\/section>\n\n\n<section id=\"fee-for-updating\" class=\"header-paragraph-block rtb-block  margin-top-xs margin-bottom-default\">\n\t<div class=\"container\">\n\t\t<div class=\"content\">\n\t\t\t<article class=\"cms-content\">\n\t\t\t\t\t\t\t\t\t<h2>An bhfuil t\u00e1ille ann as mionsonra\u00ed tion\u00f3ntachta a nuashonr\u00fa?<\/h2>\n<p>N\u00edl aon t\u00e1ille ann as na mionsonra\u00ed tion\u00f3ntachta a nuashonr\u00fa, chomh fada agus at\u00e1 tion\u00f3nta bunaidh amh\u00e1in ar a laghad f\u00f3s ina c(h)\u00f3na\u00ed ann. Faigh tuilleadh faisn\u00e9ise maidir le\u00a0<a href=\"https:\/\/rtb.ie\/ga\/register-tenancies\/register-a-tenancy\/registration-fees\/\">t\u00e1ill\u00ed cl\u00e1r\u00fach\u00e1in<\/a>.<\/p>\n<p>&nbsp;<\/p>\n\t\t\t\t\t\t\t<\/article>\n\t\t\t\t\t<\/div>\n\t<\/div>\n<\/section>","protected":false},"excerpt":{"rendered":"","protected":false},"author":11,"featured_media":0,"parent":168,"menu_order":4,"comment_status":"closed","ping_status":"closed","template":"","meta":{"_acf_changed":false,"inline_featured_image":false,"_relevanssi_hide_post":"","_relevanssi_hide_content":"","_relevanssi_pin_for_all":"","_relevanssi_pin_keywords":"","_relevanssi_unpin_keywords":"","_relevanssi_related_keywords":"","_relevanssi_related_include_ids":"","_relevanssi_related_exclude_ids":"","_relevanssi_related_no_append":"","_relevanssi_related_not_related":"","_relevanssi_related_posts":"","_relevanssi_noindex_reason":"","_trash_the_other_posts":false,"editor_notices":[],"footnotes":""},"class_list":["post-465","page","type-page","status-publish","hentry"],"acf":[],"jetpack_sharing_enabled":true,"publishpress_future_action":{"enabled":false,"date":"2026-04-29 09:50:57","action":"change-status","newStatus":"draft","terms":[],"taxonomy":"","extraData":[]},"publishpress_future_workflow_manual_trigger":{"enabledWorkflows":[]},"_links":{"self":[{"href":"https:\/\/rtb.ie\/ga\/wp-json\/wp\/v2\/pages\/465","targetHints":{"allow":["GET"]}}],"collection":[{"href":"https:\/\/rtb.ie\/ga\/wp-json\/wp\/v2\/pages"}],"about":[{"href":"https:\/\/rtb.ie\/ga\/wp-json\/wp\/v2\/types\/page"}],"author":[{"embeddable":true,"href":"https:\/\/rtb.ie\/ga\/wp-json\/wp\/v2\/users\/11"}],"replies":[{"embeddable":true,"href":"https:\/\/rtb.ie\/ga\/wp-json\/wp\/v2\/comments?post=465"}],"version-history":[{"count":22,"href":"https:\/\/rtb.ie\/ga\/wp-json\/wp\/v2\/pages\/465\/revisions"}],"predecessor-version":[{"id":53350,"href":"https:\/\/rtb.ie\/ga\/wp-json\/wp\/v2\/pages\/465\/revisions\/53350"}],"up":[{"embeddable":true,"href":"https:\/\/rtb.ie\/ga\/wp-json\/wp\/v2\/pages\/168"}],"wp:attachment":[{"href":"https:\/\/rtb.ie\/ga\/wp-json\/wp\/v2\/media?parent=465"}],"curies":[{"name":"wp","href":"https:\/\/api.w.org\/{rel}","templated":true}]}}