{"id":469,"date":"2025-04-24T13:28:12","date_gmt":"2025-04-24T13:28:12","guid":{"rendered":"https:\/\/rtb.ie\/ga\/?page_id=469"},"modified":"2025-11-19T12:43:22","modified_gmt":"2025-11-19T12:43:22","slug":"registration-fees","status":"publish","type":"page","link":"https:\/\/rtb.ie\/ga\/register-tenancies\/register-a-tenancy\/registration-fees\/","title":{"rendered":"T\u00e1ill\u00ed cl\u00e1r\u00fach\u00e1in"},"content":{"rendered":"\n<div class=\"translation-notice no-print\">\n        <div class=\"inner container\">\n            <p><strong>Cuirfear aistri\u00fach\u00e1n ar f\u00e1il go luath<\/strong><\/p>\n            <p>\u00c1r leithsc\u00e9al as an m\u00edchaoithi\u00falacht. Cuirfear aistri\u00fach\u00e1n Gaeilge ar an leathanach seo ar f\u00e1il go luath. Go raibh maith agat as do chuid foighneachta agus muid ag obair ar leagan uasd\u00e1taithe.<\/p>\n        <\/div>\n    <\/div><section id=\"block-block_212dc8c677a40b24aaee70b0ecb8441e\" class=\"header-block rtb-block colour-teal margin-top-none margin-bottom-default\">\n    <div class=\"container\">\n        <nav class=\"breadcrumbs\" aria-label=\"breadcrumb\">\n    <span property=\"itemListElement\" typeof=\"ListItem\"><a property=\"item\" typeof=\"WebPage\" title=\"Go to Bord um Tion\u00f3ntachta\u00ed C\u00f3naithe.\" href=\"https:\/\/rtb.ie\/ga\" class=\"home\" aria-current=\"page\"><span property=\"name\"><i class=\"rtb-home-icon\"><\/i><\/span><\/a><meta property=\"position\" content=\"1\"><\/span><i class=\"rtb-chevron\"><\/i><\/nav>\n        \n        <div class=\"wrapper\">\n            <div class=\"content\">\n                            \n                <h1 class=\"heading-xl\">T\u00e1ill\u00ed cl\u00e1r\u00fach\u00e1in<\/h1>\n                                            <\/div>\n            <!-- Temporary image: Remove after migrating illustrations to the illustration_selection field -->\n            \n                                    <div class=\"illustration fade-up\" aria-hidden=\"true\">\n                                                    <img decoding=\"async\" src=\"https:\/\/rtb.ie\/ga\/wp-content\/themes\/rtb\/assets\/images\/illustrations\/header-block\/header-illustration-teal-a.svg\" alt=\"\" \/>\n                                            <\/div>\n                                    <\/div>\n\n    <\/div>\n<\/section>\n\n\n<section id=\"block-block_a43dc7ac921553626bb4e9bfd79fc736\" class=\"navigation-block container rtb-block margin-top-xs margin-bottom-xs\">\n    <div class=\"content\">\n        <header>\n                            <h2 class=\"heading-s\">Ar an leathanach seo<\/h2>                        <i class=\"rtb-arrow down\"><\/i>\n        <\/header>\n                    <nav class=\"navigation\">            \n                                    <ul>\n                                                                                    <li><a class=\"text-link\" href=\"#cost\" target=\"\">C\u00e1 mh\u00e9ad a chosna\u00edonn s\u00e9 chun tion\u00f3ntacht a chl\u00e1r\u00fa?<\/a><\/li>\n                                                                                                                <li><a class=\"text-link\" href=\"#private\" target=\"\">T\u00e1ill\u00ed cl\u00e1r\u00fach\u00e1in le haghaidh tion\u00f3ntachta\u00ed pr\u00edobh\u00e1ideacha, tion\u00f3ntachta\u00ed i leith c\u00f3ir\u00edocht at\u00e1 sonrach do mhic l\u00e9inn, agus tion\u00f3ntachta\u00ed ar c\u00edos de r\u00e9ir costais<\/a><\/li>\n                                                                                                                <li><a class=\"text-link\" href=\"#AHB\" target=\"\">T\u00e1ill\u00ed cl\u00e1r\u00fach\u00e1in i gc\u00e1s Comhlachta\u00ed Tith\u00edochta Ceadaithe<\/a><\/li>\n                                                                                                                <li><a class=\"text-link\" href=\"#late\" target=\"\">T\u00e1ill\u00ed d\u00e9anacha<\/a><\/li>\n                                                                        <\/ul>\n                                    <ul>\n                                                                                    <li><a class=\"text-link\" href=\"#exemption\" target=\"\">D\u00edol\u00faine \u00f3 th\u00e1ill\u00ed cl\u00e1r\u00fach\u00e1in bhliant\u00fail<\/a><\/li>\n                                                                        <\/ul>\n                            <\/nav>\n            <\/div>\n<\/section>\n\n\n<section id=\"cost\" class=\"header-paragraph-block rtb-block  margin-top-default margin-bottom-xs\">\n\t<div class=\"container\">\n\t\t<div class=\"content\">\n\t\t\t<article class=\"cms-content\">\n\t\t\t\t\t\t\t\t\t<h2>C\u00e1 mh\u00e9ad a chosna\u00edonn s\u00e9 chun tion\u00f3ntacht a chl\u00e1r\u00fa?<\/h2>\n<p>T\u00e1 na t\u00e1ill\u00ed ar thion\u00f3ntacht a chl\u00e1r\u00fa difri\u00fail ag brath ar an gcine\u00e1l tion\u00f3ntachta. T\u00e1 roinnt tion\u00f3ntachta\u00ed d\u00edolmhaithe \u00f3 th\u00e1ill\u00ed cl\u00e1r\u00fach\u00e1in bhliant\u00fail. T\u00e1 miondeal\u00fa tugtha th\u00edos ar na t\u00e1ill\u00ed i gc\u00e1s cine\u00e1lacha difri\u00fala tion\u00f3ntachta.<\/p>\n<p>T\u00e1bla achoimre ar th\u00e1ill\u00ed chl\u00e1r\u00fach\u00e1in<\/p>\n<table>\n<tbody>\n<tr>\n<td>\n<table width=\"663\">\n<tbody>\n<tr>\n<td>Cine\u00e1l tion\u00f3ntachta<\/td>\n<\/tr>\n<\/tbody>\n<\/table>\n<\/td>\n<td>\n<table width=\"663\">\n<tbody>\n<tr>\n<td>T\u00e1ille chaighde\u00e1nach<\/td>\n<\/tr>\n<\/tbody>\n<\/table>\n<\/td>\n<td>\n<table width=\"663\">\n<tbody>\n<tr>\n<td>T\u00e1ille dh\u00e9anach (in aghaidh na m\u00edosa)<\/td>\n<\/tr>\n<\/tbody>\n<\/table>\n<\/td>\n<td>\n<table width=\"663\">\n<tbody>\n<tr>\n<td>T\u00e1ille ilchodach (10 maoin n\u00f3 n\u00edos m\u00f3)<\/td>\n<\/tr>\n<\/tbody>\n<\/table>\n<\/td>\n<td>\n<table width=\"663\">\n<tbody>\n<tr>\n<td>Roinnt athruithe i dtr\u00e9imhse 12 mh\u00ed<\/td>\n<\/tr>\n<\/tbody>\n<\/table>\n<\/td>\n<\/tr>\n<tr>\n<td>\n<table width=\"663\">\n<tbody>\n<tr>\n<td>Tion\u00f3ntacht phr\u00edobh\u00e1ideach, tion\u00f3ntacht i leith c\u00f3ir\u00edocht at\u00e1 sonrach do mhic l\u00e9inn, agus tion\u00f3ntacht ar c\u00edos de r\u00e9ir costais<\/td>\n<\/tr>\n<\/tbody>\n<\/table>\n<\/td>\n<td>\u20ac40<\/td>\n<td>\u20ac10<\/td>\n<td>\u20ac170<\/td>\n<td>\n<table width=\"663\">\n<tbody>\n<tr>\n<td>Gan aon t\u00e1ille le haghaidh an dara cl\u00e1r\u00fa n\u00e1 le haghaidh cl\u00e1ruithe breise<\/td>\n<\/tr>\n<\/tbody>\n<\/table>\n<\/td>\n<\/tr>\n<tr>\n<td>\n<table width=\"663\">\n<tbody>\n<tr>\n<td>Comhlachta\u00ed Tith\u00edochta Ceadaithe<\/td>\n<\/tr>\n<\/tbody>\n<\/table>\n<\/td>\n<td>\u20ac20<\/td>\n<td>\u20ac5<\/td>\n<td>\u20ac85<\/td>\n<td>\n<table width=\"663\">\n<tbody>\n<tr>\n<td>Gan aon t\u00e1ille le haghaidh an dara cl\u00e1r\u00fa n\u00e1 le haghaidh cl\u00e1ruithe breise<\/td>\n<\/tr>\n<\/tbody>\n<\/table>\n<\/td>\n<\/tr>\n<\/tbody>\n<\/table>\n<h3>N\u00f3ta\u00ed t\u00e1bhachtacha<\/h3>\n<p>T\u00e1 rialacha difri\u00fala i bhfeidhm maidir le tion\u00f3ntachta\u00ed Chuid 4 Breise a athnuadh roimh an 4 Aibre\u00e1n 2022.<\/p>\n<p>L\u00e9igh na mionsonra\u00ed agus na coinn\u00edollacha ioml\u00e1na th\u00edos, le do thoil.<\/p>\n\t\t\t\t\t\t\t<\/article>\n\t\t\t\t\t\t\t\t\t\t\t\t<aside class=\"related-content\" data-js=\"related-content\">\n\t\t\t\t\t\t<div class=\"wrapper\">\n\t\t\t\t\t\t\t\t\t\t\t\t\t\t\t<h2 class=\"\">\u00c1bhar gaolmhar<\/h2>\t\t\t\t\t\t\t\t\t\t\t\t\t\t<ul>\n\t\t\t\t\t\t\t\t\t\t\t\t\t\t\t\t\t\t\t\t\t\t\t\t\t\t\t\t\t\t\t\t\t\t\t\t\t\t<li><a class=\"text-link\" href=\"https:\/\/rtb.ie\/ga\/register-tenancies\/register-a-tenancy\/how-to-register\/\" target=\"\">Conas cl\u00e1r\u00fa<\/a><\/li>\n\t\t\t\t\t\t\t\t\t\t\t\t\t\t\t\t\t\t\t\t\t\t\t\t\t\t\t\t\t\t\t\t\t\t\t\t\t\t\t\t<li><a class=\"text-link\" href=\"https:\/\/rtb.ie\/ga\/register-tenancies\/register-a-tenancy\/who-should-register\/\" target=\"\">C\u00e9 hiad na daoine ar cheart d\u00f3ibh cl\u00e1r\u00fa?<\/a><\/li>\n\t\t\t\t\t\t\t\t\t\t\t\t\t\t\t\t\t\t\t\t\t\t\t\t\t\t\t\t\t\t\t\t\t\t\t\t\t\t\t\t<li><a class=\"text-link\" href=\"https:\/\/rtb.ie\/ga\/register-tenancies\/register-a-tenancy\/updating-registrations\/\" target=\"\">Cl\u00e1ruithe a nuashonr\u00fa<\/a><\/li>\n\t\t\t\t\t\t\t\t\t\t\t\t\t\t\t\t\t\t\t\t\t\t\t\t\t\t\t\t\t\t\t\t\t\t\t\t\t\t\t\t<li><a class=\"text-link\" href=\"https:\/\/rtb.ie\/ga\/register-tenancies\/register-a-tenancy\/consequences-of-not-registering\/\" target=\"\">Iarmhairt\u00ed a ghabhann le gan cl\u00e1r\u00fa<\/a><\/li>\n\t\t\t\t\t\t\t\t\t\t\t\t\t\t\t\t\t\t\t\t\t\t\t\t\t\t\t\t\t\t\t\t\t\t<\/ul>\n\t\t\t\t\t\t<\/div>\n\t\t\t\t\t<\/aside>\n\t\t\t\t\t\t\t\t\t<\/div>\n\t<\/div>\n<\/section>\n\n\n\n\n\n<section id=\"private\" class=\"header-paragraph-block rtb-block  margin-top-xs margin-bottom-xs\">\n\t<div class=\"container\">\n\t\t<div class=\"content\">\n\t\t\t<article class=\"cms-content\">\n\t\t\t\t\t\t\t\t\t<h2>T\u00e1ill\u00ed cl\u00e1r\u00fach\u00e1in le haghaidh tion\u00f3ntachta\u00ed pr\u00edobh\u00e1ideacha, tion\u00f3ntachta\u00ed i leith c\u00f3ir\u00edocht at\u00e1 sonrach do mhic l\u00e9inn, agus tion\u00f3ntachta\u00ed ar c\u00edos de r\u00e9ir costais<\/h2>\n<h3>T\u00e1ille chaighde\u00e1nach<\/h3>\n<p>Is \u00e9 \u20ac40 in aghaidh na bliana an t\u00e1ille chaighde\u00e1nach ar chl\u00e1r\u00fa. Beidh feidhm aige sin a luaithe a bheidh d\u2019iarratas curtha i gcr\u00edch laistigh de mh\u00ed amh\u00e1in \u00f3 th\u00fas na tion\u00f3ntachta. T\u00e1 t\u00e1ille dh\u00e9anach is ionann agus \u20ac10 in aghaidh na m\u00edosa ann i leith gach m\u00edosa at\u00e1 an cl\u00e1r\u00fa d\u00e9anach.<\/p>\n<h3>Cl\u00e1r\u00fa ilchodach<\/h3>\n<p>M\u00e1 t\u00e1 t\u00fa ag cl\u00e1r\u00fa suas le 10 dtion\u00f3ntacht san aon fhoirgneamh amh\u00e1in ag an aon am amh\u00e1in, f\u00e9adfaidh t\u00fa t\u00e1ille chomhcheangailte \u20ac170 a \u00edoc, m\u00e1 chl\u00e1ra\u00edonn t\u00fa in am.<\/p>\n<h3>An dara cl\u00e1r\u00fa n\u00f3 n\u00edos m\u00f3 cl\u00e1ruithe san aon tr\u00e9imhse 12 mh\u00ed amh\u00e1in<\/h3>\n<p>M\u00e1 tharla\u00edonn roinnt athruithe laistigh de thr\u00e9imhse 12 mh\u00ed, n\u00ed g\u00e1 duit aon t\u00e1ille bhreise a \u00edoc as an dara cl\u00e1r\u00fa n\u00e1 as aon chl\u00e1ruithe breise. N\u00ed bheidh feidhm aige sin ach amh\u00e1in m\u00e1 sheolann t\u00fa an cl\u00e1r\u00fa laistigh de mh\u00ed amh\u00e1in \u00f3 dh\u00e1ta tosaithe na tion\u00f3ntachta nua.<\/p>\n\t\t\t\t\t\t\t<\/article>\n\t\t\t\t\t<\/div>\n\t<\/div>\n<\/section>\n\n\n<section id=\"AHB\" class=\"header-paragraph-block rtb-block  margin-top-xs margin-bottom-xs\">\n\t<div class=\"container\">\n\t\t<div class=\"content\">\n\t\t\t<article class=\"cms-content\">\n\t\t\t\t\t\t\t\t\t<h2>T\u00e1ill\u00ed cl\u00e1r\u00fach\u00e1in i gc\u00e1s Comhlachta\u00ed Tith\u00edochta Ceadaithe<\/h2>\n<h3>T\u00e1ille chaighde\u00e1nach<\/h3>\n<p>Is \u00e9 \u20ac20 in aghaidh na bliana an t\u00e1ille chaighde\u00e1nach ar chl\u00e1r\u00fa. Beidh feidhm aige sin a luaithe a bheidh d\u2019iarratas curtha i gcr\u00edch laistigh de mh\u00ed amh\u00e1in \u00f3 th\u00fas na tion\u00f3ntachta. T\u00e1 t\u00e1ille dh\u00e9anach is ionann agus \u20ac5 in aghaidh na m\u00edosa ann i leith gach m\u00edosa at\u00e1 an cl\u00e1r\u00fa d\u00e9anach.<\/p>\n<h3>Cl\u00e1r\u00fa ilchodach<\/h3>\n<p>M\u00e1 t\u00e1 t\u00fa ag cl\u00e1r\u00fa suas le 10 dtion\u00f3ntacht san aon fhoirgneamh amh\u00e1in ag an aon am amh\u00e1in, f\u00e9adfaidh t\u00fa t\u00e1ille chomhcheangailte \u20ac85 a \u00edoc, m\u00e1 chl\u00e1ra\u00edonn t\u00fa in am.<\/p>\n<h3>An dara cl\u00e1r\u00fa n\u00f3 n\u00edos m\u00f3 cl\u00e1ruithe san aon tr\u00e9imhse 12 mh\u00ed amh\u00e1in<\/h3>\n<p>M\u00e1 tharla\u00edonn roinnt athruithe laistigh de thr\u00e9imhse 12 mh\u00ed, n\u00ed g\u00e1 duit aon t\u00e1ille bhreise a \u00edoc as an dara cl\u00e1r\u00fa n\u00e1 as aon chl\u00e1ruithe breise. N\u00ed bheidh feidhm aige sin ach amh\u00e1in m\u00e1 sheolann t\u00fa an cl\u00e1r\u00fa laistigh de mh\u00ed amh\u00e1in \u00f3 dh\u00e1ta tosaithe na tion\u00f3ntachta nua.<\/p>\n\t\t\t\t\t\t\t<\/article>\n\t\t\t\t\t<\/div>\n\t<\/div>\n<\/section>\n\n\n<section id=\"Late\" class=\"header-paragraph-block rtb-block  margin-top-xs margin-bottom-xs\">\n\t<div class=\"container\">\n\t\t<div class=\"content\">\n\t\t\t<article class=\"cms-content\">\n\t\t\t\t\t\t\t\t\t<h2>T\u00e1ill\u00ed d\u00e9anacha<\/h2>\n<p>M\u00e1 t\u00e1 t\u00fa ag cl\u00e1r\u00fa tion\u00f3ntachta go d\u00e9anach, beidh feidhm ag t\u00e1ill\u00ed d\u00e9anacha i leith gach m\u00edosa, n\u00f3 i leith gach cuid de mh\u00ed, a bhfuil an cl\u00e1r\u00fa d\u00e9anach ar a bhfeadh.<\/p>\n<p>Le h\u00e9ifeacht \u00f3n 1 M\u00e1rta 2024 i leith, thosa\u00edomar ag gearradh t\u00e1ill\u00ed d\u00e9anacha ar\u00eds as cl\u00e1ruithe d\u00e9anacha tion\u00f3ntachta tar \u00e9is sos sealadach mar gheall ar fhadhbanna teicni\u00fala le c\u00f3ras cl\u00e1r\u00fach\u00e1in tion\u00f3ntachta ar l\u00edne RTB.<\/p>\n<p>M\u00e1s rud \u00e9 gur thosaigh do thion\u00f3ntacht an 1 M\u00e1rta 2024 n\u00f3 tar \u00e9is an d\u00e1ta sin agus go bhfuil t\u00fa ag cl\u00e1r\u00fa go d\u00e9anach, beidh t\u00e1ill\u00ed d\u00e9anacha i bhfeidhm.<\/p>\n<p>N\u00ed chuirfimid t\u00e1ill\u00ed d\u00e9anacha i bhfeidhm go c\u00falghabh\u00e1lach don tr\u00e9imhse a cuireadh ar sos iad go sealadach \u00f3n 12 Samhain 2022 go dt\u00ed an 1 M\u00e1rta 2024.<\/p>\n\t\t\t\t\t\t\t<\/article>\n\t\t\t\t\t<\/div>\n\t<\/div>\n<\/section>\n\n\n<section id=\"exemption\" class=\"header-paragraph-block rtb-block  margin-top-xs margin-bottom-default\">\n\t<div class=\"container\">\n\t\t<div class=\"content\">\n\t\t\t<article class=\"cms-content\">\n\t\t\t\t\t\t\t\t\t<h2>D\u00edol\u00faine \u00f3 th\u00e1ill\u00ed cl\u00e1r\u00fach\u00e1in bhliant\u00fail<\/h2>\n<p>T\u00e1 roinnt tion\u00f3ntachta\u00ed Chuid 4 Breise d\u00edolmhaithe f\u00f3s \u00f3 th\u00e1ill\u00ed cl\u00e1r\u00fach\u00e1in bhliant\u00fail.<\/p>\n<h4>Cad is tion\u00f3ntacht Chuid 4 Bhreise ann?<\/h4>\n<p>Roimh chl\u00e1r\u00fa bliant\u00fail, mhair tion\u00f3ntachta\u00ed a bh\u00ed cl\u00e1raithe le RTB:<\/p>\n<ul>\n<li>4 bliana m\u00e1 thosaigh siad roimh an 24 Nollaig 2016<\/li>\n<li>6 bliana m\u00e1 thosaigh siad an 24 Nollaig 2016 n\u00f3 tar \u00e9is an d\u00e1ta sin<\/li>\n<\/ul>\n<p>Tar \u00e9is na ch\u00e9ad s\u00e9 mh\u00ed, tugadh tion\u00f3ntacht Chuid 4 ar an tion\u00f3ntacht. M\u00e1 bh\u00ed an tion\u00f3ntacht gn\u00edomhach f\u00f3s ag deireadh a timthrialla ceithre bliana n\u00f3 s\u00e9 bliana, bh\u00ed ar an tiarna tal\u00fan an cl\u00e1r\u00fa a athnuachan. Tugtar Tion\u00f3ntacht Chuid 4 Bhreise ar an tion\u00f3ntacht athnuaite sin.<\/p>\n<h3>Tarscaoileadh t\u00e1ill\u00ed thion\u00f3ntacht Chuid 4 Bhreise<\/h3>\n<p>M\u00e1s rud \u00e9 gur athnuaigh t\u00fa tion\u00f3ntacht Chuid 4 Bhreise sular thosaigh cl\u00e1r\u00fa bliant\u00fail an 4 Aibre\u00e1n 2022, n\u00ed g\u00e1 duit t\u00e1ill\u00ed cl\u00e1r\u00fach\u00e1in a \u00edoc as an am at\u00e1 f\u00e1gtha ar thion\u00f3ntacht Chuid 4 Bhreise. N\u00edl feidhm aige sin ach amh\u00e1in maidir le tion\u00f3ntachta\u00ed a raibh d\u00e1ta tosaithe bunaidh acu roimh an 24 Nollaig 2016.<\/p>\n<p>N\u00ed m\u00f3r duit an tion\u00f3ntacht a chl\u00e1r\u00fa ar bhonn bliant\u00fail f\u00f3s, fi\u00fa m\u00e1 t\u00e1 tarscaoileadh t\u00e1ill\u00ed agat.<\/p>\n<h3>Sampla de tharscaoileadh sealadach t\u00e1ill\u00ed<\/h3>\n<p>T\u00e1 tion\u00f3ntacht Chuid 4 Bhreise a bhfuil 2 bhliain f\u00e1gtha uirthi agat. N\u00ed g\u00e1 duit t\u00e1ill\u00ed cl\u00e1r\u00fach\u00e1in bhliant\u00fail a \u00edoc i leith an 2 bhliain sin. N\u00ed m\u00f3r duit <a href=\"https:\/\/rtb.ie\/ga\/register-tenancies\/register-a-tenancy\/when-to-register\/\">an tion\u00f3ntacht a chl\u00e1r\u00fa ar bhonn bliant\u00fail<\/a> f\u00f3s.<\/p>\n<h3>An dl\u00ed lena gcumhda\u00edtear an tarscaoileadh sealadach t\u00e1ill\u00ed cl\u00e1r\u00fach\u00e1in<\/h3>\n<p>T\u00e1 an tarscaoileadh sealadach t\u00e1ill\u00ed cl\u00e1r\u00fach\u00e1in bhliant\u00fail leagtha amach san\u202f<a href=\"https:\/\/www.irishstatutebook.ie\/eli\/2021\/act\/39\/enacted\/en\/print.html\">Acht um Thion\u00f3ntachta\u00ed C\u00f3naithe (Leas\u00fa), 2021<\/a>.<\/p>\n\t\t\t\t\t\t\t<\/article>\n\t\t\t\t\t<\/div>\n\t<\/div>\n<\/section>","protected":false},"excerpt":{"rendered":"","protected":false},"author":11,"featured_media":0,"parent":168,"menu_order":5,"comment_status":"closed","ping_status":"closed","template":"","meta":{"_acf_changed":false,"inline_featured_image":false,"_relevanssi_hide_post":"","_relevanssi_hide_content":"","_relevanssi_pin_for_all":"","_relevanssi_pin_keywords":"","_relevanssi_unpin_keywords":"","_relevanssi_related_keywords":"","_relevanssi_related_include_ids":"","_relevanssi_related_exclude_ids":"","_relevanssi_related_no_append":"","_relevanssi_related_not_related":"","_relevanssi_related_posts":"1239,1","_relevanssi_noindex_reason":"","_trash_the_other_posts":false,"editor_notices":[],"footnotes":""},"class_list":["post-469","page","type-page","status-publish","hentry"],"acf":[],"jetpack_sharing_enabled":true,"publishpress_future_action":{"enabled":false,"date":"2026-04-29 08:48:41","action":"change-status","newStatus":"draft","terms":[],"taxonomy":"","extraData":[]},"publishpress_future_workflow_manual_trigger":{"enabledWorkflows":[]},"_links":{"self":[{"href":"https:\/\/rtb.ie\/ga\/wp-json\/wp\/v2\/pages\/469","targetHints":{"allow":["GET"]}}],"collection":[{"href":"https:\/\/rtb.ie\/ga\/wp-json\/wp\/v2\/pages"}],"about":[{"href":"https:\/\/rtb.ie\/ga\/wp-json\/wp\/v2\/types\/page"}],"author":[{"embeddable":true,"href":"https:\/\/rtb.ie\/ga\/wp-json\/wp\/v2\/users\/11"}],"replies":[{"embeddable":true,"href":"https:\/\/rtb.ie\/ga\/wp-json\/wp\/v2\/comments?post=469"}],"version-history":[{"count":20,"href":"https:\/\/rtb.ie\/ga\/wp-json\/wp\/v2\/pages\/469\/revisions"}],"predecessor-version":[{"id":53352,"href":"https:\/\/rtb.ie\/ga\/wp-json\/wp\/v2\/pages\/469\/revisions\/53352"}],"up":[{"embeddable":true,"href":"https:\/\/rtb.ie\/ga\/wp-json\/wp\/v2\/pages\/168"}],"wp:attachment":[{"href":"https:\/\/rtb.ie\/ga\/wp-json\/wp\/v2\/media?parent=469"}],"curies":[{"name":"wp","href":"https:\/\/api.w.org\/{rel}","templated":true}]}}