{"id":471,"date":"2025-04-24T13:48:29","date_gmt":"2025-04-24T13:48:29","guid":{"rendered":"https:\/\/rtb.ie\/ga\/?page_id=471"},"modified":"2025-07-04T14:01:49","modified_gmt":"2025-07-04T14:01:49","slug":"how-a-landlord-can-end-a-tenancy","status":"publish","type":"page","link":"https:\/\/rtb.ie\/ga\/renting\/ending-a-tenancy\/how-a-landlord-can-end-a-tenancy\/","title":{"rendered":"Conas is f\u00e9idir le tiarna tal\u00fan deireadh a chur le tion\u00f3ntacht"},"content":{"rendered":"\n<div class=\"translation-notice no-print\">\n        <div class=\"inner container\">\n            <p><strong>Cuirfear aistri\u00fach\u00e1n ar f\u00e1il go luath<\/strong><\/p>\n            <p>\u00c1r leithsc\u00e9al as an m\u00edchaoithi\u00falacht. Cuirfear aistri\u00fach\u00e1n Gaeilge ar an leathanach seo ar f\u00e1il go luath. Go raibh maith agat as do chuid foighneachta agus muid ag obair ar leagan uasd\u00e1taithe.<\/p>\n        <\/div>\n    <\/div><section id=\"block-block_20d5a3f1beaf193143ae9f9982170f53\" class=\"header-block rtb-block colour-teal margin-top-none margin-bottom-default\">\n    <div class=\"container\">\n        <nav class=\"breadcrumbs\" aria-label=\"breadcrumb\">\n    <span property=\"itemListElement\" typeof=\"ListItem\"><a property=\"item\" typeof=\"WebPage\" title=\"Go to Bord um Tion\u00f3ntachta\u00ed C\u00f3naithe.\" href=\"https:\/\/rtb.ie\/ga\" class=\"home\" aria-current=\"page\"><span property=\"name\"><i class=\"rtb-home-icon\"><\/i><\/span><\/a><meta property=\"position\" content=\"1\"><\/span><i class=\"rtb-chevron\"><\/i><\/nav>\n        \n        <div class=\"wrapper\">\n            <div class=\"content\">\n                            \n                <h1 class=\"heading-xl\">Conas is f\u00e9idir le tiarna tal\u00fan deireadh a chur le tion\u00f3ntacht<\/h1>\n                <p>Information for landlords on how to end tenancies.<\/p>                            <\/div>\n            <!-- Temporary image: Remove after migrating illustrations to the illustration_selection field -->\n            \n                                    <div class=\"illustration fade-up\" aria-hidden=\"true\">\n                                                    <img decoding=\"async\" src=\"https:\/\/rtb.ie\/ga\/wp-content\/themes\/rtb\/assets\/images\/illustrations\/header-block\/header-illustration-teal-a.svg\" alt=\"\" \/>\n                                            <\/div>\n                                    <\/div>\n\n    <\/div>\n<\/section>\n\n\n<section id=\"block-block_fa75bd4b31d793d3baae137c3f792f38\" class=\"navigation-block container rtb-block margin-top-xs margin-bottom-default\">\n    <div class=\"content\">\n        <header>\n                            <h2 class=\"heading-s\">On this page<\/h2>                        <i class=\"rtb-arrow down\"><\/i>\n        <\/header>\n                    <nav class=\"navigation\">            \n                                    <ul>\n                                                                                    <li><a class=\"text-link\" href=\"#steps\" target=\"\">Steps to end a tenancy<\/a><\/li>\n                                                                                                                <li><a class=\"text-link\" href=\"#reason\" target=\"\">Do I need a reason for ending a tenancy?<\/a><\/li>\n                                                                                                                <li><a class=\"text-link\" href=\"#special\" target=\"\">Special cases<\/a><\/li>\n                                                                                                                <li><a class=\"text-link\" href=\"#notice\" target=\"\">Notice periods<\/a><\/li>\n                                                                        <\/ul>\n                                    <ul>\n                                                                                    <li><a class=\"text-link\" href=\"#serving\" target=\"\">Serving a Notice of Termination<\/a><\/li>\n                                                                                                                <li><a class=\"text-link\" href=\"#right\" target=\"\">Right to return to the property (opportunity to reoccupy)<\/a><\/li>\n                                                                                                                <li><a class=\"text-link\" href=\"#after\" target=\"\">After the tenancy ends<\/a><\/li>\n                                                                                                                <li><a class=\"text-link\" href=\"#multiple\" target=\"\">Ending tenancies when selling multiple properties (the \u2018Tyrrelstown\u2019 amendment)<\/a><\/li>\n                                                                        <\/ul>\n                                    <ul>\n                                                                                    <li><a class=\"text-link\" href=\"#ending\" target=\"\">Disputes about ending the tenancy<\/a><\/li>\n                                                                        <\/ul>\n                            <\/nav>\n            <\/div>\n<\/section>\n\n\n<section id=\"steps\" class=\"header-paragraph-block rtb-block  margin-top-default margin-bottom-xs\">\n\t<div class=\"container\">\n\t\t<div class=\"content\">\n\t\t\t<article class=\"cms-content\">\n\t\t\t\t\t\t\t\t\t<h2>Steps to end a tenancy<\/h2>\n<p>To legally end a tenancy, you must:<\/p>\n<ol>\n<li>Provide your tenant with a written Notice of Termination.<\/li>\n<li>Give them the correct notice period.<\/li>\n<li>Make sure the notice meets legal requirements.<\/li>\n<li>Send a copy of the notice to the Residential Tenancies Board (RTB) on the same day you send it to your tenant<\/li>\n<\/ol>\n\t\t\t\t\t\t\t<\/article>\n\t\t\t\t\t\t\t\t\t\t\t\t<aside class=\"related-content\" data-js=\"related-content\">\n\t\t\t\t\t\t<div class=\"wrapper\">\n\t\t\t\t\t\t\t\t\t\t\t\t\t\t\t<h2 class=\"\">Related content<\/h2>\t\t\t\t\t\t\t\t\t\t\t\t\t\t<ul>\n\t\t\t\t\t\t\t\t\t\t\t\t\t\t\t\t\t\t\t\t\t\t\t\t\t\t\t\t\t\t\t\t\t\t\t\t\t\t<li><a class=\"text-link\" href=\"https:\/\/rtb.ie\/ga\/renting\/ending-a-tenancy\/notice-of-termination-guide\/\" target=\"\">Notice of Termination guide<\/a><\/li>\n\t\t\t\t\t\t\t\t\t\t\t\t\t\t\t\t\t\t\t\t\t\t\t\t\t\t\t\t\t\t\t\t\t\t\t\t\t\t\t\t<li><a class=\"text-link\" href=\"https:\/\/rtb.ie\/ga\/renting\/rights-responsibilities\/tenants-rights-to-stay-in-a-rented-property\/\" target=\"\">Tenants\u2019 rights to stay in a rented property<\/a><\/li>\n\t\t\t\t\t\t\t\t\t\t\t\t\t\t\t\t\t\t\t\t\t\t\t\t\t\t\t\t\t\t\t\t\t\t\t\t\t\t\t\t<li><a class=\"text-link\" href=\"https:\/\/rtb.ie\/ga\/renting\/rights-responsibilities\/\" target=\"\">Rights and responsibilities<\/a><\/li>\n\t\t\t\t\t\t\t\t\t\t\t\t\t\t\t\t\t\t\t\t\t\t\t\t\t\t\t\t\t\t\t\t\t\t<\/ul>\n\t\t\t\t\t\t<\/div>\n\t\t\t\t\t<\/aside>\n\t\t\t\t\t\t\t\t\t<\/div>\n\t<\/div>\n<\/section>\n\n\n<section id=\"reason\" class=\"header-paragraph-block rtb-block  margin-top-xs margin-bottom-xs\">\n\t<div class=\"container\">\n\t\t<div class=\"content\">\n\t\t\t<article class=\"cms-content\">\n\t\t\t\t\t\t\t\t\t<h2>Do I need a reason for ending a tenancy?<\/h2>\n<h3>Tenancies that started on or after 11 June 2022<\/h3>\n<p>If the tenancy has lasted less than 6 months, you can ask your tenant to leave without giving a reason.<\/p>\n<p>Once your tenant has lived in the property continuously for 6 months without a valid Notice of Termination being served within that period, they have <a href=\"https:\/\/rtb.ie\/ga\/renting\/rights-responsibilities\/tenants-rights-to-stay-in-a-rented-property\/\">security of tenure<\/a>. This means they have the right to stay in the property indefinitely.<\/p>\n<p>You can now only ask your tenant to leave for specific reasons. These are:<\/p>\n<ul>\n<li>The tenant breached the obligations in their tenancy agreement. For example, by not paying their rent.<\/li>\n<li>The property is no longer suitable for the tenant&#8217;s needs. For example, it is too small.<\/li>\n<li>You plan to sell the property within 9 months.<\/li>\n<li>You or an immediate family member need to live in the property. This only applies to private landlords.<\/li>\n<li>You plan to carry out substantial refurbishments to the property.<\/li>\n<li>You plan to change the use of the property, for example to convert it into an office.<\/li>\n<\/ul>\n<h3>Tenancies that started before 11 June 2022<\/h3>\n<p>For tenancies that started before 11 June 2022, there is only one circumstance where a landlord can terminate a Part 4 tenancy, which arises at the end of each Part 4 tenancy or Further Part 4 tenancy term.<\/p>\n<h4><strong>Terminating a Part 4 or Further Part 4 tenancy at the end of the term <\/strong><\/h4>\n<p>To legally end a Part 4 or further Part 4 tenancy at the end of the term, you must:<\/p>\n<ol>\n<li>Provide your tenant with a written Notice of Termination.<\/li>\n<li>State the reason why the tenancy is being terminated. The reason given does not have to be one of the 6 specific reasons outlined above.<\/li>\n<li>Give them the correct notice period (which must end on or after the end of the Part 4 tenancy or Further Part 4 tenancy).<\/li>\n<li>Make sure the notice meets legal requirements.<\/li>\n<li>Send a copy of the notice to the Residential Tenancies Board (RTB) on the same day you send it to your tenant.<\/li>\n<\/ol>\n\t\t\t\t\t\t\t<\/article>\n\t\t\t\t\t\t\t\t\t\t\t\t<aside class=\"sidebar-note\">\n\t\t\t\t\t\t<div class=\"wrapper\">\n\t\t\t\t\t\t\t\t\t\t\t\t\t\t\t<h3 class=\"\">Important note<\/h3>\t\t\t\t\t\t\t\t\t\t\t\t\t\t\t\t\t\t\t\t\t\t<div class=\"cms-content\"><p>This page provides a simplified, easy-to-understand summary about how a landlord can end a tenancy written in plain language.<\/p>\n<p>It is not a substitute for the full and definitive information, which can be found in the\u00a0<a href=\"http:\/\/revisedacts.lawreform.ie\/eli\/2004\/act\/27\/front\/revised\/en\/html\" target=\"_blank\" rel=\"noopener\" data-saferedirecturl=\"https:\/\/www.google.com\/url?q=http:\/\/revisedacts.lawreform.ie\/eli\/2004\/act\/27\/front\/revised\/en\/html&amp;source=gmail&amp;ust=1747818016511000&amp;usg=AOvVaw01O8umz-uZOD8mDvXM8BsR\">Residential Tenancies Act 2004, (as amended)<\/a>.<\/p>\n<\/div>\t\t\t\t\t\t\t\t\t\t\t\t\t<\/div>\n\t\t\t\t\t<\/aside>\n\t\t\t\t\t\t\t\t\t<\/div>\n\t<\/div>\n<\/section>\n\n\n<section id=\"special\" class=\"header-paragraph-block rtb-block  margin-top-xs margin-bottom-xs\">\n\t<div class=\"container\">\n\t\t<div class=\"content\">\n\t\t\t<article class=\"cms-content\">\n\t\t\t\t\t\t\t\t\t<h2>Special cases<\/h2>\n<ul>\n<li><strong>Student specific accommodation:<\/strong> Rules for ending a tenancy of unlimited duration don&#8217;t apply to <a href=\"https:\/\/rtb.ie\/ga\/renting\/ending-a-tenancy\/ending-a-student-specific-accommodation-tenancy\/\">student specific accommodation<\/a>.<\/li>\n<li><strong>Fixed term tenancies:<\/strong> If you have a <a href=\"https:\/\/rtb.ie\/ga\/renting\/ending-a-tenancy\/\">fixed term tenancy agreement<\/a> with your tenant, you cannot end the tenancy before the date you agreed unless the tenant has broken the terms of their agreement.<\/li>\n<\/ul>\n\t\t\t\t\t\t\t<\/article>\n\t\t\t\t\t<\/div>\n\t<\/div>\n<\/section>\n\n\n<section id=\"notice\" class=\"header-paragraph-block rtb-block  margin-top-xs margin-bottom-xs\">\n\t<div class=\"container\">\n\t\t<div class=\"content\">\n\t\t\t<article class=\"cms-content\">\n\t\t\t\t\t\t\t\t\t<h2>Notice periods<\/h2>\n<p>The notice you need to give depends on how long the tenancy has been in place.<\/p>\n<table>\n<tbody>\n<tr>\n<td><strong>Tenancy length<\/strong><\/td>\n<td><strong>Notice period<\/strong><\/td>\n<\/tr>\n<tr>\n<td>Less than 6 months<\/td>\n<td>90 days<\/td>\n<\/tr>\n<tr>\n<td>6 months to 1 year<\/td>\n<td>152 days<\/td>\n<\/tr>\n<tr>\n<td>1 year to 7 years<\/td>\n<td>180 days<\/td>\n<\/tr>\n<tr>\n<td>7 years to 8 years<\/td>\n<td>196 days<\/td>\n<\/tr>\n<tr>\n<td>More than 8 years<\/td>\n<td>224 days<\/td>\n<\/tr>\n<\/tbody>\n<\/table>\n<h3><\/h3>\n<h3>Shorter notice periods<\/h3>\n<p>There are some cases where notice periods can be shorter:<\/p>\n<ul>\n<li><strong>Breach of tenant obligations<\/strong>: You must first send them a warning notice that gives them a reasonable time to fix the issue. If the issue is not fixed, you can then send a Notice of Termination giving the tenant 28 days&#8217; notice to end the tenancy.<\/li>\n<li><strong>Serious anti-social behaviour by the tenant:<\/strong> or behaviour that threatens the structure of the property. You can end the tenancy with 7 days&#8217; notice. You don&#8217;t need to serve a warning notice.<\/li>\n<li><strong>Unpaid rent<\/strong>: you can also give a shorter notice period. Follow these steps:<\/li>\n<\/ul>\n<ol>\n<li>Send a rent arrears warning notice with the amount they owe and give 28 days to pay.<\/li>\n<li>Send a copy of the rent arrears warning notice to the RTB on the same day you send it to your tenant.<\/li>\n<li>If the rent arrears are unpaid after 28 days, you can send a Notice of Termination giving the tenant 28 days&#8217; notice to end the tenancy.<\/li>\n<\/ol>\n<p>Find out more in our <a href=\"https:\/\/rtb.ie\/ga\/renting\/ending-a-tenancy\/notice-of-termination-guide\/\">Notices of Termination guide<\/a>.<\/p>\n\t\t\t\t\t\t\t<\/article>\n\t\t\t\t\t<\/div>\n\t<\/div>\n<\/section>\n\n\n<section id=\"serving\" class=\"header-paragraph-block rtb-block  margin-top-xs margin-bottom-xs\">\n\t<div class=\"container\">\n\t\t<div class=\"content\">\n\t\t\t<article class=\"cms-content\">\n\t\t\t\t\t\t\t\t\t<h2>Serving a Notice of Termination<\/h2>\n<p>You need to make sure that your Notice of Termination meets certain standards so that it is legally valid. A valid notice must:<\/p>\n<ul>\n<li>Be in writing (not by email)<\/li>\n<li>Be signed by the landlord or their authorised agent.<\/li>\n<li>Include the date the notice is sent. This is the date the notice is posted or hand delivered.<\/li>\n<li>Give the date the tenancy will end (and tell the tenant they have the full 24 hours on that day to leave the property).<\/li>\n<li>Give the reason you are ending the tenancy (if tenancy is over 6 months).<\/li>\n<li>Tell the tenant they have 28 days from the date of receipt of the notice to refer their case to the RTB if they believe the notice is not valid where there has been a breach of obligation by the tenant. New laws have increased this notice period to 90 days where there has been no breach of obligation by the tenant.<\/li>\n<li>Be sent to the RTB on the same day it is sent to the tenant. Failure to do so makes the notice invalid.<\/li>\n<\/ul>\n<h3>Accompanying statutory declarations or statements<\/h3>\n<p><strong>A statutory declaration<\/strong> must accompany the Notice of Termination where:<\/p>\n<ul>\n<li>You intend to sell the property<\/li>\n<li>You or a family member want to live in the property.<\/li>\n<\/ul>\n<p><strong>A statement<\/strong> must accompany the notice of termination where:<\/p>\n<ul>\n<li>You are refurbishing or renovating the property<\/li>\n<li>You want to change the use of the property<\/li>\n<li>The property no longer suits the tenant&#8217;s accommodation needs.<\/li>\n<\/ul>\n\t\t\t\t\t\t\t<\/article>\n\t\t\t\t\t<\/div>\n\t<\/div>\n<\/section>\n\n\n<section id=\"right\" class=\"header-paragraph-block rtb-block  margin-top-xs margin-bottom-xs\">\n\t<div class=\"container\">\n\t\t<div class=\"content\">\n\t\t\t<article class=\"cms-content\">\n\t\t\t\t\t\t\t\t\t<h2>Right to return to the property (opportunity to reoccupy)<\/h2>\n<p>A tenant must be given the right to return to the property if it becomes available to rent again after the tenancy was ended for any of the following reasons:<\/p>\n<ul>\n<li><strong>Sale of the property<\/strong>: if you end the tenancy to sell the property but no agreement for sale is signed within 9 months of the end of the notice period.<\/li>\n<li><strong>Use by landlord or family<\/strong>: If you or your family lived in the property but you put it up for rent again within 12 months of the end of the notice period.<\/li>\n<li><strong>Change of use<\/strong>: If you changed the use of the property, but you put it up for rent again within 12 months of the end of the notice period.<\/li>\n<li><strong>Refurbishment or renovation<\/strong>: if you ended the tenancy for major works or upgrades buy you put it up for rent after the work is completed.<\/li>\n<\/ul>\n<h3>RTB templates<\/h3>\n<p>The best way to be sure the notice is correct is to use the <a href=\"https:\/\/rtb.ie\/ga\/renting\/ending-a-tenancy\/notice-of-termination-guide\/#downloads\">RTB templates<\/a>. These also include the <a href=\"https:\/\/rtb.ie\/ga\/renting\/ending-a-tenancy\/signing-a-statutory-declaration-outside-of-ireland\/\">statutory declaration<\/a> when needed.<\/p>\n<h3>Sending the Notice of Termination<\/h3>\n<p>You must send the Notice of Termination to your tenant and the RTB at the same time. If you don&#8217;t, it is not legally valid. We recommend you use certified post and keep proof of postage. You must also send an RTB Notice of Termination Return Form with a copy of the notice itself to the RTB. You can send this by post or email to <a href=\"mailto:NoticeofTermination@rtb.ie\">NoticeofTermination@rtb.ie<\/a>.<\/p>\n\t\t\t\t\t\t\t<\/article>\n\t\t\t\t\t<\/div>\n\t<\/div>\n<\/section>\n\n\n<section id=\"after\" class=\"header-paragraph-block rtb-block  margin-top-xs margin-bottom-xs\">\n\t<div class=\"container\">\n\t\t<div class=\"content\">\n\t\t\t<article class=\"cms-content\">\n\t\t\t\t\t\t\t\t\t<h2>After the tenancy ends<\/h2>\n<p>If you have followed the above steps correctly, the tenancy will end on the date you set. Once your tenant leaves the property, you must return their <a href=\"https:\/\/rtb.ie\/ga\/renting\/rights-responsibilities\/security-deposits\/\">deposit<\/a> quickly. You can only keep some or all of the deposit if there is:<\/p>\n<ul>\n<li>Rent arrears<\/li>\n<li>Unpaid bills and charges (which the tenant was responsible for under the tenancy agreement)<\/li>\n<li>Damage beyond normal wear and tear<\/li>\n<\/ul>\n\t\t\t\t\t\t\t<\/article>\n\t\t\t\t\t<\/div>\n\t<\/div>\n<\/section>\n\n\n<section id=\"multiple\" class=\"header-paragraph-block rtb-block  margin-top-xs margin-bottom-xs\">\n\t<div class=\"container\">\n\t\t<div class=\"content\">\n\t\t\t<article class=\"cms-content\">\n\t\t\t\t\t\t\t\t\t<h2>Ending tenancies when selling multiple properties (the &#8216;Tyrrelstown&#8217; amendment)<\/h2>\n<p>If you are selling 10 or more properties in the same development within 6 months, special rules apply under what is known as the &#8216;Tyrrelstown&#8217; amendment. These rules aim to protect tenants from losing their homes due to large-scale property sales. In these cases, a tenancy cannot be ended simply on the grounds of an intention to sell unless certain conditions are met.<\/p>\n<h3>Conditions for ending a tenancy<\/h3>\n<p>You can only end a tenancy in this situation if you can prove that:<\/p>\n<ul>\n<li>The property&#8217;s sale price with an existing tenant living in it is more than 20% lower than the market value if sold empty.<\/li>\n<li>Preventing the termination of the tenancy would be unduly onerous or would cause you undue hardship.<\/li>\n<\/ul>\n<p>You must be able to prove this to the Residential Tenancies Board (RTB) before issuing a Notice of Termination.<\/p>\n<h3>Notice of Termination requirements<\/h3>\n<p>If the RTB decides a termination is allowed under the Tyrrelstown amendment:<\/p>\n<ul>\n<li>Each tenant must receive an individual Notice of Termination.<\/li>\n<li>A statutory declaration must accompany each notice, explaining the exemption being used.<\/li>\n<\/ul>\n<p>&nbsp;<\/p>\n\t\t\t\t\t\t\t<\/article>\n\t\t\t\t\t<\/div>\n\t<\/div>\n<\/section>\n\n\n<section id=\"ending\" class=\"header-paragraph-block rtb-block  margin-top-xs margin-bottom-xs\">\n\t<div class=\"container\">\n\t\t<div class=\"content\">\n\t\t\t<article class=\"cms-content\">\n\t\t\t\t\t\t\t\t\t<h2>Disputes about ending the tenancy<\/h2>\n<p>If there is a dispute about ending the tenancy, either party can contact the RTB <a href=\"https:\/\/rtb.ie\/ga\/disputes\/disputes-process\/\">dispute resolution service<\/a>.<\/p>\n\t\t\t\t\t\t\t<\/article>\n\t\t\t\t\t<\/div>\n\t<\/div>\n<\/section>","protected":false},"excerpt":{"rendered":"","protected":false},"author":11,"featured_media":0,"parent":176,"menu_order":2,"comment_status":"closed","ping_status":"closed","template":"","meta":{"_acf_changed":false,"inline_featured_image":false,"_relevanssi_hide_post":"","_relevanssi_hide_content":"","_relevanssi_pin_for_all":"","_relevanssi_pin_keywords":"","_relevanssi_unpin_keywords":"","_relevanssi_related_keywords":"","_relevanssi_related_include_ids":"","_relevanssi_related_exclude_ids":"","_relevanssi_related_no_append":"","_relevanssi_related_not_related":"","_relevanssi_related_posts":"1239,1","_relevanssi_noindex_reason":"","_trash_the_other_posts":false,"editor_notices":[],"footnotes":""},"class_list":["post-471","page","type-page","status-publish","hentry"],"acf":[],"jetpack_sharing_enabled":true,"publishpress_future_action":{"enabled":false,"date":"2026-04-28 00:35:52","action":"change-status","newStatus":"draft","terms":[],"taxonomy":"","extraData":[]},"publishpress_future_workflow_manual_trigger":{"enabledWorkflows":[]},"_links":{"self":[{"href":"https:\/\/rtb.ie\/ga\/wp-json\/wp\/v2\/pages\/471","targetHints":{"allow":["GET"]}}],"collection":[{"href":"https:\/\/rtb.ie\/ga\/wp-json\/wp\/v2\/pages"}],"about":[{"href":"https:\/\/rtb.ie\/ga\/wp-json\/wp\/v2\/types\/page"}],"author":[{"embeddable":true,"href":"https:\/\/rtb.ie\/ga\/wp-json\/wp\/v2\/users\/11"}],"replies":[{"embeddable":true,"href":"https:\/\/rtb.ie\/ga\/wp-json\/wp\/v2\/comments?post=471"}],"version-history":[{"count":36,"href":"https:\/\/rtb.ie\/ga\/wp-json\/wp\/v2\/pages\/471\/revisions"}],"predecessor-version":[{"id":51547,"href":"https:\/\/rtb.ie\/ga\/wp-json\/wp\/v2\/pages\/471\/revisions\/51547"}],"up":[{"embeddable":true,"href":"https:\/\/rtb.ie\/ga\/wp-json\/wp\/v2\/pages\/176"}],"wp:attachment":[{"href":"https:\/\/rtb.ie\/ga\/wp-json\/wp\/v2\/media?parent=471"}],"curies":[{"name":"wp","href":"https:\/\/api.w.org\/{rel}","templated":true}]}}