{"id":486,"date":"2025-04-24T15:48:27","date_gmt":"2025-04-24T15:48:27","guid":{"rendered":"https:\/\/rtb.ie\/ga\/?page_id=486"},"modified":"2025-07-04T09:32:40","modified_gmt":"2025-07-04T09:32:40","slug":"check-the-register","status":"publish","type":"page","link":"https:\/\/rtb.ie\/ga\/compliance\/check-the-register\/","title":{"rendered":"Seice\u00e1il an cl\u00e1r"},"content":{"rendered":"\n<div class=\"translation-notice no-print\">\n        <div class=\"inner container\">\n            <p><strong>Cuirfear aistri\u00fach\u00e1n ar f\u00e1il go luath<\/strong><\/p>\n            <p>\u00c1r leithsc\u00e9al as an m\u00edchaoithi\u00falacht. Cuirfear aistri\u00fach\u00e1n Gaeilge ar an leathanach seo ar f\u00e1il go luath. Go raibh maith agat as do chuid foighneachta agus muid ag obair ar leagan uasd\u00e1taithe.<\/p>\n        <\/div>\n    <\/div><section id=\"block-block_b024faadbb7f5dbc72ae122dc2813348\" class=\"header-block rtb-block colour-teal margin-top-none margin-bottom-none\">\n    <div class=\"container\">\n        <nav class=\"breadcrumbs\" aria-label=\"breadcrumb\">\n    <span property=\"itemListElement\" typeof=\"ListItem\"><a property=\"item\" typeof=\"WebPage\" title=\"Go to Bord um Tion\u00f3ntachta\u00ed C\u00f3naithe.\" href=\"https:\/\/rtb.ie\/ga\" class=\"home\" aria-current=\"page\"><span property=\"name\"><i class=\"rtb-home-icon\"><\/i><\/span><\/a><meta property=\"position\" content=\"1\"><\/span><i class=\"rtb-chevron\"><\/i><\/nav>\n        \n        <div class=\"wrapper\">\n            <div class=\"content\">\n                            \n                <h1 class=\"heading-xl\">Seice\u00e1il an cl\u00e1r<\/h1>\n                                            <\/div>\n            <!-- Temporary image: Remove after migrating illustrations to the illustration_selection field -->\n            \n                                    <div class=\"illustration fade-up\" aria-hidden=\"true\">\n                                                    <img decoding=\"async\" src=\"https:\/\/rtb.ie\/ga\/wp-content\/themes\/rtb\/assets\/images\/illustrations\/header-block\/header-illustration-teal-a.svg\" alt=\"\" \/>\n                                            <\/div>\n                                    <\/div>\n\n    <\/div>\n<\/section>\n\n\n<section id=\"block-block_b026f0eb5e572790f641f7e8999818af\" class=\"header-paragraph-block rtb-block  margin-top-default margin-bottom-xs\">\n\t<div class=\"container\">\n\t\t<div class=\"content\">\n\t\t\t<article class=\"cms-content\">\n\t\t\t\t\t\t\t\t\t<h2>How do I know if my tenancy is registered?<\/h2>\n<p>You can search the Register to see if your tenancy is registered with the RTB. The Register is a list of all private, Approved Housing Body and cost rental tenancies currently registered with the RTB.\u00a0 There is a separate <a href=\"https:\/\/rtb.ie\/ga\/wp-content\/uploads\/2025\/05\/SSA_register_feb_2025.pdf\" target=\"_blank\" rel=\"noopener\">register for student specific accommodation tenancies<\/a>.<\/p>\n\t\t\t\t\t\t\t<\/article>\n\t\t\t\t\t<\/div>\n\t<\/div>\n<\/section>\n\n\n<section id=\"block-block_d9169b846d92d96314dc0b3ba7d59743\" class=\"header-paragraph-block rtb-block  margin-top-xs margin-bottom-xs\">\n\t<div class=\"container\">\n\t\t<div class=\"content\">\n\t\t\t<article class=\"cms-content\">\n\t\t\t\t\t\t\t\t\t<h2>How to search the Register<\/h2>\n<ol>\n<li>Enter the address or Eircode of the rented property.<\/li>\n<li>Select a county to search by.<\/li>\n<\/ol>\n\t\t\t\t\t\t\t<\/article>\n\t\t\t\t\t<\/div>\n\t<\/div>\n<\/section>\n\n\n<section id=\"block-block_fbabd8b470967fd6ed2e50c4e65a4a9f\" class=\"check-the-register-block rtb-block margin-top-none margin-bottom-default\">\n    <div class=\"container\">\n        <div class=\"content\">\n            <section class=\"forms-tiles-block form-check-register\">\n                <div class=\"content\">\n                    <div class=\"tiles tiles-vertical\">\n                        <!-- Step 1: Address search -->\n                        <div class=\"tile colour-teal\" id=\"checkRegisterStep1\">\n                            <header class=\"print-none\">\n                                <h3>Step 1: Search for an address<\/h3>\n                                <p>Enter your address or Eircode to check the register.<\/p>\n                            <\/header>\n                            <div class=\"form-group\">\n                                <label class=\"form-label eircode-lookup\">Eircode or address<\/label>\n                                <div id=\"aa-control\" class=\"print-none\"><\/div>\n                            <\/div>\n                            <div class=\"form-group button print-none\">\n                                <button id=\"newSearchBtn\" type=\"button\" class=\"button primary\"><span>New search<\/span><\/button>\n                            <\/div>\n                            <p class=\"check-register-muted\">Select an address or choose &#8220;Enter address manually&#8221;.<\/p>\n                            <div id=\"selected-address\" class=\"result muted\" style=\"display:none;\"><\/div>\n                        <\/div>\n\n                        <!-- Step 2: Form -->\n                        <div class=\"tile colour-teal-light admin-form\" id=\"formCard\" style=\"display:none;\">\n                            <header class=\"print-none\">\n                                <h3>Step 2: Confirm and search<\/h3>\n                                <p>Review the address details and search the register.<\/p>\n                            <\/header>\n                            <form id=\"checkForm\" novalidate>\n                                <div class=\"form-group\">\n                                    <label class=\"form-label\" for=\"addr1\">Address line 1<\/label>\n                                    <input id=\"addr1\" name=\"addr1\" type=\"text\" autocomplete=\"address-line1\" class=\"form-control\" \/>\n                                <\/div>\n                                <div class=\"form-group\">\n                                    <label class=\"form-label\" for=\"addr2\">Address line 2<\/label>\n                                    <input id=\"addr2\" name=\"addr2\" type=\"text\" autocomplete=\"address-line2\" class=\"form-control\" \/>\n                                <\/div>\n                                <div class=\"form-group\">\n                                    <label class=\"form-label\" for=\"addr3\">Address line 3<\/label>\n                                    <input id=\"addr3\" name=\"addr3\" type=\"text\" autocomplete=\"address-line3\" class=\"form-control\" \/>\n                                <\/div>\n                                <div class=\"form-group\">\n                                    <label class=\"form-label\" for=\"addr4\">Address line 4<\/label>\n                                    <input id=\"addr4\" name=\"addr4\" type=\"text\" autocomplete=\"address-line4\" class=\"form-control\" \/>\n                                <\/div>\n                                <div class=\"form-group\">\n                                    <label class=\"form-label\" for=\"county\">County<\/label>\n                                    <input id=\"county\" name=\"county\" type=\"text\" autocomplete=\"address-level1\" class=\"form-control\" \/>\n                                <\/div>\n                                <div class=\"form-group\">\n                                    <label class=\"form-label\" for=\"eircodeInput\">Eircode<\/label>\n                                    <input id=\"eircodeInput\" name=\"eircodeInput\" type=\"text\" placeholder=\"e.g. D02 F859\" maxlength=\"10\" class=\"form-control\" \/>\n                                    <div id=\"eircodeError\" class=\"error\"><\/div>\n                                <\/div>\n                                <div class=\"form-group button\">\n                                    <button id=\"submitBtn\" type=\"submit\" class=\"button primary\"><span>Search<\/span><\/button>\n                                    <button id=\"resetBtn\" type=\"button\" class=\"button secondary\"><span>Clear<\/span><\/button>\n                                <\/div>\n                                <div id=\"summary\" class=\"check-register-summary results-container\" hidden><\/div>\n                            <\/form>\n                        <\/div>\n                    <\/div>\n                <\/div>\n            <\/section>\n        <\/div>\n    <\/div>\n<\/section>\n\n\n\n<section id=\"block-block_62d02275ba0316411fe00540a2521698\" class=\"header-paragraph-block rtb-block  margin-top-xs margin-bottom-xs\">\n\t<div class=\"container\">\n\t\t<div class=\"content\">\n\t\t\t<article class=\"cms-content\">\n\t\t\t\t\t\t\t\t\t<h2>Important information about the Register<\/h2>\n<h3>Processing time<\/h3>\n<p>Online tenancy registrations appear on the Register within 48 hours. Paper applications take longer to process.<\/p>\n<h3>What is included<\/h3>\n<p>The Register lists all currently registered private tenancies that comply with annual registration requirements. There is a <a href=\"https:\/\/rtb.ie\/ga\/wp-content\/uploads\/2025\/05\/SSA_register_feb_2025.pdf\" target=\"_blank\" rel=\"noopener\">separate register for Student-Specific Accommodation<\/a>.<\/p>\n<h3>Expired tenancies<\/h3>\n<p>If a tenancy has ended and we have been notified, it will no longer appear on the Register. The Register does not keep historical records, so you can&#8217;t search for past tenancy registrations.<\/p>\n<h3>Address variations<\/h3>\n<p>Addresses are self-declared by those registering tenancies, so there may be variations in how they are entered. To improve search results, try different versions of the address.<\/p>\n<h3>Case and grammar sensitivity<\/h3>\n<p>The Register is sensitive to capital letters, spacing, commas, apostrophes, and other formatting. If an address is entered incorrectly, no results will appear. Trying multiple variations can help find the correct entry.<\/p>\n<h3>Privacy notice<\/h3>\n<p>We don&#8217;t publish landlord details, tenant information, rent amounts, or tenancy start dates.<\/p>\n\t\t\t\t\t\t\t<\/article>\n\t\t\t\t\t<\/div>\n\t<\/div>\n<\/section>\n\n\n<section id=\"block-block_f4f7102916df5066154aa5afdaef9c70\" class=\"header-paragraph-block rtb-block  margin-top-xs margin-bottom-s\">\n\t<div class=\"container\">\n\t\t<div class=\"content\">\n\t\t\t<article class=\"cms-content\">\n\t\t\t\t\t\t\t\t\t<h2>My tenancy is not on the Register<\/h2>\n<p>By law, landlords must register their tenancies with the RTB every year.<\/p>\n<p><a href=\"https:\/\/rtb.ie\/ga\/register-tenancies\/register-a-tenancy\/consequences-of-not-registering\/\">Failing to register a tenancy<\/a> can result in serious consequences, including a criminal conviction.<\/p>\n<p>You can <a href=\"https:\/\/rtb.ie\/ga\/compliance\/report-a-landlord\/report-an-unregistered-tenancy\/\">report an unregistered tenancy<\/a> to us by <a href=\"https:\/\/rtb.ie\/ga\/resources\/forms-and-templates\/report-a-landlord-form\/\">completing the webform<\/a>.<\/p>\n\t\t\t\t\t\t\t<\/article>\n\t\t\t\t\t<\/div>\n\t<\/div>\n<\/section>","protected":false},"excerpt":{"rendered":"","protected":false},"author":3,"featured_media":0,"parent":160,"menu_order":2,"comment_status":"closed","ping_status":"closed","template":"template-check-the-register.php","meta":{"_acf_changed":false,"inline_featured_image":false,"_relevanssi_hide_post":"","_relevanssi_hide_content":"","_relevanssi_pin_for_all":"","_relevanssi_pin_keywords":"","_relevanssi_unpin_keywords":"","_relevanssi_related_keywords":"","_relevanssi_related_include_ids":"","_relevanssi_related_exclude_ids":"","_relevanssi_related_no_append":"","_relevanssi_related_not_related":"","_relevanssi_related_posts":"1239,1","_relevanssi_noindex_reason":"","_trash_the_other_posts":false,"editor_notices":[],"footnotes":""},"class_list":["post-486","page","type-page","status-publish","hentry"],"acf":[],"jetpack_sharing_enabled":true,"publishpress_future_action":{"enabled":false,"date":"2026-04-27 17:41:12","action":"change-status","newStatus":"draft","terms":[],"taxonomy":"","extraData":[]},"publishpress_future_workflow_manual_trigger":{"enabledWorkflows":[]},"_links":{"self":[{"href":"https:\/\/rtb.ie\/ga\/wp-json\/wp\/v2\/pages\/486","targetHints":{"allow":["GET"]}}],"collection":[{"href":"https:\/\/rtb.ie\/ga\/wp-json\/wp\/v2\/pages"}],"about":[{"href":"https:\/\/rtb.ie\/ga\/wp-json\/wp\/v2\/types\/page"}],"author":[{"embeddable":true,"href":"https:\/\/rtb.ie\/ga\/wp-json\/wp\/v2\/users\/3"}],"replies":[{"embeddable":true,"href":"https:\/\/rtb.ie\/ga\/wp-json\/wp\/v2\/comments?post=486"}],"version-history":[{"count":35,"href":"https:\/\/rtb.ie\/ga\/wp-json\/wp\/v2\/pages\/486\/revisions"}],"predecessor-version":[{"id":51460,"href":"https:\/\/rtb.ie\/ga\/wp-json\/wp\/v2\/pages\/486\/revisions\/51460"}],"up":[{"embeddable":true,"href":"https:\/\/rtb.ie\/ga\/wp-json\/wp\/v2\/pages\/160"}],"wp:attachment":[{"href":"https:\/\/rtb.ie\/ga\/wp-json\/wp\/v2\/media?parent=486"}],"curies":[{"name":"wp","href":"https:\/\/api.w.org\/{rel}","templated":true}]}}