{"id":50228,"date":"2025-06-06T11:01:37","date_gmt":"2025-06-06T11:01:37","guid":{"rendered":"https:\/\/rtb.ie\/ga\/?page_id=50228"},"modified":"2025-07-04T09:37:28","modified_gmt":"2025-07-04T09:37:28","slug":"other-research-reports","status":"publish","type":"page","link":"https:\/\/rtb.ie\/ga\/data-insights\/rtb-research-reports\/other-research-reports\/","title":{"rendered":"Tuarasc\u00e1lacha taighde eile"},"content":{"rendered":"\n<div class=\"translation-notice no-print\">\n        <div class=\"inner container\">\n            <p><strong>Cuirfear aistri\u00fach\u00e1n ar f\u00e1il go luath<\/strong><\/p>\n            <p>\u00c1r leithsc\u00e9al as an m\u00edchaoithi\u00falacht. Cuirfear aistri\u00fach\u00e1n Gaeilge ar an leathanach seo ar f\u00e1il go luath. Go raibh maith agat as do chuid foighneachta agus muid ag obair ar leagan uasd\u00e1taithe.<\/p>\n        <\/div>\n    <\/div><section id=\"block-block_845282911ec546e28fa1ac58f4e0023c\" class=\"header-block rtb-block colour-green margin-top-none margin-bottom-default\">\n    <div class=\"container\">\n        <nav class=\"breadcrumbs\" aria-label=\"breadcrumb\">\n    <span property=\"itemListElement\" typeof=\"ListItem\"><a property=\"item\" typeof=\"WebPage\" title=\"Go to Bord um Tion\u00f3ntachta\u00ed C\u00f3naithe.\" href=\"https:\/\/rtb.ie\/ga\" class=\"home\" aria-current=\"page\"><span property=\"name\"><i class=\"rtb-home-icon\"><\/i><\/span><\/a><meta property=\"position\" content=\"1\"><\/span><i class=\"rtb-chevron\"><\/i><\/nav>\n        \n        <div class=\"wrapper\">\n            <div class=\"content\">\n                            \n                <h1 class=\"heading-l\">Tuarasc\u00e1lacha taighde eile<\/h1>\n                                            <\/div>\n            <!-- Temporary image: Remove after migrating illustrations to the illustration_selection field -->\n            \n                                    <div class=\"illustration fade-up\" aria-hidden=\"true\">\n                                                    <img decoding=\"async\" src=\"https:\/\/rtb.ie\/ga\/wp-content\/themes\/rtb\/assets\/images\/illustrations\/header-block\/header-illustration-green-a.svg\" alt=\"\" \/>\n                                            <\/div>\n                                    <\/div>\n\n    <\/div>\n<\/section>\n\n\n    <section id=\"block-block_382bfe88856e123720270ecd2d42b9bd\" class=\"cards-block rtb-block margin-top-xs margin-bottom-default\">\n        <div class=\"container\">\n            <div class=\"content\">\n                                    <article class=\"with-link\">\n                        <h2 class=\"heading-s\">Trends in Rental Price Inflation and the Introduction of Rent Pressure Zones in Ireland<\/h2>                        <p>Trends in Rental Price Inflation and the Introduction of Rent Pressure Zones in Ireland<\/p>\n                        <div class=\"footer\">\n                            <a class=\"text-link fade-in\" href=\"https:\/\/rtb.ie\/ga\/wp-content\/uploads\/2025\/06\/Trends_in_Rental_Price_Inflation_and_the_Introduction_of_RPZs_in_Irel.pdf\" target=\"\">View report<\/a>                        <\/div>\n                    <\/article>\n                                    <article class=\"with-link\">\n                        <h2 class=\"heading-s\">Landlord and Tenant Experiences of Rent Pressure Zone Measures<\/h2>                        <p>Landlord and Tenant Experiences of Rent Pressure Zone Measures<\/p>\n                        <div class=\"footer\">\n                            <a class=\"text-link fade-in\" href=\"https:\/\/rtb.ie\/ga\/wp-content\/uploads\/2025\/06\/Landlord_and_Tenant_Experiences_of_Rent_Pressure_Zone_Measures.pdf\" target=\"\">View report<\/a>                        <\/div>\n                    <\/article>\n                                    <article class=\"with-link\">\n                        <h2 class=\"heading-s\">Private Rented Sector Survey Findings: Tenants, Landlords &amp; Estate Agents<\/h2>                        <p>Private Rented Sector Survey Findings: Tenants, Landlords &amp; Estate Agents<\/p>\n                        <div class=\"footer\">\n                            <a class=\"text-link fade-in\" href=\"https:\/\/rtb.ie\/ga\/wp-content\/uploads\/2025\/06\/DKM_2014-10-prs-survey-findings-for-prtb-report-final.pdf\" target=\"\">View report<\/a>                        <\/div>\n                    <\/article>\n                                    <article class=\"with-link\">\n                        <h2 class=\"heading-s\">Experiences of Travellers in the Private Rented Sector<\/h2>                        <p>Experiences of Travellers in the Private Rented Sector<\/p>\n                        <div class=\"footer\">\n                            <a class=\"text-link fade-in\" href=\"https:\/\/rtb.ie\/ga\/wp-content\/uploads\/2025\/06\/experiences-of-travellers-in-the-private-rented-sector-on-the-web.pdf\" target=\"\">View report<\/a>                        <\/div>\n                    <\/article>\n                                    <article class=\"with-link\">\n                        <h2 class=\"heading-s\">Estimated Number of Private Tenancies at the end of 2021<\/h2>                        <p>Estimated Number of Private Tenancies at the end of 2021<\/p>\n                        <div class=\"footer\">\n                            <a class=\"text-link fade-in\" href=\"https:\/\/rtb.ie\/ga\/wp-content\/uploads\/2025\/06\/Estimated_Number_of_Private_Tenancies_at_the_end_of_2021_Final.pdf\" target=\"\">View report<\/a>                        <\/div>\n                    <\/article>\n                                    <article class=\"with-link\">\n                        <h2 class=\"heading-s\">Rent Stability in the Private Rented Sector Final Report<\/h2>                        <p>Rent Stability in the Private Rented Sector Final Report<\/p>\n                        <div class=\"footer\">\n                            <a class=\"text-link fade-in\" href=\"https:\/\/rtb.ie\/ga\/wp-content\/uploads\/2025\/06\/DKM_Rent-stability-in-the-private-rented-sector.pdf\" target=\"\">View report<\/a>                        <\/div>\n                    <\/article>\n                            <\/div>\n        <\/div>\n    <\/section>\n","protected":false},"excerpt":{"rendered":"","protected":false},"author":6,"featured_media":0,"parent":182,"menu_order":0,"comment_status":"closed","ping_status":"closed","template":"","meta":{"_acf_changed":false,"inline_featured_image":false,"_relevanssi_hide_post":"","_relevanssi_hide_content":"","_relevanssi_pin_for_all":"","_relevanssi_pin_keywords":"","_relevanssi_unpin_keywords":"","_relevanssi_related_keywords":"","_relevanssi_related_include_ids":"","_relevanssi_related_exclude_ids":"","_relevanssi_related_no_append":"","_relevanssi_related_not_related":"","_relevanssi_related_posts":"1,1239","_relevanssi_noindex_reason":"","_trash_the_other_posts":false,"editor_notices":[],"footnotes":""},"class_list":["post-50228","page","type-page","status-publish","hentry"],"acf":[],"jetpack_sharing_enabled":true,"publishpress_future_action":{"enabled":false,"date":"2026-04-28 00:29:28","action":"change-status","newStatus":"draft","terms":[],"taxonomy":"","extraData":[]},"publishpress_future_workflow_manual_trigger":{"enabledWorkflows":[]},"_links":{"self":[{"href":"https:\/\/rtb.ie\/ga\/wp-json\/wp\/v2\/pages\/50228","targetHints":{"allow":["GET"]}}],"collection":[{"href":"https:\/\/rtb.ie\/ga\/wp-json\/wp\/v2\/pages"}],"about":[{"href":"https:\/\/rtb.ie\/ga\/wp-json\/wp\/v2\/types\/page"}],"author":[{"embeddable":true,"href":"https:\/\/rtb.ie\/ga\/wp-json\/wp\/v2\/users\/6"}],"replies":[{"embeddable":true,"href":"https:\/\/rtb.ie\/ga\/wp-json\/wp\/v2\/comments?post=50228"}],"version-history":[{"count":5,"href":"https:\/\/rtb.ie\/ga\/wp-json\/wp\/v2\/pages\/50228\/revisions"}],"predecessor-version":[{"id":51466,"href":"https:\/\/rtb.ie\/ga\/wp-json\/wp\/v2\/pages\/50228\/revisions\/51466"}],"up":[{"embeddable":true,"href":"https:\/\/rtb.ie\/ga\/wp-json\/wp\/v2\/pages\/182"}],"wp:attachment":[{"href":"https:\/\/rtb.ie\/ga\/wp-json\/wp\/v2\/media?parent=50228"}],"curies":[{"name":"wp","href":"https:\/\/api.w.org\/{rel}","templated":true}]}}