{"id":51052,"date":"2025-06-12T10:34:59","date_gmt":"2025-06-12T10:34:59","guid":{"rendered":"https:\/\/rtb.ie\/ga\/compliance\/check-rpz-compliance\/hcip-index-table\/"},"modified":"2025-06-12T10:42:54","modified_gmt":"2025-06-12T10:42:54","slug":"hcip-table","status":"publish","type":"page","link":"https:\/\/rtb.ie\/ga\/compliance\/check-rpz-compliance\/hcip-table\/","title":{"rendered":"HCIP Index table"},"content":{"rendered":"\n<div class=\"translation-notice no-print\">\n        <div class=\"inner container\">\n            <p><strong>Cuirfear aistri\u00fach\u00e1n ar f\u00e1il go luath<\/strong><\/p>\n            <p>\u00c1r leithsc\u00e9al as an m\u00edchaoithi\u00falacht. Cuirfear aistri\u00fach\u00e1n Gaeilge ar an leathanach seo ar f\u00e1il go luath. Go raibh maith agat as do chuid foighneachta agus muid ag obair ar leagan uasd\u00e1taithe.<\/p>\n        <\/div>\n    <\/div><section id=\"block-block_259d21b3b7dd1a0b5def9eca91b0cdcb\" class=\"header-block rtb-block colour-teal margin-top-none margin-bottom-default\">\n    <div class=\"container\">\n        <nav class=\"breadcrumbs\" aria-label=\"breadcrumb\">\n    <span property=\"itemListElement\" typeof=\"ListItem\"><a property=\"item\" typeof=\"WebPage\" title=\"Go to Bord um Tion\u00f3ntachta\u00ed C\u00f3naithe.\" href=\"https:\/\/rtb.ie\/ga\" class=\"home\" aria-current=\"page\"><span property=\"name\"><i class=\"rtb-home-icon\"><\/i><\/span><\/a><meta property=\"position\" content=\"1\"><\/span><i class=\"rtb-chevron\"><\/i><\/nav>\n        \n        <div class=\"wrapper\">\n            <div class=\"content\">\n                            \n                <h1 class=\"heading-l\">HCIP Index table<\/h1>\n                                            <\/div>\n            <!-- Temporary image: Remove after migrating illustrations to the illustration_selection field -->\n            \n                                    <div class=\"illustration fade-up\" aria-hidden=\"true\">\n                                                    <img decoding=\"async\" src=\"https:\/\/rtb.ie\/ga\/wp-content\/themes\/rtb\/assets\/images\/illustrations\/header-block\/header-illustration-teal-a.svg\" alt=\"\" \/>\n                                            <\/div>\n                                    <\/div>\n\n    <\/div>\n<\/section>\n\n\n<section id=\"block-block_5ac00ea2deb403cc1a97efe554209ffd\" class=\"header-paragraph-block rtb-block  margin-top-none margin-bottom-default\">\n\t<div class=\"container\">\n\t\t<div class=\"content\">\n\t\t\t<article class=\"cms-content\">\n\t\t\t\t\t\t\t\t\t<h2>The Harmonised Indices of Consumer Prices (HICP)<\/h2>\n<p>The RTB RPZ calculator shall compare the HICP value contained in the HICP table published by the RTB on or most recently before the date that the rent was last set, with the HICP value contained in the HICP table published by the RTB on or most recently before the date that any new rent increase is being determined by the calculator.<\/p>\n<p>Any difference between the two aforementioned HICP values shall be calculated as a percentage by the RPZ calculator. If that percentage is a positive value (i.e. there has been an increase in HICP values over the period in question), it is applied by the RPZ calculator to the amount of the rent last set to produce the amount of any permissible rent increase.<\/p>\n<p>If that percentage is zero or a negative value, the calculator will advise that no rent increase is allowed. This does not prevent a landlord and a tenant agreeing a lower rent than the current rent. Any table of HICP values published by the RTB shall be based on the All-Items Harmonised Index of the Consumer Price (HICP) values in relation to Ireland, which is published by the Central Statistics Office with reference to EuroStat data.<\/p>\n\t\t\t\t\t\t\t<\/article>\n\t\t\t\t\t<\/div>\n\t<\/div>\n<\/section>\n\n\n<section id=\"block-block_fe025fb45ece12d821424d196e2c92ce\" class=\"table-block rtb-block margin-top-xs margin-bottom-default\">\n\t<div class=\"container\">\n\t\t<div class=\"content\">\n\t\t\t\t\t\t<table>\n\t\t\t\t\n\t\t\t\t\n\t\t\t\t<tbody>\n\t\t\t\t\t\t\t\t\t\t\t<tr>\n\t\t\t\t\t\t\t\t\t\t\t\t\t\t\t<td>Year<\/td>\n\t\t\t\t\t\t\t\t\t\t\t\t\t\t\t<td>Jan<\/td>\n\t\t\t\t\t\t\t\t\t\t\t\t\t\t\t<td>Feb<\/td>\n\t\t\t\t\t\t\t\t\t\t\t\t\t\t\t<td>Mar<\/td>\n\t\t\t\t\t\t\t\t\t\t\t\t\t\t\t<td>Apr<\/td>\n\t\t\t\t\t\t\t\t\t\t\t\t\t\t\t<td>May<\/td>\n\t\t\t\t\t\t\t\t\t\t\t\t\t\t\t<td>Jun<\/td>\n\t\t\t\t\t\t\t\t\t\t\t\t\t\t\t<td>Jul<\/td>\n\t\t\t\t\t\t\t\t\t\t\t\t\t\t\t<td>Aug<\/td>\n\t\t\t\t\t\t\t\t\t\t\t\t\t\t\t<td>Sept<\/td>\n\t\t\t\t\t\t\t\t\t\t\t\t\t\t\t<td>Oct<\/td>\n\t\t\t\t\t\t\t\t\t\t\t\t\t\t\t<td>Nov<\/td>\n\t\t\t\t\t\t\t\t\t\t\t\t\t\t\t<td>Dec<\/td>\n\t\t\t\t\t\t\t\t\t\t\t\t\t<\/tr>\n\t\t\t\t\t\t\t\t\t\t\t<tr>\n\t\t\t\t\t\t\t\t\t\t\t\t\t\t\t<td>1996<\/td>\n\t\t\t\t\t\t\t\t\t\t\t\t\t\t\t<td>68.1\t<\/td>\n\t\t\t\t\t\t\t\t\t\t\t\t\t\t\t<td>68.6\t<\/td>\n\t\t\t\t\t\t\t\t\t\t\t\t\t\t\t<td>68.9\t<\/td>\n\t\t\t\t\t\t\t\t\t\t\t\t\t\t\t<td>68.8\t<\/td>\n\t\t\t\t\t\t\t\t\t\t\t\t\t\t\t<td>68.9\t<\/td>\n\t\t\t\t\t\t\t\t\t\t\t\t\t\t\t<td>69.1\t<\/td>\n\t\t\t\t\t\t\t\t\t\t\t\t\t\t\t<td>68.9\t<\/td>\n\t\t\t\t\t\t\t\t\t\t\t\t\t\t\t<td>69.3\t<\/td>\n\t\t\t\t\t\t\t\t\t\t\t\t\t\t\t<td>69.7<\/td>\n\t\t\t\t\t\t\t\t\t\t\t\t\t\t\t<td>\t69.6\t<\/td>\n\t\t\t\t\t\t\t\t\t\t\t\t\t\t\t<td>69.7\t<\/td>\n\t\t\t\t\t\t\t\t\t\t\t\t\t\t\t<td>70<\/td>\n\t\t\t\t\t\t\t\t\t\t\t\t\t<\/tr>\n\t\t\t\t\t\t\t\t\t\t\t<tr>\n\t\t\t\t\t\t\t\t\t\t\t\t\t\t\t<td>1997<\/td>\n\t\t\t\t\t\t\t\t\t\t\t\t\t\t\t<td>69.3\t<\/td>\n\t\t\t\t\t\t\t\t\t\t\t\t\t\t\t<td>69.8\t<\/td>\n\t\t\t\t\t\t\t\t\t\t\t\t\t\t\t<td>69.8\t<\/td>\n\t\t\t\t\t\t\t\t\t\t\t\t\t\t\t<td>69.9\t<\/td>\n\t\t\t\t\t\t\t\t\t\t\t\t\t\t\t<td>69.9\t<\/td>\n\t\t\t\t\t\t\t\t\t\t\t\t\t\t\t<td>70.1\t<\/td>\n\t\t\t\t\t\t\t\t\t\t\t\t\t\t\t<td>70\t<\/td>\n\t\t\t\t\t\t\t\t\t\t\t\t\t\t\t<td>69.8\t<\/td>\n\t\t\t\t\t\t\t\t\t\t\t\t\t\t\t<td>70.1\t<\/td>\n\t\t\t\t\t\t\t\t\t\t\t\t\t\t\t<td>70.2\t<\/td>\n\t\t\t\t\t\t\t\t\t\t\t\t\t\t\t<td>70.4\t<\/td>\n\t\t\t\t\t\t\t\t\t\t\t\t\t\t\t<td>70.7<\/td>\n\t\t\t\t\t\t\t\t\t\t\t\t\t<\/tr>\n\t\t\t\t\t\t\t\t\t\t\t<tr>\n\t\t\t\t\t\t\t\t\t\t\t\t\t\t\t<td>1998<\/td>\n\t\t\t\t\t\t\t\t\t\t\t\t\t\t\t<td>70.2\t<\/td>\n\t\t\t\t\t\t\t\t\t\t\t\t\t\t\t<td>70.5\t<\/td>\n\t\t\t\t\t\t\t\t\t\t\t\t\t\t\t<td>70.9\t<\/td>\n\t\t\t\t\t\t\t\t\t\t\t\t\t\t\t<td>71.3\t<\/td>\n\t\t\t\t\t\t\t\t\t\t\t\t\t\t\t<td>71.5\t<\/td>\n\t\t\t\t\t\t\t\t\t\t\t\t\t\t\t<td>71.9\t<\/td>\n\t\t\t\t\t\t\t\t\t\t\t\t\t\t\t<td>71.7\t<\/td>\n\t\t\t\t\t\t\t\t\t\t\t\t\t\t\t<td>71.8\t<\/td>\n\t\t\t\t\t\t\t\t\t\t\t\t\t\t\t<td>72\t<\/td>\n\t\t\t\t\t\t\t\t\t\t\t\t\t\t\t<td>72\t<\/td>\n\t\t\t\t\t\t\t\t\t\t\t\t\t\t\t<td>72\t<\/td>\n\t\t\t\t\t\t\t\t\t\t\t\t\t\t\t<td>72.2<\/td>\n\t\t\t\t\t\t\t\t\t\t\t\t\t<\/tr>\n\t\t\t\t\t\t\t\t\t\t\t<tr>\n\t\t\t\t\t\t\t\t\t\t\t\t\t\t\t<td>1999<\/td>\n\t\t\t\t\t\t\t\t\t\t\t\t\t\t\t<td>71.6\t<\/td>\n\t\t\t\t\t\t\t\t\t\t\t\t\t\t\t<td>72.1\t<\/td>\n\t\t\t\t\t\t\t\t\t\t\t\t\t\t\t<td>72.3\t<\/td>\n\t\t\t\t\t\t\t\t\t\t\t\t\t\t\t<td>72.7\t<\/td>\n\t\t\t\t\t\t\t\t\t\t\t\t\t\t\t<td>73.2\t<\/td>\n\t\t\t\t\t\t\t\t\t\t\t\t\t\t\t<td>73.4\t<\/td>\n\t\t\t\t\t\t\t\t\t\t\t\t\t\t\t<td>73.1\t<\/td>\n\t\t\t\t\t\t\t\t\t\t\t\t\t\t\t<td>73.6\t<\/td>\n\t\t\t\t\t\t\t\t\t\t\t\t\t\t\t<td>73.9\t<\/td>\n\t\t\t\t\t\t\t\t\t\t\t\t\t\t\t<td>74\t<\/td>\n\t\t\t\t\t\t\t\t\t\t\t\t\t\t\t<td>74.1<\/td>\n\t\t\t\t\t\t\t\t\t\t\t\t\t\t\t<td>\t75<\/td>\n\t\t\t\t\t\t\t\t\t\t\t\t\t<\/tr>\n\t\t\t\t\t\t\t\t\t\t\t<tr>\n\t\t\t\t\t\t\t\t\t\t\t\t\t\t\t<td>2000<\/td>\n\t\t\t\t\t\t\t\t\t\t\t\t\t\t\t<td>74.8\t<\/td>\n\t\t\t\t\t\t\t\t\t\t\t\t\t\t\t<td>75.4\t<\/td>\n\t\t\t\t\t\t\t\t\t\t\t\t\t\t\t<td>75.9\t<\/td>\n\t\t\t\t\t\t\t\t\t\t\t\t\t\t\t<td>76.4\t<\/td>\n\t\t\t\t\t\t\t\t\t\t\t\t\t\t\t<td>76.9\t<\/td>\n\t\t\t\t\t\t\t\t\t\t\t\t\t\t\t<td>77.4\t<\/td>\n\t\t\t\t\t\t\t\t\t\t\t\t\t\t\t<td>77.4\t<\/td>\n\t\t\t\t\t\t\t\t\t\t\t\t\t\t\t<td>77.8\t<\/td>\n\t\t\t\t\t\t\t\t\t\t\t\t\t\t\t<td>78\t<\/td>\n\t\t\t\t\t\t\t\t\t\t\t\t\t\t\t<td>78.4\t<\/td>\n\t\t\t\t\t\t\t\t\t\t\t\t\t\t\t<td>78.5\t<\/td>\n\t\t\t\t\t\t\t\t\t\t\t\t\t\t\t<td>78.5<\/td>\n\t\t\t\t\t\t\t\t\t\t\t\t\t<\/tr>\n\t\t\t\t\t\t\t\t\t\t\t<tr>\n\t\t\t\t\t\t\t\t\t\t\t\t\t\t\t<td>2001<\/td>\n\t\t\t\t\t\t\t\t\t\t\t\t\t\t\t<td>77.7\t<\/td>\n\t\t\t\t\t\t\t\t\t\t\t\t\t\t\t<td>78.4\t<\/td>\n\t\t\t\t\t\t\t\t\t\t\t\t\t\t\t<td>79\t<\/td>\n\t\t\t\t\t\t\t\t\t\t\t\t\t\t\t<td>79.6\t<\/td>\n\t\t\t\t\t\t\t\t\t\t\t\t\t\t\t<td>80.1\t<\/td>\n\t\t\t\t\t\t\t\t\t\t\t\t\t\t\t<td>80.7\t<\/td>\n\t\t\t\t\t\t\t\t\t\t\t\t\t\t\t<td>80.5\t<\/td>\n\t\t\t\t\t\t\t\t\t\t\t\t\t\t\t<td>80.7\t<\/td>\n\t\t\t\t\t\t\t\t\t\t\t\t\t\t\t<td>81\t<\/td>\n\t\t\t\t\t\t\t\t\t\t\t\t\t\t\t<td>81.4\t<\/td>\n\t\t\t\t\t\t\t\t\t\t\t\t\t\t\t<td>81.3<\/td>\n\t\t\t\t\t\t\t\t\t\t\t\t\t\t\t<td>\t81.9<\/td>\n\t\t\t\t\t\t\t\t\t\t\t\t\t<\/tr>\n\t\t\t\t\t\t\t\t\t\t\t<tr>\n\t\t\t\t\t\t\t\t\t\t\t\t\t\t\t<td>2002<\/td>\n\t\t\t\t\t\t\t\t\t\t\t\t\t\t\t<td>81.8\t<\/td>\n\t\t\t\t\t\t\t\t\t\t\t\t\t\t\t<td>82.3\t<\/td>\n\t\t\t\t\t\t\t\t\t\t\t\t\t\t\t<td>83\t<\/td>\n\t\t\t\t\t\t\t\t\t\t\t\t\t\t\t<td>83.7\t<\/td>\n\t\t\t\t\t\t\t\t\t\t\t\t\t\t\t<td>84.1\t<\/td>\n\t\t\t\t\t\t\t\t\t\t\t\t\t\t\t<td>84.3\t<\/td>\n\t\t\t\t\t\t\t\t\t\t\t\t\t\t\t<td>83.8\t<\/td>\n\t\t\t\t\t\t\t\t\t\t\t\t\t\t\t<td>84.3\t<\/td>\n\t\t\t\t\t\t\t\t\t\t\t\t\t\t\t<td>84.6\t<\/td>\n\t\t\t\t\t\t\t\t\t\t\t\t\t\t\t<td>85\t<\/td>\n\t\t\t\t\t\t\t\t\t\t\t\t\t\t\t<td>85\t<\/td>\n\t\t\t\t\t\t\t\t\t\t\t\t\t\t\t<td>85.6<\/td>\n\t\t\t\t\t\t\t\t\t\t\t\t\t<\/tr>\n\t\t\t\t\t\t\t\t\t\t\t<tr>\n\t\t\t\t\t\t\t\t\t\t\t\t\t\t\t<td>2003<\/td>\n\t\t\t\t\t\t\t\t\t\t\t\t\t\t\t<td>85.7\t<\/td>\n\t\t\t\t\t\t\t\t\t\t\t\t\t\t\t<td>86.5\t<\/td>\n\t\t\t\t\t\t\t\t\t\t\t\t\t\t\t<td>87.1\t<\/td>\n\t\t\t\t\t\t\t\t\t\t\t\t\t\t\t<td>87.5\t<\/td>\n\t\t\t\t\t\t\t\t\t\t\t\t\t\t\t<td>87.4\t<\/td>\n\t\t\t\t\t\t\t\t\t\t\t\t\t\t\t<td>87.4\t<\/td>\n\t\t\t\t\t\t\t\t\t\t\t\t\t\t\t<td>87.1\t<\/td>\n\t\t\t\t\t\t\t\t\t\t\t\t\t\t\t<td>87.7\t<\/td>\n\t\t\t\t\t\t\t\t\t\t\t\t\t\t\t<td>87.8\t<\/td>\n\t\t\t\t\t\t\t\t\t\t\t\t\t\t\t<td>87.8\t<\/td>\n\t\t\t\t\t\t\t\t\t\t\t\t\t\t\t<td>87.8\t<\/td>\n\t\t\t\t\t\t\t\t\t\t\t\t\t\t\t<td>88.2<\/td>\n\t\t\t\t\t\t\t\t\t\t\t\t\t<\/tr>\n\t\t\t\t\t\t\t\t\t\t\t<tr>\n\t\t\t\t\t\t\t\t\t\t\t\t\t\t\t<td>2004<\/td>\n\t\t\t\t\t\t\t\t\t\t\t\t\t\t\t<td>87.6\t<\/td>\n\t\t\t\t\t\t\t\t\t\t\t\t\t\t\t<td>88.4\t<\/td>\n\t\t\t\t\t\t\t\t\t\t\t\t\t\t\t<td>88.7\t<\/td>\n\t\t\t\t\t\t\t\t\t\t\t\t\t\t\t<td>89\t<\/td>\n\t\t\t\t\t\t\t\t\t\t\t\t\t\t\t<td>89.2\t<\/td>\n\t\t\t\t\t\t\t\t\t\t\t\t\t\t\t<td>89.6\t<\/td>\n\t\t\t\t\t\t\t\t\t\t\t\t\t\t\t<td>89.3\t<\/td>\n\t\t\t\t\t\t\t\t\t\t\t\t\t\t\t<td>89.9\t<\/td>\n\t\t\t\t\t\t\t\t\t\t\t\t\t\t\t<td>89.9\t<\/td>\n\t\t\t\t\t\t\t\t\t\t\t\t\t\t\t<td>90\t<\/td>\n\t\t\t\t\t\t\t\t\t\t\t\t\t\t\t<td>90.2\t<\/td>\n\t\t\t\t\t\t\t\t\t\t\t\t\t\t\t<td>90.3<\/td>\n\t\t\t\t\t\t\t\t\t\t\t\t\t<\/tr>\n\t\t\t\t\t\t\t\t\t\t\t<tr>\n\t\t\t\t\t\t\t\t\t\t\t\t\t\t\t<td>2005<\/td>\n\t\t\t\t\t\t\t\t\t\t\t\t\t\t\t<td>89.4\t<\/td>\n\t\t\t\t\t\t\t\t\t\t\t\t\t\t\t<td>90.2\t<\/td>\n\t\t\t\t\t\t\t\t\t\t\t\t\t\t\t<td>90.4\t<\/td>\n\t\t\t\t\t\t\t\t\t\t\t\t\t\t\t<td>90.9\t<\/td>\n\t\t\t\t\t\t\t\t\t\t\t\t\t\t\t<td>91.1<\/td>\n\t\t\t\t\t\t\t\t\t\t\t\t\t\t\t<td>\t91.4\t<\/td>\n\t\t\t\t\t\t\t\t\t\t\t\t\t\t\t<td>91.3\t<\/td>\n\t\t\t\t\t\t\t\t\t\t\t\t\t\t\t<td>91.8\t<\/td>\n\t\t\t\t\t\t\t\t\t\t\t\t\t\t\t<td>92.4\t<\/td>\n\t\t\t\t\t\t\t\t\t\t\t\t\t\t\t<td>92.4\t<\/td>\n\t\t\t\t\t\t\t\t\t\t\t\t\t\t\t<td>92.2\t<\/td>\n\t\t\t\t\t\t\t\t\t\t\t\t\t\t\t<td>92<\/td>\n\t\t\t\t\t\t\t\t\t\t\t\t\t<\/tr>\n\t\t\t\t\t\t\t\t\t\t\t<tr>\n\t\t\t\t\t\t\t\t\t\t\t\t\t\t\t<td>2006<\/td>\n\t\t\t\t\t\t\t\t\t\t\t\t\t\t\t<td>91.5\t<\/td>\n\t\t\t\t\t\t\t\t\t\t\t\t\t\t\t<td>92.6\t<\/td>\n\t\t\t\t\t\t\t\t\t\t\t\t\t\t\t<td>92.9\t<\/td>\n\t\t\t\t\t\t\t\t\t\t\t\t\t\t\t<td>93.4\t<\/td>\n\t\t\t\t\t\t\t\t\t\t\t\t\t\t\t<td>93.9\t<\/td>\n\t\t\t\t\t\t\t\t\t\t\t\t\t\t\t<td>94\t<\/td>\n\t\t\t\t\t\t\t\t\t\t\t\t\t\t\t<td>94\t<\/td>\n\t\t\t\t\t\t\t\t\t\t\t\t\t\t\t<td>94.6\t<\/td>\n\t\t\t\t\t\t\t\t\t\t\t\t\t\t\t<td>94.4\t<\/td>\n\t\t\t\t\t\t\t\t\t\t\t\t\t\t\t<td>94.4\t<\/td>\n\t\t\t\t\t\t\t\t\t\t\t\t\t\t\t<td>94.4\t<\/td>\n\t\t\t\t\t\t\t\t\t\t\t\t\t\t\t<td>94.8<\/td>\n\t\t\t\t\t\t\t\t\t\t\t\t\t<\/tr>\n\t\t\t\t\t\t\t\t\t\t\t<tr>\n\t\t\t\t\t\t\t\t\t\t\t\t\t\t\t<td>2007<\/td>\n\t\t\t\t\t\t\t\t\t\t\t\t\t\t\t<td>94.2\t<\/td>\n\t\t\t\t\t\t\t\t\t\t\t\t\t\t\t<td>95.1\t<\/td>\n\t\t\t\t\t\t\t\t\t\t\t\t\t\t\t<td>95.7\t<\/td>\n\t\t\t\t\t\t\t\t\t\t\t\t\t\t\t<td>96.1\t<\/td>\n\t\t\t\t\t\t\t\t\t\t\t\t\t\t\t<td>96.4\t<\/td>\n\t\t\t\t\t\t\t\t\t\t\t\t\t\t\t<td>96.6\t<\/td>\n\t\t\t\t\t\t\t\t\t\t\t\t\t\t\t<td>96.5\t<\/td>\n\t\t\t\t\t\t\t\t\t\t\t\t\t\t\t<td>96.9\t<\/td>\n\t\t\t\t\t\t\t\t\t\t\t\t\t\t\t<td>97.1\t<\/td>\n\t\t\t\t\t\t\t\t\t\t\t\t\t\t\t<td>97.2\t<\/td>\n\t\t\t\t\t\t\t\t\t\t\t\t\t\t\t<td>97.7\t<\/td>\n\t\t\t\t\t\t\t\t\t\t\t\t\t\t\t<td>97.8<\/td>\n\t\t\t\t\t\t\t\t\t\t\t\t\t<\/tr>\n\t\t\t\t\t\t\t\t\t\t\t<tr>\n\t\t\t\t\t\t\t\t\t\t\t\t\t\t\t<td>2008<\/td>\n\t\t\t\t\t\t\t\t\t\t\t\t\t\t\t<td>97.1\t<\/td>\n\t\t\t\t\t\t\t\t\t\t\t\t\t\t\t<td>98.3\t<\/td>\n\t\t\t\t\t\t\t\t\t\t\t\t\t\t\t<td>99.3\t<\/td>\n\t\t\t\t\t\t\t\t\t\t\t\t\t\t\t<td>99.4\t<\/td>\n\t\t\t\t\t\t\t\t\t\t\t\t\t\t\t<td>100\t<\/td>\n\t\t\t\t\t\t\t\t\t\t\t\t\t\t\t<td>100.4\t<\/td>\n\t\t\t\t\t\t\t\t\t\t\t\t\t\t\t<td>99.9\t<\/td>\n\t\t\t\t\t\t\t\t\t\t\t\t\t\t\t<td>100\t<\/td>\n\t\t\t\t\t\t\t\t\t\t\t\t\t\t\t<td>100.2\t<\/td>\n\t\t\t\t\t\t\t\t\t\t\t\t\t\t\t<td>99.9\t<\/td>\n\t\t\t\t\t\t\t\t\t\t\t\t\t\t\t<td>99.8\t<\/td>\n\t\t\t\t\t\t\t\t\t\t\t\t\t\t\t<td>99.1<\/td>\n\t\t\t\t\t\t\t\t\t\t\t\t\t<\/tr>\n\t\t\t\t\t\t\t\t\t\t\t<tr>\n\t\t\t\t\t\t\t\t\t\t\t\t\t\t\t<td>2009<\/td>\n\t\t\t\t\t\t\t\t\t\t\t\t\t\t\t<td>98.3\t<\/td>\n\t\t\t\t\t\t\t\t\t\t\t\t\t\t\t<td>98.4\t<\/td>\n\t\t\t\t\t\t\t\t\t\t\t\t\t\t\t<td>98.5<\/td>\n\t\t\t\t\t\t\t\t\t\t\t\t\t\t\t<td>98.6\t<\/td>\n\t\t\t\t\t\t\t\t\t\t\t\t\t\t\t<td>98.3\t<\/td>\n\t\t\t\t\t\t\t\t\t\t\t\t\t\t\t<td>98.3\t<\/td>\n\t\t\t\t\t\t\t\t\t\t\t\t\t\t\t<td>97.4\t<\/td>\n\t\t\t\t\t\t\t\t\t\t\t\t\t\t\t<td>97.6\t<\/td>\n\t\t\t\t\t\t\t\t\t\t\t\t\t\t\t<td>97.3<\/td>\n\t\t\t\t\t\t\t\t\t\t\t\t\t\t\t<td>\t97\t<\/td>\n\t\t\t\t\t\t\t\t\t\t\t\t\t\t\t<td>97<\/td>\n\t\t\t\t\t\t\t\t\t\t\t\t\t\t\t<td>96.5<\/td>\n\t\t\t\t\t\t\t\t\t\t\t\t\t<\/tr>\n\t\t\t\t\t\t\t\t\t\t\t<tr>\n\t\t\t\t\t\t\t\t\t\t\t\t\t\t\t<td>2010<\/td>\n\t\t\t\t\t\t\t\t\t\t\t\t\t\t\t<td>95.8\t<\/td>\n\t\t\t\t\t\t\t\t\t\t\t\t\t\t\t<td>96\t<\/td>\n\t\t\t\t\t\t\t\t\t\t\t\t\t\t\t<td>96.1\t<\/td>\n\t\t\t\t\t\t\t\t\t\t\t\t\t\t\t<td>96.2\t<\/td>\n\t\t\t\t\t\t\t\t\t\t\t\t\t\t\t<td>96.4\t<\/td>\n\t\t\t\t\t\t\t\t\t\t\t\t\t\t\t<td>96.3\t<\/td>\n\t\t\t\t\t\t\t\t\t\t\t\t\t\t\t<td>96.2\t<\/td>\n\t\t\t\t\t\t\t\t\t\t\t\t\t\t\t<td>96.4\t<\/td>\n\t\t\t\t\t\t\t\t\t\t\t\t\t\t\t<td>96.2\t<\/td>\n\t\t\t\t\t\t\t\t\t\t\t\t\t\t\t<td>96.3\t<\/td>\n\t\t\t\t\t\t\t\t\t\t\t\t\t\t\t<td>96.1\t<\/td>\n\t\t\t\t\t\t\t\t\t\t\t\t\t\t\t<td>96.3<\/td>\n\t\t\t\t\t\t\t\t\t\t\t\t\t<\/tr>\n\t\t\t\t\t\t\t\t\t\t\t<tr>\n\t\t\t\t\t\t\t\t\t\t\t\t\t\t\t<td>2011<\/td>\n\t\t\t\t\t\t\t\t\t\t\t\t\t\t\t<td>96.1\t<\/td>\n\t\t\t\t\t\t\t\t\t\t\t\t\t\t\t<td>96.9\t<\/td>\n\t\t\t\t\t\t\t\t\t\t\t\t\t\t\t<td>97.3\t<\/td>\n\t\t\t\t\t\t\t\t\t\t\t\t\t\t\t<td>97.6\t<\/td>\n\t\t\t\t\t\t\t\t\t\t\t\t\t\t\t<td>97.6\t<\/td>\n\t\t\t\t\t\t\t\t\t\t\t\t\t\t\t<td>97.4\t<\/td>\n\t\t\t\t\t\t\t\t\t\t\t\t\t\t\t<td>97.2\t<\/td>\n\t\t\t\t\t\t\t\t\t\t\t\t\t\t\t<td>97.4\t<\/td>\n\t\t\t\t\t\t\t\t\t\t\t\t\t\t\t<td>97.5\t<\/td>\n\t\t\t\t\t\t\t\t\t\t\t\t\t\t\t<td>97.8\t<\/td>\n\t\t\t\t\t\t\t\t\t\t\t\t\t\t\t<td>97.8\t<\/td>\n\t\t\t\t\t\t\t\t\t\t\t\t\t\t\t<td>97.7<\/td>\n\t\t\t\t\t\t\t\t\t\t\t\t\t<\/tr>\n\t\t\t\t\t\t\t\t\t\t\t<tr>\n\t\t\t\t\t\t\t\t\t\t\t\t\t\t\t<td>2012<\/td>\n\t\t\t\t\t\t\t\t\t\t\t\t\t\t\t<td>97.3\t<\/td>\n\t\t\t\t\t\t\t\t\t\t\t\t\t\t\t<td>98.4<\/td>\n\t\t\t\t\t\t\t\t\t\t\t\t\t\t\t<td>\t99.4\t<\/td>\n\t\t\t\t\t\t\t\t\t\t\t\t\t\t\t<td>99.4\t<\/td>\n\t\t\t\t\t\t\t\t\t\t\t\t\t\t\t<td>99.4\t<\/td>\n\t\t\t\t\t\t\t\t\t\t\t\t\t\t\t<td>99.2\t<\/td>\n\t\t\t\t\t\t\t\t\t\t\t\t\t\t\t<td>99.1\t<\/td>\n\t\t\t\t\t\t\t\t\t\t\t\t\t\t\t<td>99.9\t<\/td>\n\t\t\t\t\t\t\t\t\t\t\t\t\t\t\t<td>99.9\t<\/td>\n\t\t\t\t\t\t\t\t\t\t\t\t\t\t\t<td>99.8\t<\/td>\n\t\t\t\t\t\t\t\t\t\t\t\t\t\t\t<td>99.3\t<\/td>\n\t\t\t\t\t\t\t\t\t\t\t\t\t\t\t<td>99.4<\/td>\n\t\t\t\t\t\t\t\t\t\t\t\t\t<\/tr>\n\t\t\t\t\t\t\t\t\t\t\t<tr>\n\t\t\t\t\t\t\t\t\t\t\t\t\t\t\t<td>2013<\/td>\n\t\t\t\t\t\t\t\t\t\t\t\t\t\t\t<td>98.8\t<\/td>\n\t\t\t\t\t\t\t\t\t\t\t\t\t\t\t<td>99.6\t<\/td>\n\t\t\t\t\t\t\t\t\t\t\t\t\t\t\t<td>100\t<\/td>\n\t\t\t\t\t\t\t\t\t\t\t\t\t\t\t<td>99.9\t<\/td>\n\t\t\t\t\t\t\t\t\t\t\t\t\t\t\t<td>99.8\t<\/td>\n\t\t\t\t\t\t\t\t\t\t\t\t\t\t\t<td>99.9\t<\/td>\n\t\t\t\t\t\t\t\t\t\t\t\t\t\t\t<td>99.9\t<\/td>\n\t\t\t\t\t\t\t\t\t\t\t\t\t\t\t<td>100\t<\/td>\n\t\t\t\t\t\t\t\t\t\t\t\t\t\t\t<td>99.9\t<\/td>\n\t\t\t\t\t\t\t\t\t\t\t\t\t\t\t<td>99.7\t<\/td>\n\t\t\t\t\t\t\t\t\t\t\t\t\t\t\t<td>99.6\t<\/td>\n\t\t\t\t\t\t\t\t\t\t\t\t\t\t\t<td>99.7<\/td>\n\t\t\t\t\t\t\t\t\t\t\t\t\t<\/tr>\n\t\t\t\t\t\t\t\t\t\t\t<tr>\n\t\t\t\t\t\t\t\t\t\t\t\t\t\t\t<td>2014<\/td>\n\t\t\t\t\t\t\t\t\t\t\t\t\t\t\t<td>99.1\t<\/td>\n\t\t\t\t\t\t\t\t\t\t\t\t\t\t\t<td>99.7\t<\/td>\n\t\t\t\t\t\t\t\t\t\t\t\t\t\t\t<td>100.2\t<\/td>\n\t\t\t\t\t\t\t\t\t\t\t\t\t\t\t<td>100.2\t<\/td>\n\t\t\t\t\t\t\t\t\t\t\t\t\t\t\t<td>100.2\t<\/td>\n\t\t\t\t\t\t\t\t\t\t\t\t\t\t\t<td>100.4\t<\/td>\n\t\t\t\t\t\t\t\t\t\t\t\t\t\t\t<td>100.3\t<\/td>\n\t\t\t\t\t\t\t\t\t\t\t\t\t\t\t<td>100.6\t<\/td>\n\t\t\t\t\t\t\t\t\t\t\t\t\t\t\t<td>100.4\t<\/td>\n\t\t\t\t\t\t\t\t\t\t\t\t\t\t\t<td>100.1\t<\/td>\n\t\t\t\t\t\t\t\t\t\t\t\t\t\t\t<td>99.8\t<\/td>\n\t\t\t\t\t\t\t\t\t\t\t\t\t\t\t<td>99.4<\/td>\n\t\t\t\t\t\t\t\t\t\t\t\t\t<\/tr>\n\t\t\t\t\t\t\t\t\t\t\t<tr>\n\t\t\t\t\t\t\t\t\t\t\t\t\t\t\t<td>2015<\/td>\n\t\t\t\t\t\t\t\t\t\t\t\t\t\t\t<td>98.7\t<\/td>\n\t\t\t\t\t\t\t\t\t\t\t\t\t\t\t<td>99.3\t<\/td>\n\t\t\t\t\t\t\t\t\t\t\t\t\t\t\t<td>100\t<\/td>\n\t\t\t\t\t\t\t\t\t\t\t\t\t\t\t<td>99.9\t<\/td>\n\t\t\t\t\t\t\t\t\t\t\t\t\t\t\t<td>100.4\t<\/td>\n\t\t\t\t\t\t\t\t\t\t\t\t\t\t\t<td>100.8\t<\/td>\n\t\t\t\t\t\t\t\t\t\t\t\t\t\t\t<td>100.5\t<\/td>\n\t\t\t\t\t\t\t\t\t\t\t\t\t\t\t<td>100.8\t<\/td>\n\t\t\t\t\t\t\t\t\t\t\t\t\t\t\t<td>100.3\t<\/td>\n\t\t\t\t\t\t\t\t\t\t\t\t\t\t\t<td>100\t<\/td>\n\t\t\t\t\t\t\t\t\t\t\t\t\t\t\t<td>99.7\t<\/td>\n\t\t\t\t\t\t\t\t\t\t\t\t\t\t\t<td>99.6<\/td>\n\t\t\t\t\t\t\t\t\t\t\t\t\t<\/tr>\n\t\t\t\t\t\t\t\t\t\t\t<tr>\n\t\t\t\t\t\t\t\t\t\t\t\t\t\t\t<td>2016<\/td>\n\t\t\t\t\t\t\t\t\t\t\t\t\t\t\t<td>98.7\t<\/td>\n\t\t\t\t\t\t\t\t\t\t\t\t\t\t\t<td>99.1\t<\/td>\n\t\t\t\t\t\t\t\t\t\t\t\t\t\t\t<td>99.4\t<\/td>\n\t\t\t\t\t\t\t\t\t\t\t\t\t\t\t<td>99.7\t<\/td>\n\t\t\t\t\t\t\t\t\t\t\t\t\t\t\t<td>100.2\t<\/td>\n\t\t\t\t\t\t\t\t\t\t\t\t\t\t\t<td>100.9\t<\/td>\n\t\t\t\t\t\t\t\t\t\t\t\t\t\t\t<td>100.6\t<\/td>\n\t\t\t\t\t\t\t\t\t\t\t\t\t\t\t<td>100.4\t<\/td>\n\t\t\t\t\t\t\t\t\t\t\t\t\t\t\t<td>100\t<\/td>\n\t\t\t\t\t\t\t\t\t\t\t\t\t\t\t<td>99.6\t<\/td>\n\t\t\t\t\t\t\t\t\t\t\t\t\t\t\t<td>99.5\t<\/td>\n\t\t\t\t\t\t\t\t\t\t\t\t\t\t\t<td>99.4<\/td>\n\t\t\t\t\t\t\t\t\t\t\t\t\t<\/tr>\n\t\t\t\t\t\t\t\t\t\t\t<tr>\n\t\t\t\t\t\t\t\t\t\t\t\t\t\t\t<td>2017<\/td>\n\t\t\t\t\t\t\t\t\t\t\t\t\t\t\t<td>98.9\t<\/td>\n\t\t\t\t\t\t\t\t\t\t\t\t\t\t\t<td>99.4\t<\/td>\n\t\t\t\t\t\t\t\t\t\t\t\t\t\t\t<td>100\t<\/td>\n\t\t\t\t\t\t\t\t\t\t\t\t\t\t\t<td>100.4\t<\/td>\n\t\t\t\t\t\t\t\t\t\t\t\t\t\t\t<td>100.2\t<\/td>\n\t\t\t\t\t\t\t\t\t\t\t\t\t\t\t<td>100.3\t<\/td>\n\t\t\t\t\t\t\t\t\t\t\t\t\t\t\t<td>100.4\t<\/td>\n\t\t\t\t\t\t\t\t\t\t\t\t\t\t\t<td>100.8\t<\/td>\n\t\t\t\t\t\t\t\t\t\t\t\t\t\t\t<td>100.2\t<\/td>\n\t\t\t\t\t\t\t\t\t\t\t\t\t\t\t<td>100.1\t<\/td>\n\t\t\t\t\t\t\t\t\t\t\t\t\t\t\t<td>100\t<\/td>\n\t\t\t\t\t\t\t\t\t\t\t\t\t\t\t<td>99.9<\/td>\n\t\t\t\t\t\t\t\t\t\t\t\t\t<\/tr>\n\t\t\t\t\t\t\t\t\t\t\t<tr>\n\t\t\t\t\t\t\t\t\t\t\t\t\t\t\t<td>2018<\/td>\n\t\t\t\t\t\t\t\t\t\t\t\t\t\t\t<td>99.2\t<\/td>\n\t\t\t\t\t\t\t\t\t\t\t\t\t\t\t<td>100.1\t<\/td>\n\t\t\t\t\t\t\t\t\t\t\t\t\t\t\t<td>100.5\t<\/td>\n\t\t\t\t\t\t\t\t\t\t\t\t\t\t\t<td>100.3\t<\/td>\n\t\t\t\t\t\t\t\t\t\t\t\t\t\t\t<td>100.9\t<\/td>\n\t\t\t\t\t\t\t\t\t\t\t\t\t\t\t<td>101\t<\/td>\n\t\t\t\t\t\t\t\t\t\t\t\t\t\t\t<td>101.4\t<\/td>\n\t\t\t\t\t\t\t\t\t\t\t\t\t\t\t<td>101.7\t<\/td>\n\t\t\t\t\t\t\t\t\t\t\t\t\t\t\t<td>101.4\t<\/td>\n\t\t\t\t\t\t\t\t\t\t\t\t\t\t\t<td>101.2\t<\/td>\n\t\t\t\t\t\t\t\t\t\t\t\t\t\t\t<td>100.8\t<\/td>\n\t\t\t\t\t\t\t\t\t\t\t\t\t\t\t<td>100.7<\/td>\n\t\t\t\t\t\t\t\t\t\t\t\t\t<\/tr>\n\t\t\t\t\t\t\t\t\t\t\t<tr>\n\t\t\t\t\t\t\t\t\t\t\t\t\t\t\t<td>2019<\/td>\n\t\t\t\t\t\t\t\t\t\t\t\t\t\t\t<td>100\t<\/td>\n\t\t\t\t\t\t\t\t\t\t\t\t\t\t\t<td>100.8\t<\/td>\n\t\t\t\t\t\t\t\t\t\t\t\t\t\t\t<td>101.6<\/td>\n\t\t\t\t\t\t\t\t\t\t\t\t\t\t\t<td>\t102\t<\/td>\n\t\t\t\t\t\t\t\t\t\t\t\t\t\t\t<td>101.9\t<\/td>\n\t\t\t\t\t\t\t\t\t\t\t\t\t\t\t<td>102.1\t<\/td>\n\t\t\t\t\t\t\t\t\t\t\t\t\t\t\t<td>101.9\t<\/td>\n\t\t\t\t\t\t\t\t\t\t\t\t\t\t\t<td>102.3\t<\/td>\n\t\t\t\t\t\t\t\t\t\t\t\t\t\t\t<td>102\t<\/td>\n\t\t\t\t\t\t\t\t\t\t\t\t\t\t\t<td>101.8\t<\/td>\n\t\t\t\t\t\t\t\t\t\t\t\t\t\t\t<td>101.6\t<\/td>\n\t\t\t\t\t\t\t\t\t\t\t\t\t\t\t<td>101.8<\/td>\n\t\t\t\t\t\t\t\t\t\t\t\t\t<\/tr>\n\t\t\t\t\t\t\t\t\t\t\t<tr>\n\t\t\t\t\t\t\t\t\t\t\t\t\t\t\t<td>2020<\/td>\n\t\t\t\t\t\t\t\t\t\t\t\t\t\t\t<td>101.1\t<\/td>\n\t\t\t\t\t\t\t\t\t\t\t\t\t\t\t<td>101.7\t<\/td>\n\t\t\t\t\t\t\t\t\t\t\t\t\t\t\t<td>102.1\t<\/td>\n\t\t\t\t\t\t\t\t\t\t\t\t\t\t\t<td>101.7\t<\/td>\n\t\t\t\t\t\t\t\t\t\t\t\t\t\t\t<td>101.1\t<\/td>\n\t\t\t\t\t\t\t\t\t\t\t\t\t\t\t<td>101.5\t<\/td>\n\t\t\t\t\t\t\t\t\t\t\t\t\t\t\t<td>101.3\t<\/td>\n\t\t\t\t\t\t\t\t\t\t\t\t\t\t\t<td>101.2\t<\/td>\n\t\t\t\t\t\t\t\t\t\t\t\t\t\t\t<td>100.8\t<\/td>\n\t\t\t\t\t\t\t\t\t\t\t\t\t\t\t<td>100.3\t<\/td>\n\t\t\t\t\t\t\t\t\t\t\t\t\t\t\t<td>100.6\t<\/td>\n\t\t\t\t\t\t\t\t\t\t\t\t\t\t\t<td>100.8<\/td>\n\t\t\t\t\t\t\t\t\t\t\t\t\t<\/tr>\n\t\t\t\t\t\t\t\t\t\t\t<tr>\n\t\t\t\t\t\t\t\t\t\t\t\t\t\t\t<td>2021<\/td>\n\t\t\t\t\t\t\t\t\t\t\t\t\t\t\t<td>101\t<\/td>\n\t\t\t\t\t\t\t\t\t\t\t\t\t\t\t<td>101.3\t<\/td>\n\t\t\t\t\t\t\t\t\t\t\t\t\t\t\t<td>102.2\t<\/td>\n\t\t\t\t\t\t\t\t\t\t\t\t\t\t\t<td>102.8\t<\/td>\n\t\t\t\t\t\t\t\t\t\t\t\t\t\t\t<td>103\t<\/td>\n\t\t\t\t\t\t\t\t\t\t\t\t\t\t\t<td>103.1\t<\/td>\n\t\t\t\t\t\t\t\t\t\t\t\t\t\t\t<td>103.5\t<\/td>\n\t\t\t\t\t\t\t\t\t\t\t\t\t\t\t<td>104.2\t<\/td>\n\t\t\t\t\t\t\t\t\t\t\t\t\t\t\t<td>104.6\t<\/td>\n\t\t\t\t\t\t\t\t\t\t\t\t\t\t\t<td>105.4\t<\/td>\n\t\t\t\t\t\t\t\t\t\t\t\t\t\t\t<td>106\t<\/td>\n\t\t\t\t\t\t\t\t\t\t\t\t\t\t\t<td>106.5<\/td>\n\t\t\t\t\t\t\t\t\t\t\t\t\t<\/tr>\n\t\t\t\t\t\t\t\t\t\t\t<tr>\n\t\t\t\t\t\t\t\t\t\t\t\t\t\t\t<td>2022<\/td>\n\t\t\t\t\t\t\t\t\t\t\t\t\t\t\t<td>106.1\t<\/td>\n\t\t\t\t\t\t\t\t\t\t\t\t\t\t\t<td>107.1\t<\/td>\n\t\t\t\t\t\t\t\t\t\t\t\t\t\t\t<td>109.3\t<\/td>\n\t\t\t\t\t\t\t\t\t\t\t\t\t\t\t<td>110.3\t<\/td>\n\t\t\t\t\t\t\t\t\t\t\t\t\t\t\t<td>111.5\t<\/td>\n\t\t\t\t\t\t\t\t\t\t\t\t\t\t\t<td>113\t<\/td>\n\t\t\t\t\t\t\t\t\t\t\t\t\t\t\t<td>113.4\t<\/td>\n\t\t\t\t\t\t\t\t\t\t\t\t\t\t\t<td>113.6\t<\/td>\n\t\t\t\t\t\t\t\t\t\t\t\t\t\t\t<td>113.6\t<\/td>\n\t\t\t\t\t\t\t\t\t\t\t\t\t\t\t<td>115.3\t<\/td>\n\t\t\t\t\t\t\t\t\t\t\t\t\t\t\t<td>115.5<\/td>\n\t\t\t\t\t\t\t\t\t\t\t\t\t\t\t<td>115.2<\/td>\n\t\t\t\t\t\t\t\t\t\t\t\t\t<\/tr>\n\t\t\t\t\t\t\t\t\t\t\t<tr>\n\t\t\t\t\t\t\t\t\t\t\t\t\t\t\t<td>2023<\/td>\n\t\t\t\t\t\t\t\t\t\t\t\t\t\t\t<td>114.1\t<\/td>\n\t\t\t\t\t\t\t\t\t\t\t\t\t\t\t<td>115.8\t<\/td>\n\t\t\t\t\t\t\t\t\t\t\t\t\t\t\t<td>116.9\t<\/td>\n\t\t\t\t\t\t\t\t\t\t\t\t\t\t\t<td>117.2\t<\/td>\n\t\t\t\t\t\t\t\t\t\t\t\t\t\t\t<td>117.5\t<\/td>\n\t\t\t\t\t\t\t\t\t\t\t\t\t\t\t<td>118.4\t<\/td>\n\t\t\t\t\t\t\t\t\t\t\t\t\t\t\t<td>118.6\t<\/td>\n\t\t\t\t\t\t\t\t\t\t\t\t\t\t\t<td>119.2\t<\/td>\n\t\t\t\t\t\t\t\t\t\t\t\t\t\t\t<td>119.3\t<\/td>\n\t\t\t\t\t\t\t\t\t\t\t\t\t\t\t<td>119.5\t<\/td>\n\t\t\t\t\t\t\t\t\t\t\t\t\t\t\t<td>118.4\t<\/td>\n\t\t\t\t\t\t\t\t\t\t\t\t\t\t\t<td>118.9<\/td>\n\t\t\t\t\t\t\t\t\t\t\t\t\t<\/tr>\n\t\t\t\t\t\t\t\t\t\t\t<tr>\n\t\t\t\t\t\t\t\t\t\t\t\t\t\t\t<td>2024<\/td>\n\t\t\t\t\t\t\t\t\t\t\t\t\t\t\t<td>117.2\t<\/td>\n\t\t\t\t\t\t\t\t\t\t\t\t\t\t\t<td>118.5\t<\/td>\n\t\t\t\t\t\t\t\t\t\t\t\t\t\t\t<td>118.9\t<\/td>\n\t\t\t\t\t\t\t\t\t\t\t\t\t\t\t<td>119.1\t<\/td>\n\t\t\t\t\t\t\t\t\t\t\t\t\t\t\t<td>119.8\t<\/td>\n\t\t\t\t\t\t\t\t\t\t\t\t\t\t\t<td>120.2\t<\/td>\n\t\t\t\t\t\t\t\t\t\t\t\t\t\t\t<td>120.4\t<\/td>\n\t\t\t\t\t\t\t\t\t\t\t\t\t\t\t<td>120.5\t<\/td>\n\t\t\t\t\t\t\t\t\t\t\t\t\t\t\t<td>119.3\t<\/td>\n\t\t\t\t\t\t\t\t\t\t\t\t\t\t\t<td>119.6\t<\/td>\n\t\t\t\t\t\t\t\t\t\t\t\t\t\t\t<td>119\t<\/td>\n\t\t\t\t\t\t\t\t\t\t\t\t\t\t\t<td>120.1<\/td>\n\t\t\t\t\t\t\t\t\t\t\t\t\t<\/tr>\n\t\t\t\t\t\t\t\t\t\t\t<tr>\n\t\t\t\t\t\t\t\t\t\t\t\t\t\t\t<td>2025<\/td>\n\t\t\t\t\t\t\t\t\t\t\t\t\t\t\t<td>119.2\t<\/td>\n\t\t\t\t\t\t\t\t\t\t\t\t\t\t\t<td>120.2\t<\/td>\n\t\t\t\t\t\t\t\t\t\t\t\t\t\t\t<td>121\t<\/td>\n\t\t\t\t\t\t\t\t\t\t\t\t\t\t\t<td>121.5<\/td>\n\t\t\t\t\t\t\t\t\t\t\t\t\t\t\t<td>121.5<\/td>\n\t\t\t\t\t\t\t\t\t\t\t\t\t\t\t<td><\/td>\n\t\t\t\t\t\t\t\t\t\t\t\t\t\t\t<td><\/td>\n\t\t\t\t\t\t\t\t\t\t\t\t\t\t\t<td><\/td>\n\t\t\t\t\t\t\t\t\t\t\t\t\t\t\t<td><\/td>\n\t\t\t\t\t\t\t\t\t\t\t\t\t\t\t<td><\/td>\n\t\t\t\t\t\t\t\t\t\t\t\t\t\t\t<td><\/td>\n\t\t\t\t\t\t\t\t\t\t\t\t\t\t\t<td><\/td>\n\t\t\t\t\t\t\t\t\t\t\t\t\t<\/tr>\n\t\t\t\t\t\t\t\t\t<\/tbody>\n\n\t\t\t<\/table>\n\t\t<\/div>\n\t<\/div>\n<\/section>\n","protected":false},"excerpt":{"rendered":"","protected":false},"author":6,"featured_media":0,"parent":915,"menu_order":0,"comment_status":"closed","ping_status":"closed","template":"","meta":{"_acf_changed":false,"inline_featured_image":false,"_relevanssi_hide_post":"","_relevanssi_hide_content":"","_relevanssi_pin_for_all":"","_relevanssi_pin_keywords":"","_relevanssi_unpin_keywords":"","_relevanssi_related_keywords":"","_relevanssi_related_include_ids":"","_relevanssi_related_exclude_ids":"","_relevanssi_related_no_append":"","_relevanssi_related_not_related":"","_relevanssi_related_posts":"1,1239","_relevanssi_noindex_reason":"","_trash_the_other_posts":false,"editor_notices":[],"footnotes":""},"class_list":["post-51052","page","type-page","status-publish","hentry"],"acf":[],"jetpack_sharing_enabled":true,"publishpress_future_action":{"enabled":false,"date":"2026-04-29 16:18:42","action":"change-status","newStatus":"draft","terms":[],"taxonomy":"","extraData":[]},"publishpress_future_workflow_manual_trigger":{"enabledWorkflows":[]},"_links":{"self":[{"href":"https:\/\/rtb.ie\/ga\/wp-json\/wp\/v2\/pages\/51052","targetHints":{"allow":["GET"]}}],"collection":[{"href":"https:\/\/rtb.ie\/ga\/wp-json\/wp\/v2\/pages"}],"about":[{"href":"https:\/\/rtb.ie\/ga\/wp-json\/wp\/v2\/types\/page"}],"author":[{"embeddable":true,"href":"https:\/\/rtb.ie\/ga\/wp-json\/wp\/v2\/users\/6"}],"replies":[{"embeddable":true,"href":"https:\/\/rtb.ie\/ga\/wp-json\/wp\/v2\/comments?post=51052"}],"version-history":[{"count":2,"href":"https:\/\/rtb.ie\/ga\/wp-json\/wp\/v2\/pages\/51052\/revisions"}],"predecessor-version":[{"id":51054,"href":"https:\/\/rtb.ie\/ga\/wp-json\/wp\/v2\/pages\/51052\/revisions\/51054"}],"up":[{"embeddable":true,"href":"https:\/\/rtb.ie\/ga\/wp-json\/wp\/v2\/pages\/915"}],"wp:attachment":[{"href":"https:\/\/rtb.ie\/ga\/wp-json\/wp\/v2\/media?parent=51052"}],"curies":[{"name":"wp","href":"https:\/\/api.w.org\/{rel}","templated":true}]}}