{"id":53867,"date":"2026-02-19T15:05:02","date_gmt":"2026-02-19T15:05:02","guid":{"rendered":"https:\/\/rtb.ie\/ga\/renting\/tenants-right-to-stay-in-a-rented-property\/"},"modified":"2026-03-05T11:08:16","modified_gmt":"2026-03-05T11:08:16","slug":"tenants-right-to-stay-in-a-rented-property","status":"publish","type":"page","link":"https:\/\/rtb.ie\/ga\/renting\/tenants-right-to-stay-in-a-rented-property\/","title":{"rendered":"An ceart at\u00e1 ag tion\u00f3nta chun fanacht i maoin ar c\u00edos \u00f3n 1 M\u00e1rta 2026 ar aghaidh"},"content":{"rendered":"\n<div class=\"translation-notice no-print\">\n        <div class=\"inner container\">\n            <p><strong>Cuirfear aistri\u00fach\u00e1n ar f\u00e1il go luath<\/strong><\/p>\n            <p>\u00c1r leithsc\u00e9al as an m\u00edchaoithi\u00falacht. Cuirfear aistri\u00fach\u00e1n Gaeilge ar an leathanach seo ar f\u00e1il go luath. Go raibh maith agat as do chuid foighneachta agus muid ag obair ar leagan uasd\u00e1taithe.<\/p>\n        <\/div>\n    <\/div><section id=\"block-block_d8545d8616634ca5bb496145fedd09d9\" class=\"header-block rtb-block colour-teal margin-top-default margin-bottom-xs\">\n    <div class=\"container\">\n        <nav class=\"breadcrumbs\" aria-label=\"breadcrumb\">\n    <span property=\"itemListElement\" typeof=\"ListItem\"><a property=\"item\" typeof=\"WebPage\" title=\"Go to Bord um Tion\u00f3ntachta\u00ed C\u00f3naithe.\" href=\"https:\/\/rtb.ie\/ga\" class=\"home\" aria-current=\"page\"><span property=\"name\"><i class=\"rtb-home-icon\"><\/i><\/span><\/a><meta property=\"position\" content=\"1\"><\/span><i class=\"rtb-chevron\"><\/i><\/nav>\n        \n        <div class=\"wrapper\">\n            <div class=\"content\">\n                            \n                <h1 class=\"heading-xl\">An ceart at\u00e1 ag tion\u00f3nta chun fanacht i maoin ar c\u00edos \u00f3n 1 M\u00e1rta 2026 ar aghaidh<\/h1>\n                                            <\/div>\n            <!-- Temporary image: Remove after migrating illustrations to the illustration_selection field -->\n            \n                                    <div class=\"illustration fade-up\" aria-hidden=\"true\">\n                                                    <img decoding=\"async\" src=\"https:\/\/rtb.ie\/ga\/wp-content\/themes\/rtb\/assets\/images\/illustrations\/header-block\/header-illustration-teal-a.svg\" alt=\"\" \/>\n                                            <\/div>\n                                    <\/div>\n\n    <\/div>\n<\/section>\n\n\n<section id=\"block-block_a1cfdc0a7eeab8474ea271abe501d8b3\" class=\"navigation-block container rtb-block margin-top-xs margin-bottom-xs\">\n    <div class=\"content\">\n        <header>\n                            <h2 class=\"heading-s\">Ar an leathanach seo<\/h2>                        <i class=\"rtb-arrow down\"><\/i>\n        <\/header>\n                    <nav class=\"navigation\">            \n                                    <ul>\n                                                                                    <li><a class=\"text-link\" href=\"#what\" target=\"\">Cad is \u2018r\u00e1tha\u00edocht tionachta\u2019 ann?<\/a><\/li>\n                                                                                                                <li><a class=\"text-link\" href=\"#protections\" target=\"\">C\u00e9 na cosaint\u00ed a bhfuil feidhm acu maidir le mo thion\u00f3ntacht?<\/a><\/li>\n                                                                                                                <li><a class=\"text-link\" href=\"#fixed\" target=\"\">Tion\u00f3ntachta\u00ed ar th\u00e9arma socraithe<\/a><\/li>\n                                                                                                                <li><a class=\"text-link\" href=\"#special\" target=\"\">C\u00e1sanna speisialta<\/a><\/li>\n                                                                        <\/ul>\n                            <\/nav>\n            <\/div>\n<\/section>\n\n\n<section id=\"block-block_90ad164b83ead8eba3050e6cf43abfdc\" class=\"header-paragraph-block rtb-block  margin-top-xs margin-bottom-xs\">\n\t<div class=\"container\">\n\t\t<div class=\"content\">\n\t\t\t<article class=\"cms-content\">\n\t\t\t\t\t\t\t\t\t<h2>Cad is \u2018r\u00e1tha\u00edocht tionachta\u2019 ann?<\/h2>\n<p>Is \u00e9 r\u00e1tha\u00edocht tionachta an ceart at\u00e1 ag tion\u00f3nta chun fanacht i maoin ar c\u00edos tar \u00e9is tr\u00e9imhse tosaigh.<\/p>\n<p>Nuair at\u00e1 tion\u00f3nta ag c\u00f3na\u00ed i maoin ar feadh s\u00e9 mh\u00ed as a ch\u00e9ile gan <a href=\"https:\/\/rtb.ie\/renting\/ending-a-tenancy\/notice-of-termination-guide\/\">F\u00f3gra Foirceanta <\/a>bail\u00ed a bheith seirbhe\u00e1ilte laistigh den tr\u00e9imhse sin, beidh r\u00e1tha\u00edocht tionachta aige\/aici agus n\u00ed f\u00e9idir \u00e9\/\u00ed a dh\u00edshealbh\u00fa ach amh\u00e1in ar ch\u00faiseanna dl\u00edthi\u00fala sonracha.<\/p>\n<p>Braitheann an m\u00e9id ama a bhfuil t\u00fa i dteideal fanacht i gc\u00f3ir\u00edocht ar c\u00edos ar a fheadh tar \u00e9is na ch\u00e9ad s\u00e9 mh\u00ed ar c\u00e9n uair a tosa\u00edodh do thion\u00f3ntacht. I gc\u00e1s tion\u00f3ntachta\u00ed arna gcruth\u00fa \u00f3n 1 M\u00e1rta 2026 ar aghaidh, braitheann s\u00e9 freisin ar c\u00e1 mh\u00e9ad tion\u00f3ntacht at\u00e1 ag do thiarna tal\u00fan.<\/p>\n<p>Gairtear cearta tion\u00f3ntachta faoi Chuid 4 de r\u00e1tha\u00edocht tionachta freisin, ag tagairt do Chuid 4 den Acht um Thion\u00f3ntachta\u00ed C\u00f3naithe, 2004, lena bpl\u00e9itear le r\u00e1tha\u00edocht tionachta.<\/p>\n<h2><\/h2>\n\t\t\t\t\t\t\t<\/article>\n\t\t\t\t\t<\/div>\n\t<\/div>\n<\/section>\n\n\n<section id=\"block-block_21831ec37109fd540931f21593e1e634\" class=\"header-paragraph-block rtb-block  margin-top-s margin-bottom-s\">\n\t<div class=\"container\">\n\t\t<div class=\"content\">\n\t\t\t<article class=\"cms-content\">\n\t\t\t\t\t\t\t\t\t<h2>C\u00e9 na cosaint\u00ed r\u00e1tha\u00edochta tionachta a bhfuil feidhm acu maidir le mo thion\u00f3ntacht?<\/h2>\n<p>Sna ch\u00e9ad s\u00e9 mh\u00ed de thion\u00f3ntacht, is f\u00e9idir le tiarna tal\u00fan deireadh a chur le tion\u00f3ntacht ar ch\u00fais ar bith. N\u00ed m\u00f3r<br \/>\nd\u00f3\/di F\u00f3gra Foirceanta bail\u00ed a sheirbhe\u00e1il ort f\u00f3s agus c\u00f3ip den fh\u00f3gra sin a sheoladh chuig RTB ar an aon l\u00e1 amh\u00e1in.<br \/>\nBeidh r\u00e1tha\u00edocht tionachta agat sna c\u00e1sanna seo a leanas:<\/p>\n<ul>\n<li>T\u00e1 t\u00fa ag c\u00f3na\u00ed i maoin ar feadh s\u00e9 mh\u00ed as a ch\u00e9ile agus<\/li>\n<li>N\u00edor sheirbhe\u00e1il do thiarna tal\u00fan F\u00f3gra Foirceanta bail\u00ed ort sa tr\u00e9imhse sin.<\/li>\n<\/ul>\n<p>N\u00ed f\u00e9idir le do thiarna tal\u00fan t\u00fa a dh\u00edshealbh\u00fa ansin ach amh\u00e1in ar ch\u00faiseanna dl\u00edthi\u00fala sonracha.\u00a0Is ar an d\u00e1ta a<br \/>\ntosa\u00edodh do thion\u00f3ntacht a bhraitheann na c\u00faiseanna ar f\u00e9idir le tiarna tal\u00fan deireadh a chur le do thion\u00f3ntacht.<\/p>\n<h2><\/h2>\n\t\t\t\t\t\t\t<\/article>\n\t\t\t\t\t<\/div>\n\t<\/div>\n<\/section>\n\n\n<section id=\"block-block_2f2cf44134621c64eeb4541a18417bbc\" class=\"table-block rtb-block margin-top-xs margin-bottom-xs\">\n\t<div class=\"container\">\n\t\t<div class=\"content\">\n\t\t\t\t\t\t<table>\n\t\t\t\t\n\t\t\t\t\n\t\t\t\t<tbody>\n\t\t\t\t\t\t\t\t\t\t\t<tr>\n\t\t\t\t\t\t\t\t\t\t\t\t\t\t\t<td><b>Tion\u00f3ntacht arna cruth\u00fa \u00f3n 1 M\u00e1rta 2026 ar aghaidh: Tiarna tal\u00fan beag (idir tion\u00f3ntacht amh\u00e1in agus tr\u00ed thion\u00f3ntacht)<\/b><\/td>\n\t\t\t\t\t\t\t\t\t\t\t\t\t\t\t<td>T\u00e1 do thion\u00f3ntacht faoi r\u00e9ir Tion\u00f3ntacht R\u00e9 \u00cdosta rollach s\u00e9 bliana.\n<br>\n<br>\n<b>Le linn timthriall tion\u00f3ntachta s\u00e9 bliana<\/b> Tar \u00e9is s\u00e9 mh\u00ed, n\u00ed f\u00e9idir le do thiarna tal\u00fan deireadh a chur le do thion\u00f3ntacht ach amh\u00e1in ar fhorais an-teoranta le linn an timthrialla tion\u00f3ntachta s\u00e9 bliana. Is iad sin:\n<ul>\n<li>-N\u00ed chomhl\u00edonann t\u00fa d\u2019oibleag\u00e1id\u00ed, lena n-\u00e1ir\u00edtear gan c\u00edos a \u00edoc.<\/li>\n<li>-N\u00edl an mhaoin oiri\u00fanach do do riachtanais a thuilleadh.<\/li>\n<li>-Teasta\u00edonn \u00f3n tiarna tal\u00fan an mhaoin a dh\u00edol mar gheall ar chruatan airgeadais.<\/li>\n<li>-Teasta\u00edonn \u00f3n tiarna tal\u00fan n\u00f3 \u00f3 dhl\u00fathdhuine de theaghlach an tiarna tal\u00fan c\u00f3na\u00ed sa mhaoin.<\/li>\n<\/ul>\n<br>\n<b>Ag deireadh timthriall tion\u00f3ntachta s\u00e9 bliana<\/b> Ag deireadh do Thion\u00f3ntachta R\u00e9 \u00cdosta s\u00e9 bliana, is f\u00e9idir le do thiarna tal\u00fan deireadh a chur leis an tion\u00f3ntacht ar ch\u00faiseanna breise. Is iad sin:\n<ul>\n<li>-Ba mhaith leis\/l\u00e9i an mhaoin a dh\u00edol <\/li>\n<li>-Teasta\u00edonn uaidhsean\/uaithise n\u00f3 \u00f3 dhuine d\u00e1 t(h)eaghlach c\u00f3na\u00ed sa mhaoin&lt;.li&gt;\n<\/li><li>-T\u00e1 s\u00e9 beartaithe aige\/aici athch\u00f3iri\u00fa suntasach a dh\u00e9anamh ar an maoin<\/li>\n<li>-T\u00e1 s\u00e9 beartaithe aige\/aici \u00fas\u00e1id na maoine a athr\u00fa<\/li> <\/ul>\n<br>\n\nMura gcuireann do thiarna tal\u00fan deireadh le do thion\u00f3ntacht ag deireadh timthriall tion\u00f3ntachta s\u00e9 bliana, tos\u00f3far Tion\u00f3ntacht R\u00e9 \u00cdosta s\u00e9 bliana nua.\n\n<\/td>\n\t\t\t\t\t\t\t\t\t\t\t\t\t<\/tr>\n\t\t\t\t\t\t\t\t\t\t\t<tr>\n\t\t\t\t\t\t\t\t\t\t\t\t\t\t\t<td><b>Tion\u00f3ntacht arna cruth\u00fa \u00f3n 1 M\u00e1rta 2026 ar aghaidh: Tiarna tal\u00fan m\u00f3r (ceithre thion\u00f3ntacht n\u00f3 n\u00edos m\u00f3)<\/b><\/td>\n\t\t\t\t\t\t\t\t\t\t\t\t\t\t\t<td>Tar \u00e9is s\u00e9 mh\u00ed, beidh tion\u00f3ntacht r\u00e9 neamhtheoranta agat. F\u00e1gann s\u00e9 sin go mbeidh an ceart agat chun fanacht sa mhaoin gan d\u00e1ta deiridh socraithe m\u00e1s rud \u00e9:\n<ul>\n<li>-Go bhfuil t\u00fa ag c\u00f3na\u00ed sa mhaoin ar feadh s\u00e9 mh\u00ed as a ch\u00e9ile. <\/li>\n<li>-N\u00e1r seirbhe\u00e1ladh F\u00f3gra Foirceanta bail\u00ed ort laistigh den tr\u00e9imhse s\u00e9 mh\u00ed sin. <\/li>\n<li>-Nach bhfuil aon ch\u00fais dhl\u00edthi\u00fail ag an tiarna tal\u00fan le deireadh a chur leis an tion\u00f3ntacht. <\/li>\n<\/ul>\n<br>\nN\u00ed bheidh do thiarna tal\u00fan in ann deireadh a chur le do thion\u00f3ntacht ach amh\u00e1in m\u00e1s rud \u00e9:\n<ul>\n<li>-Nach gcomhl\u00edonann t\u00fa d\u2019oibleag\u00e1id\u00ed, lena n-\u00e1ir\u00edtear gan c\u00edos a \u00edoc. <\/li>\n<li>-Nach bhfuil an mhaoin oiri\u00fanach do do riachtanais a thuilleadh.<\/li> <\/ul><\/td>\n\t\t\t\t\t\t\t\t\t\t\t\t\t<\/tr>\n\t\t\t\t\t\t\t\t\t\t\t<tr>\n\t\t\t\t\t\t\t\t\t\t\t\t\t\t\t<td><b>Tion\u00f3ntacht arna cruth\u00fa idir an 11 Meitheamh 2022 agus an 28 Feabhra 2026: Gach m\u00e9id tiarna tal\u00fan <\/b><\/td>\n\t\t\t\t\t\t\t\t\t\t\t\t\t\t\t<td>Tar \u00e9is s\u00e9 mh\u00ed, beidh tion\u00f3ntacht r\u00e9 neamhtheoranta agat.\nF\u00e1gann s\u00e9 sin go mbeidh an ceart agat chun fanacht sa mhaoin gan d\u00e1ta deiridh socraithe m\u00e1s rud \u00e9:\n<ul>\n<li>-Go bhfuil t\u00fa ag c\u00f3na\u00ed sa mhaoin ar feadh s\u00e9 mh\u00ed as a ch\u00e9ile. <\/li>\n<li>-N\u00e1r seirbhe\u00e1ladh F\u00f3gra Foirceanta bail\u00ed ort laistigh den tr\u00e9imhse s\u00e9 mh\u00ed sin. <\/li>\n<li>-Nach bhfuil aon ch\u00fais dhl\u00edthi\u00fail ag an tiarna tal\u00fan le deireadh a chur leis an tion\u00f3ntacht.<\/li> <\/ul>\n<br>\nN\u00ed bheidh do thiarna tal\u00fan in ann deireadh a chur le do thion\u00f3ntacht ach amh\u00e1in m\u00e1s rud \u00e9:\n<ul>\n<li>-Gur sh\u00e1raigh t\u00fa d\u2019oibleag\u00e1id\u00ed i do chomhaont\u00fa tion\u00f3ntachta. Mar shampla, tr\u00ed mhainneachtain c\u00edos a \u00edoc. <\/li>\n<li>-Nach bhfuil an mhaoin oiri\u00fanach do do riachtanais a thuilleadh. Mar shampla, t\u00e1 s\u00ed r\u00f3bheag. <\/li>\n<li>-Go bhfuil s\u00e9 beartaithe ag an tiarna tal\u00fan an mhaoin a dh\u00edol laistigh de naoi m\u00ed. <\/li>\n<li>-Go dteasta\u00edonn \u00f3n tiarna tal\u00fan n\u00f3 \u00f3 dhuine de neasteaghlach an tiarna tal\u00fan c\u00f3na\u00ed sa mhaoin. N\u00edl feidhm aige sin ach amh\u00e1in maidir le tiarna\u00ed tal\u00fan pr\u00edobh\u00e1ideacha. <\/li>\n<li>-Go bhfuil s\u00e9 beartaithe ag an tiarna tal\u00fan athch\u00f3irithe suntasacha a dh\u00e9anamh ar an maoin. <\/li>\n<li>-Go bhfuil s\u00e9 beartaithe ag an tiarna tal\u00fan \u00fas\u00e1id na maoine a athr\u00fa, mar shampla \u00ed a thiont\u00fa ina hoifig. <\/li> <\/ul>\n<\/td>\n\t\t\t\t\t\t\t\t\t\t\t\t\t<\/tr>\n\t\t\t\t\t\t\t\t\t\t\t<tr>\n\t\t\t\t\t\t\t\t\t\t\t\t\t\t\t<td><b>Tion\u00f3ntachta\u00ed faoi Chuid 4 arna dtos\u00fa idir an 25 Nollaig 2016 agus an 10 Meitheamh 2022: Gach m\u00e9id tiarna tal\u00fan<\/b><\/td>\n\t\t\t\t\t\t\t\t\t\t\t\t\t\t\t<td>Leanann do thion\u00f3ntacht timthriall tion\u00f3ntachta s\u00e9 bliana faoi Chuid 4:\n<br>\nTar \u00e9is s\u00e9 mh\u00ed de ch\u00f3na\u00ed go lean\u00fanach sa mhaoin (gan F\u00f3gra Foirceanta bail\u00ed a bheith \u00e1 sheirbhe\u00e1il), gheobhaidh t\u00fa cearta tion\u00f3ntachta faoi Chuid 4. F\u00e1gann s\u00e9 sin go mbeidh an ceart agat chun fanacht sa mhaoin go ceann c\u00faig bliana go leith sa bhreis, mura gcuirtear deireadh leis an tion\u00f3ntacht go dl\u00edthi\u00fail.\n<br>\n<br>\n<b>Le linn timthriall tion\u00f3ntachta s\u00e9 bliana faoi Chuid 4<\/b>: N\u00ed bheidh do thiarna tal\u00fan in ann deireadh a chur le do thion\u00f3ntacht ach amh\u00e1in m\u00e1s rud \u00e9:\n<ul>\n<li>-Gur sh\u00e1raigh t\u00fa d\u2019oibleag\u00e1id\u00ed i do chomhaont\u00fa tion\u00f3ntachta. Mar shampla, tr\u00ed mhainneachtain c\u00edos a \u00edoc.<\/li>\n<li>-Nach bhfuil an mhaoin oiri\u00fanach do do riachtanais a thuilleadh. Mar shampla, t\u00e1 s\u00ed r\u00f3bheag.<\/li>\n<li>-Go bhfuil s\u00e9 beartaithe ag an tiarna tal\u00fan an mhaoin a dh\u00edol laistigh de naoi m\u00ed. <\/li>\n<li>-Go dteasta\u00edonn \u00f3n tiarna tal\u00fan n\u00f3 \u00f3 dhuine de neasteaghlach an tiarna tal\u00fan c\u00f3na\u00ed sa mhaoin. N\u00edl feidhm aige sin ach amh\u00e1in maidir le tiarna\u00ed tal\u00fan pr\u00edobh\u00e1ideacha. <\/li>\n<li>-Go bhfuil s\u00e9 beartaithe ag an tiarna tal\u00fan athch\u00f3irithe suntasacha a dh\u00e9anamh ar an maoin. <\/li>\n<li>-Go bhfuil s\u00e9 beartaithe ag an tiarna tal\u00fan \u00fas\u00e1id na maoine a athr\u00fa, mar shampla \u00ed a thiont\u00fa ina hoifig. <\/li> <\/ul>\n<br>\n<b>Ag deireadh tion\u00f3ntachta s\u00e9 bliana faoi Chuid 4<\/b>:\n<ul>\n<li>-Is f\u00e9idir le do thiarna tal\u00fan deireadh a chur leis an tion\u00f3ntacht ag deireadh timthrialla s\u00e9 bliana faoi Chuid 4 gan c\u00fais a thabhairt. <\/li>\n<li>-Mura gcuireann do thiarna tal\u00fan deireadh leis an tion\u00f3ntacht ag deireadh an timthrialla sin, tagann s\u00ed chun bheith ina tion\u00f3ntacht r\u00e9 neamhtheoranta go huathoibr\u00edoch. <\/li> <\/ul>\n<br>\nFaoin 11 Meitheamh 2028, beidh gach tion\u00f3ntacht ina tion\u00f3ntacht r\u00e9 neamhtheoranta. Beidh s\u00e9 sin amhlaidh toisc go mbeidh gach timthriall tion\u00f3ntachta s\u00e9 bliana l\u00e1ithreacha faoi Chuid 4 tagtha chun deiridh faoin am sin.\n<\/td>\n\t\t\t\t\t\t\t\t\t\t\t\t\t<\/tr>\n\t\t\t\t\t\t\t\t\t<\/tbody>\n\n\t\t\t<\/table>\n\t\t<\/div>\n\t<\/div>\n<\/section>\n\n\n\n<section id=\"block-block_38c69c6e4bc995ae18dbd67d7ae14047\" class=\"header-paragraph-block rtb-block  margin-top-xs margin-bottom-xs\">\n\t<div class=\"container\">\n\t\t<div class=\"content\">\n\t\t\t<article class=\"cms-content\">\n\t\t\t\t\t\t\t\t\t<h2>Tion\u00f3ntachta\u00ed ar th\u00e9arma socraithe<\/h2>\n<p>Comhaonta\u00edtear tion\u00f3ntacht ar th\u00e9arma socraithe ar feadh tr\u00e9imhse shonrach (bliain amh\u00e1in, mar shampla). Mar sin f\u00e9in, t\u00e1 feidhm ag cearta faoi Chuid 4 maidir leis an tion\u00f3ntacht sin, rud a fh\u00e1gann go bhfaighidh t\u00fa r\u00e1tha\u00edocht tionachta f\u00f3s tar \u00e9is s\u00e9 mh\u00ed de ch\u00f3na\u00ed lean\u00fanach sa mhaoin (chomh fada agus n\u00e1r seirbhe\u00e1ladh F\u00f3gra Foirceanta bail\u00ed le linn na tr\u00e9imhse sin).<\/p>\n<p>Fi\u00fa m\u00e1 thagann comhaont\u00fa ar th\u00e9arma socraithe chun deiridh, beidh an ceart agat chun fanacht sa mhaoin faoi rialacha Chuid 4 mura bhfuil c\u00fais dhl\u00edthi\u00fail ag an tiarna tal\u00fan le deireadh a chur leis an tion\u00f3ntacht.<\/p>\n<p>M\u00e1s rud \u00e9 go bhfuil tion\u00f3ntacht ar th\u00e9arma socraithe agat agus gur mhaith leat fanacht sa mhaoin faoi thion\u00f3ntacht Chuid 4, n\u00ed m\u00f3r duit f\u00f3gra a thabhairt do do thiarna tal\u00fan go bhfuil s\u00e9 ar intinn agat fanacht inti. N\u00ed m\u00f3r duit f\u00f3gra a thabhairt d\u00f3\/di tr\u00e1th nach luaithe n\u00e1 tr\u00ed mh\u00ed, agus tr\u00e1th nach d\u00e9ana\u00ed n\u00e1 m\u00ed amh\u00e1in, sula rachaidh do chomhaont\u00fa t\u00e9arma shocraithe in \u00e9ag.<\/p>\n\t\t\t\t\t\t\t<\/article>\n\t\t\t\t\t<\/div>\n\t<\/div>\n<\/section>\n\n\n<section id=\"block-block_b56396e968da6977ce747ed7fd1870a7\" class=\"header-paragraph-block rtb-block  margin-top-xs margin-bottom-xs\">\n\t<div class=\"container\">\n\t\t<div class=\"content\">\n\t\t\t<article class=\"cms-content\">\n\t\t\t\t\t\t\t\t\t<h2>C\u00e1sanna speisialta<\/h2>\n<h3>Tion\u00f3nta\u00ed Comhlachta Tith\u00edochta<\/h3>\n<p>Cheadaithe T\u00e1 r\u00e1tha\u00edocht tionachta ag formh\u00f3r na dtion\u00f3nta\u00ed i dtith\u00edocht Comhlachta Tith\u00edochta Cheadaithe tar \u00e9is s\u00e9 mh\u00ed, seachas iad si\u00fad at\u00e1 i dtith\u00edocht idirthr\u00e9imhseach (a mhaireann 18 m\u00ed n\u00f3 n\u00edos l\u00fa de ghn\u00e1th).<\/p>\n<h3>C\u00f3ir\u00edocht at\u00e1 sonrach do mhic l\u00e9inn<\/h3>\n<p>N\u00edl feidhm ag na rialacha r\u00e1tha\u00edochta tionachta maidir le <a href=\"https:\/\/rtb.ie\/renting\/types-of-tenancies\/student-specific-accommodation\/\">c\u00f3ir\u00edocht at\u00e1 sonrach do mhic l\u00e9inn<\/a>. T\u00e1 an tiarna tal\u00fan ag c\u00f3na\u00ed i gceann amh\u00e1in de dh\u00e1 mhaoin a bh\u00ed ina dteaghais aonair ar dt\u00fas<\/p>\n<p>N\u00edl feidhm ag na rialacha r\u00e1tha\u00edochta tionachta sna c\u00e1sanna seo a leanas:<\/p>\n<ul>\n<li>T\u00e1 an foirgneamh roinnte ina dh\u00e1 mhaoin ar leith ach bh\u00ed s\u00e9 ina theaghais aonair ar dt\u00fas,<\/li>\n<li>T\u00e1 an tiarna tal\u00fan ag c\u00f3na\u00ed i gceann amh\u00e1in den d\u00e1 mhaoin, agus<\/li>\n<li>Sular tosa\u00edodh an tion\u00f3ntacht, sheirbhe\u00e1il an tiarna tal\u00fan f\u00f3gra i scr\u00edbhinn ar an tion\u00f3nta \u00e1 r\u00e1 nach mbeadh feidhm ag na rialacha a bhaineann le tion\u00f3ntachta\u00ed faoi Chuid&nbsp;<\/li>\n<\/ul>\n<h3>Ligin a bhaineann le fosta\u00edocht<\/h3>\n<p>N\u00edl feidhm ag na rialacha r\u00e1tha\u00edochta tionachta i gc\u00e1s go bhfuil do theidl\u00edocht chun c\u00f3na\u00ed sa mhaoin ceangailte le d\u2019fhosta\u00edocht. N\u00ed m\u00f3r duit an mhaoin a fh\u00e1g\u00e1il nuair at\u00e1 deireadh tagtha le do chonradh fosta\u00edochta.<\/p>\n<p>Tuilleadh faisn\u00e9ise maidir le deireadh a chur le tion\u00f3ntacht Nuair at\u00e1 r\u00e1tha\u00edocht tionachta agat, n\u00ed f\u00e9idir<br \/>\nle do thiarna tal\u00fan deireadh a chur le do thion\u00f3ntacht ach amh\u00e1in ar roinnt bheag c\u00faiseanna.<\/p>\n<p>Faigh tuilleadh faisn\u00e9ise faoi <a href=\"https:\/\/www.rtb.ie\/how-a-landlord-can-end-a-tenancy\/\">conas is f\u00e9idir le tiarna tal\u00fan deireadh a chur le tion\u00f3ntacht <\/a>agus faoi <a href=\"https:\/\/www.rtb.ie\/renting\/ending-a-tenancy\/how-a-tenant-can-end-a-tenancy\/\">conas is f\u00e9idir le tion\u00f3nta deireadh a chur le tion\u00f3ntacht<br \/>\n<\/a><br \/>\n.<\/p>\n<h2><\/h2>\n<p>&nbsp;<\/p>\n<p>&nbsp;<\/p>\n\t\t\t\t\t\t\t<\/article>\n\t\t\t\t\t<\/div>\n\t<\/div>\n<\/section>","protected":false},"excerpt":{"rendered":"","protected":false},"author":6,"featured_media":0,"parent":154,"menu_order":0,"comment_status":"closed","ping_status":"closed","template":"","meta":{"_acf_changed":false,"inline_featured_image":false,"_relevanssi_hide_post":"","_relevanssi_hide_content":"","_relevanssi_pin_for_all":"","_relevanssi_pin_keywords":"","_relevanssi_unpin_keywords":"","_relevanssi_related_keywords":"","_relevanssi_related_include_ids":"","_relevanssi_related_exclude_ids":"","_relevanssi_related_no_append":"","_relevanssi_related_not_related":"","_relevanssi_related_posts":"","_relevanssi_noindex_reason":"","_trash_the_other_posts":false,"editor_notices":[],"footnotes":""},"class_list":["post-53867","page","type-page","status-publish","hentry"],"acf":[],"jetpack_sharing_enabled":true,"publishpress_future_action":{"enabled":false,"date":"2026-04-24 10:13:14","action":"change-status","newStatus":"draft","terms":[],"taxonomy":"","extraData":[]},"publishpress_future_workflow_manual_trigger":{"enabledWorkflows":[]},"_links":{"self":[{"href":"https:\/\/rtb.ie\/ga\/wp-json\/wp\/v2\/pages\/53867","targetHints":{"allow":["GET"]}}],"collection":[{"href":"https:\/\/rtb.ie\/ga\/wp-json\/wp\/v2\/pages"}],"about":[{"href":"https:\/\/rtb.ie\/ga\/wp-json\/wp\/v2\/types\/page"}],"author":[{"embeddable":true,"href":"https:\/\/rtb.ie\/ga\/wp-json\/wp\/v2\/users\/6"}],"replies":[{"embeddable":true,"href":"https:\/\/rtb.ie\/ga\/wp-json\/wp\/v2\/comments?post=53867"}],"version-history":[{"count":3,"href":"https:\/\/rtb.ie\/ga\/wp-json\/wp\/v2\/pages\/53867\/revisions"}],"predecessor-version":[{"id":54014,"href":"https:\/\/rtb.ie\/ga\/wp-json\/wp\/v2\/pages\/53867\/revisions\/54014"}],"up":[{"embeddable":true,"href":"https:\/\/rtb.ie\/ga\/wp-json\/wp\/v2\/pages\/154"}],"wp:attachment":[{"href":"https:\/\/rtb.ie\/ga\/wp-json\/wp\/v2\/media?parent=53867"}],"curies":[{"name":"wp","href":"https:\/\/api.w.org\/{rel}","templated":true}]}}