{"id":650,"date":"2025-04-29T10:45:08","date_gmt":"2025-04-29T10:45:08","guid":{"rendered":"https:\/\/rtb.ie\/ga\/?page_id=650"},"modified":"2025-10-31T11:45:45","modified_gmt":"2025-10-31T11:45:45","slug":"neighbour-disputes","status":"publish","type":"page","link":"https:\/\/rtb.ie\/ga\/disputes\/neighbour-disputes\/","title":{"rendered":"D\u00edosp\u00f3id\u00ed comharsanacha"},"content":{"rendered":"\n<section id=\"block-block_11aae8f3620a013f4b1b33f8853ac773\" class=\"header-block rtb-block colour-teal margin-top-none margin-bottom-default\">\n    <div class=\"container\">\n        <nav class=\"breadcrumbs\" aria-label=\"breadcrumb\">\n    <span property=\"itemListElement\" typeof=\"ListItem\"><a property=\"item\" typeof=\"WebPage\" title=\"Go to Bord um Tion\u00f3ntachta\u00ed C\u00f3naithe.\" href=\"https:\/\/rtb.ie\/ga\" class=\"home\" aria-current=\"page\"><span property=\"name\"><i class=\"rtb-home-icon\"><\/i><\/span><\/a><meta property=\"position\" content=\"1\"><\/span><i class=\"rtb-chevron\"><\/i><\/nav>\n        \n        <div class=\"wrapper\">\n            <div class=\"content\">\n                            \n                <h1 class=\"heading-xl\">D\u00edosp\u00f3id\u00ed comharsanacha<\/h1>\n                <p>Is \u00e9 is tr\u00ed\u00fa p\u00e1irt\u00ed ann n\u00e1 duine seachas tion\u00f3nta, tiarna tal\u00fan n\u00f3 gn\u00edomhaire agus n\u00edl baint dh\u00edreach aige n\u00f3 aici leis an tion\u00f3ntacht. Mar shampla, comharsa a nd\u00e9anann iompra\u00edocht tion\u00f3nta difear d\u00f3 n\u00f3 di.<\/p>                            <\/div>\n            <!-- Temporary image: Remove after migrating illustrations to the illustration_selection field -->\n            \n                                    <div class=\"illustration fade-up\" aria-hidden=\"true\">\n                                                    <img decoding=\"async\" src=\"https:\/\/rtb.ie\/ga\/wp-content\/themes\/rtb\/assets\/images\/illustrations\/header-block\/header-illustration-teal-a.svg\" alt=\"\" \/>\n                                            <\/div>\n                                    <\/div>\n\n    <\/div>\n<\/section>\n\n\n<section id=\"block-block_b2838b1e27697835d73fc2f81c389a18\" class=\"header-paragraph-block rtb-block  margin-top-default margin-bottom-none\">\n\t<div class=\"container\">\n\t\t<div class=\"content\">\n\t\t\t<article class=\"cms-content\">\n\t\t\t\t\t\t\t\t\t<h2>Freagrachta\u00ed tiarna\u00ed tal\u00fan agus iompra\u00edocht fhrithsh\u00f3isialta tion\u00f3nta\u00ed<\/h2>\n<p>N\u00ed m\u00f3r do thiarna\u00ed tal\u00fan a chinnti\u00fa go gclo\u00edonn tion\u00f3nta\u00ed le rialacha comhaontaithe tion\u00f3ntachta, go h\u00e1irithe m\u00e1 dh\u00e9anann siad difear do chomharsana (mar shampla, iompra\u00edocht fhrithsh\u00f3isialta). Mura gcinnt\u00edonn tiarna tal\u00fan go gclo\u00edonn tion\u00f3nta leis na rialacha, f\u00e9adfaidh an chomharsa n\u00f3 tr\u00ed\u00fa p\u00e1irt\u00ed c\u00e1s a thionscnamh in aghaidh an tiarna tal\u00fan tr\u00ed RTB.<\/p>\n<p>F\u00e9adfar a ord\u00fa do thiarna\u00ed tal\u00fan \u00edoca\u00edochta\u00ed m\u00f3ra a dh\u00e9anamh le comharsana as an gciapadh a cuireadh orthu.<\/p>\n<p>M\u00e1 dh\u00e9anann an chomharsa lena mbaineann teagmh\u00e1il leis an tiarna tal\u00fan faoi iompra\u00edocht fhrithsh\u00f3isialta, f\u00e9adfaidh an tiarna tal\u00fan litir a sheoladh chuig an tion\u00f3nta. Sa litir sin, orda\u00edtear don tion\u00f3nta gan iompar ar bhealach frithsh\u00f3isialta ar an maoin n\u00f3 in aice l\u00e1imhe.<\/p>\n<p>D\u00e9an gear\u00e1in faoi ghn\u00edomha\u00edocht fhrithsh\u00f3isialta n\u00f3 choiri\u00fail thromch\u00faiseach a thuairisci\u00fa don Gharda S\u00edoch\u00e1na.<\/p>\n\t\t\t\t\t\t\t<\/article>\n\t\t\t\t\t\t\t\t\t\t\t\t<aside class=\"related-content\" data-js=\"related-content\">\n\t\t\t\t\t\t<div class=\"wrapper\">\n\t\t\t\t\t\t\t\t\t\t\t\t\t\t\t<h2 class=\"\">\u00c1bhar gaolmhar<\/h2>\t\t\t\t\t\t\t\t\t\t\t\t\t\t<ul>\n\t\t\t\t\t\t\t\t\t\t\t\t\t\t\t\t\t\t\t\t\t\t\t\t\t\t\t\t\t\t\t\t\t\t\t\t\t\t<li><a class=\"text-link\" href=\"https:\/\/rtb.ie\/ga\/disputes\/guide-to-mediation\/\" target=\"\">Treoir maidir le hidirghabh\u00e1il<\/a><\/li>\n\t\t\t\t\t\t\t\t\t\t\t\t\t\t\t\t\t\t\t\t\t\t\t\t\t\t\t\t\t\t\t\t\t\t\t\t\t\t\t\t<li><a class=\"text-link\" href=\"https:\/\/rtb.ie\/ga\/disputes\/guide-to-adjudication\/\" target=\"\">Treoir maidir le breithni\u00fa<\/a><\/li>\n\t\t\t\t\t\t\t\t\t\t\t\t\t\t\t\t\t\t\t\t\t\t\t\t\t\t\t\t\t\t\t\t\t\t\t\t\t\t\t\t<li><a class=\"text-link\" href=\"https:\/\/rtb.ie\/ga\/disputes\/disputes-process\/\" target=\"\">An pr\u00f3iseas d\u00edosp\u00f3id\u00ed<\/a><\/li>\n\t\t\t\t\t\t\t\t\t\t\t\t\t\t\t\t\t\t\t\t\t\t\t\t\t\t\t\t\t\t\t\t\t\t\t\t\t\t\t\t<li><a class=\"text-link\" href=\"https:\/\/rtb.ie\/ga\/disputes\/guide-to-evidence\/\" target=\"\">Treoir maidir le fianaise<\/a><\/li>\n\t\t\t\t\t\t\t\t\t\t\t\t\t\t\t\t\t\t\t\t\t\t\t\t\t\t\t\t\t\t\t\t\t\t<\/ul>\n\t\t\t\t\t\t<\/div>\n\t\t\t\t\t<\/aside>\n\t\t\t\t\t\t\t\t\t<\/div>\n\t<\/div>\n<\/section>\n\n\n<section id=\"block-block_4c5b9829eb179d69ce91c47d6a4c1e21\" class=\"header-paragraph-block rtb-block  margin-top-xs margin-bottom-xs\">\n\t<div class=\"container\">\n\t\t<div class=\"content\">\n\t\t\t<article class=\"cms-content\">\n\t\t\t\t\t\t\t\t\t<h2>Roimh dh\u00edosp\u00f3id a thabhairt chuig RTB<\/h2>\n<p>Sonra\u00edtear sa dl\u00ed nach m\u00f3r do chomharsana n\u00f3 do thr\u00ed\u00fa p\u00e1irtithe a bhfuil fadhb acu le tion\u00f3nta iarracht a dh\u00e9anamh an d\u00edosp\u00f3id a r\u00e9iteach leis an tiarna tal\u00fan ar dt\u00fas.<\/p>\n<p>N\u00ed m\u00f3r duit an tiarna tal\u00fan a chur ar an eolas faoi na fadhbanna lena thion\u00f3nta n\u00f3 lena tion\u00f3nta agus deis a thabhairt d\u00f3 n\u00f3 di na fadhbanna a r\u00e9iteach sula dtugann t\u00fa d\u00edosp\u00f3id leat chuig RTB.<\/p>\n<p>Mura bhfuil mionsonra\u00ed teagmh\u00e1la an tiarna tal\u00fan agat, t\u00e1 seans ann go mbeidh RTB in ann iad a thabhairt duit a luaithe a bheidh an tion\u00f3ntacht cl\u00e1raithe.<\/p>\n<p>F\u00e9adfaidh t\u00fa mionsonra\u00ed teagmh\u00e1la an tiarna tal\u00fan a iarraidh tr\u00edd <a href=\"https:\/\/rtb.ie\/wp-content\/uploads\/2025\/05\/RTB_Third_party_request_form_REVISED_2020_June-1.pdf\">an bhfoirm seo a chomhl\u00e1n\u00fa<\/a> agus \u00ed a sheoladh chuig RTB.<\/p>\n\t\t\t\t\t\t\t<\/article>\n\t\t\t\t\t<\/div>\n\t<\/div>\n<\/section>\n\n\n<section id=\"block-block_be419e9bda2edcb1dfa38b12b0b57bdd\" class=\"header-paragraph-block rtb-block  margin-top-xs margin-bottom-xs\">\n\t<div class=\"container\">\n\t\t<div class=\"content\">\n\t\t\t<article class=\"cms-content\">\n\t\t\t\t\t\t\t\t\t<h2>Seirbh\u00eds\u00ed r\u00e9itigh d\u00edosp\u00f3id\u00ed lena mbaineann comharsa n\u00f3 tr\u00ed\u00fa p\u00e1irt\u00ed<\/h2>\n<p>Mura f\u00e9idir leat an fhadhb a r\u00e9iteach go d\u00edreach leis an tiarna tal\u00fan, f\u00e9adfaidh t\u00fa <a href=\"https:\/\/rtb.ie\/disputes\/guide-to-mediation\/\">iarratas a dh\u00e9anamh ar idirghabh\u00e1il n\u00f3 ar bhreithni\u00fa<\/a>.<\/p>\n<p>N\u00ed m\u00f3r an tiarna tal\u00fan a chur ar an eolas sula nd\u00e9antar athbhreithni\u00fa ar an gc\u00e1s. Caitear leis an tion\u00f3nta mar \u2018Ph\u00e1irt\u00ed f\u00f3gra\u2019 agus cuirtear ar an eolas \u00e9 n\u00f3 \u00ed faoin gc\u00e1s. Gheobhaidh s\u00e9 n\u00f3 s\u00ed c\u00f3ip den fhaisn\u00e9is faoin gc\u00e1s agus d\u2019aon fhianaise a cuireadh isteach. F\u00e9adfaidh s\u00e9 n\u00f3 s\u00ed freastal ar an \u00e9isteacht m\u00e1s mian leis n\u00f3 l\u00e9i d\u00e9anamh amhlaidh. N\u00edl aon cheart aige n\u00f3 aici chun achomharc a dh\u00e9anamh in aghaidh thortha\u00ed an ch\u00e1is.<\/p>\n<p>N\u00ed m\u00f3r duit na bearta a rinneadh chun an d\u00edosp\u00f3id a r\u00e9iteach a mh\u00edni\u00fa. Luaigh aon teagmh\u00e1il a bh\u00ed agat leis an tion\u00f3nta agus\/n\u00f3 leis an tiarna tal\u00fan.<\/p>\n<p>Ba cheart duit aon fhianaise ar a n\u00f3s seo a leanas a \u00e1ireamh:<\/p>\n<ul>\n<li>Loga taifead d\u2019aon imeachta\u00ed (d\u00e1ta\u00ed agus amanna ag ar tharla ruda\u00ed)<\/li>\n<li>Grianghraif<\/li>\n<li>R\u00e1itis \u00f3 fhinn\u00e9ithe<\/li>\n<li>Tuairisc\u00ed \u00f3n nGarda S\u00edoch\u00e1na (m\u00e1 bhaineann)<\/li>\n<li>Fianaise gur cuireadh an tiarna tal\u00fan ar an eolas faoi iompra\u00edocht fhrithsh\u00f3isialta an tion\u00f3nta.<\/li>\n<\/ul>\n<p>L\u00e9igh <a href=\"https:\/\/rtb.ie\/disputes\/guide-to-evidence\/\">treoir maidir le fianaise<\/a> chun cabhr\u00fa leat ullmh\u00fa.<\/p>\n\t\t\t\t\t\t\t<\/article>\n\t\t\t\t\t<\/div>\n\t<\/div>\n<\/section>\n\n\n<section id=\"block-block_d605f046f9b1709eed6532ed2c7e15e6\" class=\"header-paragraph-block rtb-block  margin-top-xs margin-bottom-default\">\n\t<div class=\"container\">\n\t\t<div class=\"content\">\n\t\t\t<article class=\"cms-content\">\n\t\t\t\t\t\t\t\t\t<h2>Cine\u00e1lacha eile d\u00edosp\u00f3id\u00ed comharsan<\/h2>\n<p>Tugann an Bord um Fhaisn\u00e9is do Shaor\u00e1naigh <a href=\"https:\/\/www.citizensinformation.ie\/en\/justice\/neighbour-disputes\/\">faisn\u00e9is faoi chine\u00e1lacha eile d\u00edosp\u00f3id\u00ed comharsan<\/a>. T\u00e1 na d\u00edosp\u00f3id\u00ed sin lasmuigh de shainch\u00faram RTB.<\/p>\n\t\t\t\t\t\t\t<\/article>\n\t\t\t\t\t<\/div>\n\t<\/div>\n<\/section>","protected":false},"excerpt":{"rendered":"","protected":false},"author":9,"featured_media":0,"parent":11,"menu_order":2,"comment_status":"closed","ping_status":"closed","template":"","meta":{"_acf_changed":false,"inline_featured_image":false,"_relevanssi_hide_post":"","_relevanssi_hide_content":"","_relevanssi_pin_for_all":"","_relevanssi_pin_keywords":"","_relevanssi_unpin_keywords":"","_relevanssi_related_keywords":"","_relevanssi_related_include_ids":"","_relevanssi_related_exclude_ids":"","_relevanssi_related_no_append":"","_relevanssi_related_not_related":"","_relevanssi_related_posts":"1,1239","_relevanssi_noindex_reason":"","_trash_the_other_posts":false,"editor_notices":[],"footnotes":""},"class_list":["post-650","page","type-page","status-publish","hentry"],"acf":[],"jetpack_sharing_enabled":true,"publishpress_future_action":{"enabled":false,"date":"2026-05-10 21:00:16","action":"change-status","newStatus":"draft","terms":[],"taxonomy":"","extraData":[]},"publishpress_future_workflow_manual_trigger":{"enabledWorkflows":[]},"_links":{"self":[{"href":"https:\/\/rtb.ie\/ga\/wp-json\/wp\/v2\/pages\/650","targetHints":{"allow":["GET"]}}],"collection":[{"href":"https:\/\/rtb.ie\/ga\/wp-json\/wp\/v2\/pages"}],"about":[{"href":"https:\/\/rtb.ie\/ga\/wp-json\/wp\/v2\/types\/page"}],"author":[{"embeddable":true,"href":"https:\/\/rtb.ie\/ga\/wp-json\/wp\/v2\/users\/9"}],"replies":[{"embeddable":true,"href":"https:\/\/rtb.ie\/ga\/wp-json\/wp\/v2\/comments?post=650"}],"version-history":[{"count":12,"href":"https:\/\/rtb.ie\/ga\/wp-json\/wp\/v2\/pages\/650\/revisions"}],"predecessor-version":[{"id":52906,"href":"https:\/\/rtb.ie\/ga\/wp-json\/wp\/v2\/pages\/650\/revisions\/52906"}],"up":[{"embeddable":true,"href":"https:\/\/rtb.ie\/ga\/wp-json\/wp\/v2\/pages\/11"}],"wp:attachment":[{"href":"https:\/\/rtb.ie\/ga\/wp-json\/wp\/v2\/media?parent=650"}],"curies":[{"name":"wp","href":"https:\/\/api.w.org\/{rel}","templated":true}]}}