{"id":655,"date":"2025-04-29T10:50:02","date_gmt":"2025-04-29T10:50:02","guid":{"rendered":"https:\/\/rtb.ie\/ga\/?page_id=655"},"modified":"2025-10-31T11:47:21","modified_gmt":"2025-10-31T11:47:21","slug":"guide-to-adjudication","status":"publish","type":"page","link":"https:\/\/rtb.ie\/ga\/disputes\/guide-to-adjudication\/","title":{"rendered":"Treoir maidir le breithni\u00fa"},"content":{"rendered":"\n<section id=\"block-block_49dc2e3e6699b2dd437a1e3e89650a0c\" class=\"header-block rtb-block colour-teal margin-top-none margin-bottom-default\">\n    <div class=\"container\">\n        <nav class=\"breadcrumbs\" aria-label=\"breadcrumb\">\n    <span property=\"itemListElement\" typeof=\"ListItem\"><a property=\"item\" typeof=\"WebPage\" title=\"Go to Bord um Tion\u00f3ntachta\u00ed C\u00f3naithe.\" href=\"https:\/\/rtb.ie\/ga\" class=\"home\" aria-current=\"page\"><span property=\"name\"><i class=\"rtb-home-icon\"><\/i><\/span><\/a><meta property=\"position\" content=\"1\"><\/span><i class=\"rtb-chevron\"><\/i><\/nav>\n        \n        <div class=\"wrapper\">\n            <div class=\"content\">\n                            \n                <h1 class=\"heading-xl\">Treoir maidir le breithni\u00fa<\/h1>\n                <p>Is \u00e9 is breithni\u00fa ann n\u00e1 seirbh\u00eds um r\u00e9iteach d\u00edosp\u00f3id\u00ed a sol\u00e1thra\u00edonn an Bord um Thion\u00f3ntachta\u00ed C\u00f3naithe \u00ed. D\u00e9anann breithneoir neamhsple\u00e1ch athbhreithni\u00fa ar an bhfianaise le linn \u00e9isteachta agus d\u00e9anann s\u00e9 n\u00f3 s\u00ed cinneadh at\u00e1 ina cheangal dl\u00ed. Faigh amach conas a oibr\u00edonn breithni\u00fa agus conas iarratas a dh\u00e9anamh air. <\/p>                            <\/div>\n            <!-- Temporary image: Remove after migrating illustrations to the illustration_selection field -->\n            \n                                    <div class=\"illustration fade-up\" aria-hidden=\"true\">\n                                                    <img decoding=\"async\" src=\"https:\/\/rtb.ie\/ga\/wp-content\/themes\/rtb\/assets\/images\/illustrations\/header-block\/header-illustration-teal-a.svg\" alt=\"\" \/>\n                                            <\/div>\n                                    <\/div>\n\n    <\/div>\n<\/section>\n\n\n<section id=\"block-block_045a502bd15110a7b6878f288d2af5f0\" class=\"navigation-block container rtb-block margin-top-default margin-bottom-none\">\n    <div class=\"content\">\n        <header>\n                            <h2 class=\"heading-s\">Ar an leathanach seo<\/h2>                        <i class=\"rtb-arrow down\"><\/i>\n        <\/header>\n                    <nav class=\"navigation\">            \n                                    <ul>\n                                                                                    <li><a class=\"text-link\" href=\"#what\" target=\"\">Cad is breithni\u00fa ann?<\/a><\/li>\n                                                                                                                <li><a class=\"text-link\" href=\"#who\" target=\"\">C\u00e9 a fh\u00e9adfaidh iarratas a dh\u00e9anamh ar bhreithni\u00fa?<\/a><\/li>\n                                                                                                                <li><a class=\"text-link\" href=\"#types\" target=\"\">Cine\u00e1lacha d\u00edosp\u00f3id\u00ed a fh\u00e9adfaidh t\u00fa a tharchur le haghaidh breithnithe<\/a><\/li>\n                                                                                                                <li><a class=\"text-link\" href=\"#time-limits\" target=\"\">Teorainneacha ama le haghaidh d\u00edosp\u00f3id\u00ed a chur isteach<\/a><\/li>\n                                                                        <\/ul>\n                                    <ul>\n                                                                                    <li><a class=\"text-link\" href=\"#withdraw\" target=\"\">An bhf\u00e9adfaidh m\u00e9 m\u2019iarratas a tharraingt siar?<\/a><\/li>\n                                                                                                                <li><a class=\"text-link\" href=\"#how\" target=\"\">Conas a oibr\u00edonn breithni\u00fa<\/a><\/li>\n                                                                                                                <li><a class=\"text-link\" href=\"#prepare\" target=\"\">Conas ullmh\u00fa do bhreithni\u00fa<\/a><\/li>\n                                                                                                                <li><a class=\"text-link\" href=\"#outcomes\" target=\"\">Tortha\u00ed tar \u00e9is \u00e9isteacht breithnithe<\/a><\/li>\n                                                                        <\/ul>\n                                    <ul>\n                                                                                    <li><a class=\"text-link\" href=\"#apply\" target=\"\">D\u00e9an iarratas ar bhreithni\u00fa<\/a><\/li>\n                                                                                                                <li><a class=\"text-link\" href=\"#contact\" target=\"\">Teagmh\u00e1il<\/a><\/li>\n                                                                        <\/ul>\n                            <\/nav>\n            <\/div>\n<\/section>\n\n\n<section id=\"what\" class=\"header-paragraph-block rtb-block  margin-top-default margin-bottom-xs\">\n\t<div class=\"container\">\n\t\t<div class=\"content\">\n\t\t\t<article class=\"cms-content\">\n\t\t\t\t\t\t\t\t\t<h2>Cad is breithni\u00fa ann?<\/h2>\n<p>Pr\u00f3iseas at\u00e1 n\u00edos foirmi\u00fala n\u00e1 <a href=\"https:\/\/rtb.ie\/disputes\/guide-to-mediation\/\">idirghabh\u00e1il<\/a> is ea breithni\u00fa.<\/p>\n<p>Cosna\u00edonn s\u00e9 \u20ac30. T\u00e1 breithni\u00fa bunaithe ar <a href=\"https:\/\/rtb.ie\/disputes\/guide-to-evidence\/\">an bhfianaise a chuireann t\u00fa i l\u00e1thair<\/a> le linn \u00e9isteachta. D\u00e9anann an breithneoir cinneadh ar an toradh ar bhonn na fianaise a cuireadh ar f\u00e1il agus ar bhonn an dl\u00ed.<\/p>\n<ul>\n<li>T\u00e1 cinneadh an bhreithneora ina cheangal dl\u00ed.<\/li>\n<li>Comhroinntear doicim\u00e9ad d\u00e1 ngairtear Ord\u00fa Cinnidh leis an d\u00e1 ph\u00e1irt\u00ed agus foils\u00edtear \u00e9 ar shu\u00edomh Gr\u00e9as\u00e1in RTB.<\/li>\n<li>N\u00ed g\u00e1 duit ionada\u00edocht dhl\u00edthi\u00fail \u00f3 aturnae n\u00e1 \u00f3 abhc\u00f3ide a bheith agat.<\/li>\n<\/ul>\n<p>T\u00f3gann pr\u00f3iseas breithnithe RTB n\u00edos m\u00f3 ama n\u00e1 mar a th\u00f3gann idirghabh\u00e1il. Sa bhliain 2024, ba \u00ed 19 seachtaine an mhe\u00e1ntr\u00e9imhse ama a t\u00f3gadh chun c\u00e1s breithnithe a r\u00e9iteach.<\/p>\n\t\t\t\t\t\t\t<\/article>\n\t\t\t\t\t<\/div>\n\t<\/div>\n<\/section>\n\n\n<section id=\"who\" class=\"header-paragraph-block rtb-block  margin-top-xs margin-bottom-xs\">\n\t<div class=\"container\">\n\t\t<div class=\"content\">\n\t\t\t<article class=\"cms-content\">\n\t\t\t\t\t\t\t\t\t<h2>C\u00e9 a fh\u00e9adfaidh iarratas a dh\u00e9anamh ar bhreithni\u00fa?<\/h2>\n<ul>\n<li>Tion\u00f3nta\u00ed<\/li>\n<li>Tiarna\u00ed tal\u00fan<\/li>\n<li>Duine nach bhfuil baint dh\u00edreach aige n\u00f3 aici leis an tion\u00f3ntacht. Mar shampla, comharsa a nd\u00e9anann iompra\u00edocht tion\u00f3nta difear d\u00f3 n\u00f3 di<\/li>\n<\/ul>\n\t\t\t\t\t\t\t<\/article>\n\t\t\t\t\t<\/div>\n\t<\/div>\n<\/section>\n\n\n<section id=\"types\" class=\"header-paragraph-block rtb-block  margin-top-xs margin-bottom-xs\">\n\t<div class=\"container\">\n\t\t<div class=\"content\">\n\t\t\t<article class=\"cms-content\">\n\t\t\t\t\t\t\t\t\t<h2>Cine\u00e1lacha d\u00edosp\u00f3id\u00ed a fh\u00e9adfaidh t\u00fa a tharchur le haghaidh breithnithe<\/h2>\n<ul>\n<li>Riar\u00e1iste c\u00edosa (nuair n\u00e1r \u00edocadh c\u00edos)<\/li>\n<li>R\u00f3shealbh\u00fa (nuair a fhanann tion\u00f3nta sa mhaoin tar \u00e9is dh\u00e1ta deiridh na tion\u00f3ntachta)<\/li>\n<li>Dam\u00e1iste is m\u00f3 n\u00e1 caitheamh agus cuimilt norm\u00e1lta.<\/li>\n<li>S\u00e1r\u00fa ar l\u00e9as t\u00e9arma sheasta<\/li>\n<li>S\u00e1r\u00fa ar oibleag\u00e1id\u00ed tion\u00f3nta (n\u00edor chlo\u00edgh an tion\u00f3nta le t\u00e9arma\u00ed an chomhaontaithe tion\u00f3ntachta n\u00f3 lena fhreagrachta\u00ed dl\u00edthi\u00fala n\u00f3 lena freagrachta\u00ed dl\u00edthi\u00fala)<\/li>\n<li>Bail\u00edocht f\u00f3gra foirceanta (an bhfuil an f\u00f3gra chun deireadh a chur leis an tion\u00f3ntacht dleathach n\u00f3 nach bhfuil)<\/li>\n<li>Foirceannadh neamhdhleathach tion\u00f3ntachta (d\u00edbirt mh\u00eddhleathach)<\/li>\n<li>Coinne\u00e1il \u00e9arlaise (n\u00edor tugadh an \u00e9arlais ar ais ag deireadh na tion\u00f3ntachta)<\/li>\n<li>Caighde\u00e1n agus cothabh\u00e1il na teaghaise (n\u00edl an mhaoin \u00e1 cothabh\u00e1il)<\/li>\n<li>S\u00e1r\u00fa ar oibleag\u00e1id\u00ed tiarna tal\u00fan (n\u00edor chlo\u00edgh an tiarna tal\u00fan le t\u00e9arma\u00ed an chomhaontaithe tion\u00f3ntachta n\u00f3 lena fhreagrachta\u00ed dl\u00edthi\u00fala n\u00f3 lena freagrachta\u00ed dl\u00edthi\u00fala)<\/li>\n<li>C\u00edos is m\u00f3 n\u00e1 an r\u00e1ta margaidh<\/li>\n<li>Bail\u00edocht athbhreithnithe c\u00edosa (an bhfuil an t-athbhreithni\u00fa c\u00edosa dleathach n\u00f3 nach bhfuil)<\/li>\n<li>Athbhreithni\u00fa c\u00edosa gan a bheith i gcomhr\u00e9ir le Criosanna Br\u00fa C\u00edosa<\/li>\n<li>Iompra\u00edocht fhrithsh\u00f3isialta<\/li>\n<li>Eile (beidh ar an iarratas\u00f3ir mionsonra\u00ed a thabhairt)<\/li>\n<\/ul>\n\t\t\t\t\t\t\t<\/article>\n\t\t\t\t\t<\/div>\n\t<\/div>\n<\/section>\n\n\n<section id=\"time-limits\" class=\"header-paragraph-block rtb-block  margin-top-xs margin-bottom-xs\">\n\t<div class=\"container\">\n\t\t<div class=\"content\">\n\t\t\t<article class=\"cms-content\">\n\t\t\t\t\t\t\t\t\t<h2>Teorainneacha ama le haghaidh d\u00edosp\u00f3id\u00ed a chur isteach<\/h2>\n<p>N\u00ed m\u00f3r duit cine\u00e1lacha \u00e1irithe d\u00edosp\u00f3id\u00ed a tharchur chuig RTB laistigh de na tr\u00e9imhs\u00ed ama seo.<\/p>\n\t\t\t\t\t\t\t<\/article>\n\t\t\t\t\t<\/div>\n\t<\/div>\n<\/section>\n\n\n<section id=\"block-block_2bdc9dfcbac2d5951f3f75cb65d0c0c0\" class=\"table-block rtb-block margin-top-none margin-bottom-xs\">\n\t<div class=\"container\">\n\t\t<div class=\"content\">\n\t\t\t\t\t\t<table>\n\t\t\t\t\n\t\t\t\t\t\t\t\t\t<thead>\n\t\t\t\t\t\t<tr>\n\t\t\t\t\t\t\t\t\t\t\t\t\t\t\t<th>Cine\u00e1l d\u00edosp\u00f3ide<\/th>\n\t\t\t\t\t\t\t\t\t\t\t\t\t\t\t<th>Tr\u00e9imhse ama le haghaidh atreoraithe<\/th>\n\t\t\t\t\t\t\t\t\t\t\t\t\t<\/tr>\n\t\t\t\t\t<\/thead>\n\t\t\t\t\n\t\t\t\t<tbody>\n\t\t\t\t\t\t\t\t\t\t\t<tr>\n\t\t\t\t\t\t\t\t\t\t\t\t\t\t\t<td>D\u00edosp\u00f3id\u00ed faoin m\u00e9id c\u00edosa a comhaonta\u00edodh n\u00f3 a d\u2019\u00edoc iarthion\u00f3nta<\/td>\n\t\t\t\t\t\t\t\t\t\t\t\t\t\t\t<td>Laistigh de 28 l\u00e1 \u00f3 dheireadh na tion\u00f3ntachta.<\/td>\n\t\t\t\t\t\t\t\t\t\t\t\t\t<\/tr>\n\t\t\t\t\t\t\t\t\t\t\t<tr>\n\t\t\t\t\t\t\t\t\t\t\t\t\t\t\t<td>D\u00edosp\u00f3id\u00ed faoi fh\u00f3gra\u00ed foirceanta<\/td>\n\t\t\t\t\t\t\t\t\t\t\t\t\t\t\t<td>Laistigh de 90 l\u00e1 \u00f3n bhf\u00f3gra a fh\u00e1il, m\u00e1 chomhl\u00edon t\u00fa d\u2019oibleag\u00e1id\u00ed tion\u00f3nta. Laistigh de 28 l\u00e1 \u00f3n bhf\u00f3gra a fh\u00e1il, m\u00e1 sh\u00e1raigh t\u00fa d\u2019oibleag\u00e1id\u00ed tion\u00f3nta.<\/td>\n\t\t\t\t\t\t\t\t\t\t\t\t\t<\/tr>\n\t\t\t\t\t\t\t\t\t\t\t<tr>\n\t\t\t\t\t\t\t\t\t\t\t\t\t\t\t<td>D\u00edosp\u00f3id\u00ed faoi mh\u00e9aduithe c\u00edosa<\/td>\n\t\t\t\t\t\t\t\t\t\t\t\t\t\t\t<td>Sula dtagann an m\u00e9ad\u00fa c\u00edosa i bhfeidhm n\u00f3 laistigh de 28 l\u00e1 \u00f3 fh\u00f3gra foirmi\u00fail faoin gc\u00edos nua a fh\u00e1il.<\/td>\n\t\t\t\t\t\t\t\t\t\t\t\t\t<\/tr>\n\t\t\t\t\t\t\t\t\t<\/tbody>\n\n\t\t\t<\/table>\n\t\t<\/div>\n\t<\/div>\n<\/section>\n\n\n\n<section id=\"block-block_9742eab634ad4fc3087c888b11cdd11b\" class=\"header-paragraph-block rtb-block  margin-top-none margin-bottom-s\">\n\t<div class=\"container\">\n\t\t<div class=\"content\">\n\t\t\t<article class=\"cms-content\">\n\t\t\t\t\t\t\t\t\t<p>F\u00e9adfaidh RTB na teorainneacha sin a fhad\u00fa in imthosca eisceacht\u00fala. N\u00ed m\u00f3r do Bhord RTB breithni\u00fa agus formheas a dh\u00e9anamh ar gach iarraidh chun iarratas d\u00e9anach a chead\u00fa.<\/p>\n\t\t\t\t\t\t\t<\/article>\n\t\t\t\t\t<\/div>\n\t<\/div>\n<\/section>\n\n\n<section id=\"withdraw\" class=\"header-paragraph-block rtb-block  margin-top-xs margin-bottom-xs\">\n\t<div class=\"container\">\n\t\t<div class=\"content\">\n\t\t\t<article class=\"cms-content\">\n\t\t\t\t\t\t\t\t\t<h2>An bhf\u00e9adfaidh m\u00e9 m\u2019iarratas a tharraingt siar?<\/h2>\n<p>F\u00e9adfaidh t\u00fa d\u2019iarratas a tharraingt siar tr\u00e1th ar bith sula n-eiseofar an tOrd\u00fa Cinnidh. Cuir an m\u00e9id sin in i\u00fal d\u00fainn a luaithe is f\u00e9idir.<\/p>\n<h2>An bhf\u00e9adfaidh m\u00e9 socr\u00fa a dh\u00e9anamh leis an bp\u00e1irt\u00ed eile?<\/h2>\n<p>F\u00e9adfaidh t\u00fa teacht ar chomhaont\u00fa tr\u00e1th ar bith. M\u00e1 tharla\u00edonn s\u00e9 sin, n\u00ed m\u00f3r don iarratas\u00f3ir a r\u00e1 linn an c\u00e1s a tharraingt siar.<\/p>\n\t\t\t\t\t\t\t<\/article>\n\t\t\t\t\t<\/div>\n\t<\/div>\n<\/section>\n\n\n<section id=\"how\" class=\"header-paragraph-block rtb-block  margin-top-xs margin-bottom-xs\">\n\t<div class=\"container\">\n\t\t<div class=\"content\">\n\t\t\t<article class=\"cms-content\">\n\t\t\t\t\t\t\t\t\t<h2>Conas a oibr\u00edonn breithni\u00fa<\/h2>\n<p>B\u00edonn \u00e9isteachta\u00ed breithi\u00fanais ar si\u00fal \u00f3 Luan go hAoine ag 10.00am, ag 11.30am agus ag 2.15pm.<\/p>\n<ul>\n<li>Gheobhaidh an d\u00e1 ph\u00e1irt\u00ed d\u00e1ta agus am le haghaidh na h\u00e9isteachta breithnithe.<\/li>\n<li>Cuirtear formh\u00f3r na n-\u00e9isteachta\u00ed ar si\u00fal go cianda tr\u00ed fh\u00edsghlao. Is annamh a chuirtear \u00e9isteachta\u00ed pearsanta ar si\u00fal.<\/li>\n<li>Gheobhaidh t\u00fa nasc chuig an gcruinni\u00fa tr\u00ed do chuntas leis an Ionad um R\u00e9iteach D\u00edosp\u00f3id\u00ed de chuid RTB, tr\u00ed r\u00edomhphost n\u00f3 tr\u00edd an bpost.<\/li>\n<li>Cuireann an d\u00e1 ph\u00e1irt\u00ed fianaise isteach roimh r\u00e9.<\/li>\n<li>D\u00e9anann an breithneoir athbhreithni\u00fa ar an bhfianaise agus d\u00e9anann s\u00e9 n\u00f3 s\u00ed Ord\u00fa Cinnidh at\u00e1 ina cheangal dl\u00ed.<\/li>\n<\/ul>\n<h2>Cad a tharl\u00f3idh m\u00e1 bh\u00edonn orm an d\u00e1ta n\u00f3 an t-am a athr\u00fa?<\/h2>\n<p>N\u00ed fh\u00e9adfaidh t\u00fa a iarraidh go n-athr\u00f3fa\u00ed d\u00e1ta n\u00f3 am (atr\u00e1th) d\u2019\u00e9isteachta breithnithe ach amh\u00e1in i gc\u00e1sanna eisceacht\u00fala. N\u00ed mheastar oibleag\u00e1id\u00ed oibre n\u00f3 col\u00e1iste a bheith ina gc\u00faiseanna bail\u00ed.<\/p>\n<p>Chun atr\u00e1th a iarraidh:<\/p>\n<ul>\n<li>Seol d\u2019iarraidh i scr\u00edbhinn<\/li>\n<li>Tabhair cruth\u00fanas chun tac\u00fa le d\u2019iarraidh<\/li>\n<\/ul>\n<p>Mura f\u00e9idir leat freastal ar an \u00e9isteacht, f\u00e9adfaidh t\u00fa duine eile a ainmni\u00fa n\u00f3 r\u00e1iteas i scr\u00edbhinn a chur isteach. Mura bhfreastala\u00edonn t\u00fa ar an \u00e9isteacht gan f\u00f3gra a thabhairt, glacfaidh an breithneoir leis go bhfuil an t-iarratas tarraingthe siar agat.<\/p>\n\t\t\t\t\t\t\t<\/article>\n\t\t\t\t\t<\/div>\n\t<\/div>\n<\/section>\n\n\n<section id=\"prepare\" class=\"header-paragraph-block rtb-block  margin-top-xs margin-bottom-xs\">\n\t<div class=\"container\">\n\t\t<div class=\"content\">\n\t\t\t<article class=\"cms-content\">\n\t\t\t\t\t\t\t\t\t<h2>Conas ullmh\u00fa do bhreithni\u00fa<\/h2>\n<p>Ba cheart do gach p\u00e1irt\u00ed a bhfuil baint acu leis an d\u00edosp\u00f3id fianaise a chur isteach chun a gc\u00e1s a chruth\u00fa.<\/p>\n<p>D\u00e9anann an breithneoir cinneadh ar r\u00e9iteach na d\u00edosp\u00f3ide ar bhonn na fianaise at\u00e1 curtha ar f\u00e1il agus ar bhonn an dl\u00ed.<\/p>\n<p>Comhroinntear aon fhianaise at\u00e1 curtha isteach leis na p\u00e1irtithe uile lena mbaineann, lena n-ionadaithe agus leis an mbreithneoir.<\/p>\n<p>L\u00e9igh an <a href=\"https:\/\/rtb.ie\/disputes\/guide-to-evidence\/\">treoir maidir le fianaise<\/a> chun cabhr\u00fa leat ullmh\u00fa.<\/p>\n<h3>Cad a tharl\u00f3idh ag \u00e9isteacht breithnithe<\/h3>\n<p>Freastala\u00edonn na p\u00e1irtithe uile le ch\u00e9ile agus leis an mbreithneoir. D\u00e9anfaidh an breithneoir an \u00e9isteacht a bhainisti\u00fa. Tabharfaidh s\u00e9 n\u00f3 s\u00ed deis do gach duine a gc\u00e1s a mh\u00edni\u00fa tr\u00ed \u00fas\u00e1id a bhaint as fianaise a comhroinneadh. De ghn\u00e1th, maireann an \u00e9isteacht breithnithe idir 1 uair an chloig agus 2 uair an chloig. Braitheann s\u00e9 ar c\u00e9 chomh casta agus at\u00e1 an d\u00edosp\u00f3id. Coinnigh an l\u00e1 sin saor i do dhialann.<\/p>\n<h3>\u00c9isteachta\u00ed f\u00edor\u00fala<\/h3>\n<p>Gheobhaidh t\u00fa nasc uath\u00fail chun p\u00e1irt a ghlacadh san \u00e9isteacht tr\u00ed r\u00edomhphost n\u00f3 tr\u00edd an bpost. N\u00ed bhfaighidh ach freastalaithe deimhnithe an nasc chuig an gcruinni\u00fa. Clice\u00e1il an nasc chun dul isteach sa chruinni\u00fa. Rachaidh t\u00fa isteach i seomra feithimh. Ligfidh an breithneoir daoine isteach agus d\u00e9anfaidh s\u00e9 n\u00f3 s\u00ed a gc\u00e9annacht a sheice\u00e1il.<\/p>\n<p>M\u00e1 bh\u00edonn deacracht agat nascadh, is f\u00e9idir linn glao taca\u00edochta a eagr\u00fa chun cabhr\u00fa leat nascadh. Is f\u00e9idir leat p\u00e1irt a ghlacadh san \u00e9isteacht ar an bhf\u00f3n freisin m\u00e1 bh\u00edonn fadhbanna nascachta agat.<\/p>\n<h3>S\u00e1bh\u00e1ilteacht ar l\u00edne<\/h3>\n<p>Ar mhaithe le do sh\u00e1bh\u00e1ilteacht phearsanta:<\/p>\n<ul>\n<li>Le linn an chruinnithe, n\u00ed thaispe\u00e1nfar ach d\u2019ainm.<\/li>\n<li>N\u00ed cheada\u00edtear \u00e9isteachta\u00ed f\u00edor\u00fala a thaifeadadh faoi aon imthosca.<\/li>\n<li>Smaoinigh ar an \u00e1it a mbeidh t\u00fa don \u00e9isteacht agus ar cad is f\u00e9idir le daoine a fheice\u00e1il ar an gceamara. M\u00e1s g\u00e1, d\u00e9an do ch\u00falra a dhoil\u00e9iri\u00fa sna socruithe f\u00edsghlao.<\/li>\n<li>M\u00e1 ghlacann t\u00fa p\u00e1irt san \u00e9isteacht ar an bhf\u00f3n, folaigh d\u2019aitheantas glaoiteora. Mura nd\u00e9anann t\u00fa amhlaidh, is f\u00e9idir go mbeidh cuid de d\u2019uimhir f\u00f3in le feice\u00e1il (roinnt digit\u00ed agus r\u00e9ilt\u00edn\u00ed).<\/li>\n<\/ul>\n<p>T\u00e1 meas\u00fan\u00fa tionchair ar chosaint sonra\u00ed d\u00e9anta ag RTB ar \u00e9isteachta\u00ed f\u00edor\u00fala. Faigh tuilleadh faisn\u00e9ise faoi <a href=\"https:\/\/rtb.ie\/about\/privacy-statement\/\">conas a chosna\u00edmid do shonra\u00ed<\/a>.<\/p>\n<h4>\u00c9isteacht phearsanta<\/h4>\n<p>Cuirtear \u00e9isteachta\u00ed pearsanta ar si\u00fal i gCathair Bhaile \u00c1tha Cliath (oifig RTB), i gCathair Chorca\u00ed, i gCathair na Gaillimhe, i gCathair Luimnigh, i mBaile Shligigh, i mBaile \u00c1tha Luain agus i mBaile Loch Garman.<\/p>\n<p>Mura f\u00e9idir leat freastal ar dh\u00e1ta d\u2019\u00e9isteachta, cuir an m\u00e9id sin in i\u00fal d\u00fainn a luaithe is f\u00e9idir leat.<\/p>\n<p>D\u00e1 mba mhaith leat go nd\u00e9anfadh duine \u00e9igin ionada\u00edocht duit n\u00f3 d\u00e1 mba mhaith leat finn\u00e9 a thabhairt leat, cuir an m\u00e9id sin in i\u00fal d\u00fainn 3 l\u00e1 ar a laghad roimh an \u00e9isteacht.<\/p>\n<p>B\u00ed in am agus lean na treoracha \u00f3 fhoireann RTB agus \u00f3n mbreithneoir. Tabhair leat peann, p\u00e1ip\u00e9ar agus c\u00f3ipeanna d\u2019aon doicim\u00e9id a chomhroinn t\u00fa roimhe seo. M\u00e1 bh\u00edonn aon cheisteanna agat, d\u00e9an teagmh\u00e1il le RTB roimh d\u2019\u00e9isteacht.<\/p>\n\t\t\t\t\t\t\t<\/article>\n\t\t\t\t\t<\/div>\n\t<\/div>\n<\/section>\n\n\n<section id=\"outcomes\" class=\"header-paragraph-block rtb-block  margin-top-xs margin-bottom-xs\">\n\t<div class=\"container\">\n\t\t<div class=\"content\">\n\t\t\t<article class=\"cms-content\">\n\t\t\t\t\t\t\t\t\t<h3>Tortha\u00ed tar \u00e9is \u00e9isteacht breithnithe<\/h3>\n<p>D\u00e9anfaidh an breithneoir cinneadh ar an <a href=\"https:\/\/rtb.ie\/disputes\/enforcement-of-determination-orders\/\">toradh<\/a> agus d\u00e9anfaidh s\u00e9 n\u00f3 s\u00ed Ord\u00fa Cinnidh ina leagfar amach an cinneadh uaidh n\u00f3 uaithi agus na c\u00faiseanna leis an gcinneadh sin. M\u00edneofar sa doicim\u00e9ad sin na t\u00e9arma\u00ed agus an aml\u00edne chun cinneadh an bhreithneora a chomhl\u00edonadh.<\/p>\n<p>Mar shampla, is f\u00e9idir go sonr\u00f3far in Ord\u00fa Cinnidh go gcaithfidh tion\u00f3nta an riar\u00e1iste c\u00edosa ar fad a \u00edoc laistigh de 6 mh\u00ed. N\u00f3 is f\u00e9idir go sonr\u00f3far ann go gcaithfidh tiarna tal\u00fan obair chothabh\u00e1la ar mhaoin a chr\u00edochn\u00fa laistigh de 3 mh\u00ed.<\/p>\n<p>F\u00e9adfaidh ceachtar p\u00e1irt\u00ed achomharc a dh\u00e9anamh in aghaidh chinneadh an bhreithneora chuig <a href=\"https:\/\/rtb.ie\/disputes\/guide-to-tribunals\/\">binse<\/a> de chuid RTB m\u00e1 mheasann an p\u00e1irt\u00ed:<\/p>\n<ul>\n<li>Go bhfuil an cinneadh m\u00edcheart agus nach gclo\u00edonn s\u00e9 leis an dl\u00ed<\/li>\n<li>Nach raibh an breithneoir ar an eolas faoi fhianaise th\u00e1bhachtach<\/li>\n<\/ul>\n<p>N\u00ed m\u00f3r duit iarratas a dh\u00e9anamh laistigh de 10 l\u00e1 oibre.<\/p>\n<p>Mura bhfaightear aon achomharc, tiocfaidh an tOrd\u00fa Cinnidh chun bheith ina cheangal dl\u00ed (laistigh de 2 sheachtain \u00f3 dheireadh na tr\u00e9imhse achomhairc de ghn\u00e1th).<\/p>\n<h3>Tortha\u00ed an bhreithnithe<\/h3>\n<p>D\u00e9antar Orduithe Cinnidh a thagann as \u00e9isteachta\u00ed breithnithe a fhoilsi\u00fa ar \u00e1r su\u00edomh Gr\u00e9as\u00e1in.<\/p>\n<p>Bain \u00fas\u00e1id as na scagair\u00ed chun cuardach le haghaidh <a href=\"https:\/\/rtb.ie\/compliance\/investigation-outcomes\/search-registration-enforcement-outcomes\/\">tortha\u00ed agus Orduithe Cinnidh roimhe seo le haghaidh breithnithe<\/a>.<\/p>\n\t\t\t\t\t\t\t<\/article>\n\t\t\t\t\t<\/div>\n\t<\/div>\n<\/section>\n\n\n<section id=\"apply\" class=\"header-paragraph-block rtb-block  margin-top-xs margin-bottom-xs\">\n\t<div class=\"container\">\n\t\t<div class=\"content\">\n\t\t\t<article class=\"cms-content\">\n\t\t\t\t\t\t\t\t\t<h3>D\u00e9an iarratas ar bhreithni\u00fa<\/h3>\n<p>D\u00e9an iarratas ar l\u00edne tr\u00edd an <a href=\"https:\/\/services.rtb.ie\/gsp\">Ionad um R\u00e9iteach D\u00edosp\u00f3id\u00ed de chuid RTB<\/a>.<\/p>\n<h3>C\u00e1 mh\u00e9ad a chosna\u00edonn breithni\u00fa?<\/h3>\n<p>Cosna\u00edonn s\u00e9 \u20ac30 chun iarratas a dh\u00e9anamh ar bhreithni\u00fa. Is f\u00e9idir leat \u00edoc ar l\u00edne tr\u00edd an <a href=\"https:\/\/services.rtb.ie\/gsp\">Ionad um R\u00e9iteach D\u00edosp\u00f3id\u00ed de chuid RTB<\/a>.<\/p>\n<p>Mura f\u00e9idir leat iarratas ar l\u00edne a dh\u00e9anamh, is f\u00e9idir leat an <a href=\"https:\/\/rtb.ie\/resources\/category\/disputes\/\">fhoirm iarratais<\/a> a \u00edosl\u00f3d\u00e1il agus a chomhl\u00e1n\u00fa.<\/p>\n<p>Cuir an t-iarratas isteach ar na beala\u00ed seo:<\/p>\n<p>Tr\u00ed r\u00edomhphost:\u00a0<a href=\"mailto:disputes@rtb.ie\">disputes@rtb.ie<\/a><\/p>\n<p>Tr\u00edd an bPost: An Bord um Thion\u00f3ntachta\u00ed C\u00f3naithe, Bosca PO 13841,\u00a0Saorphost FKY7736,\u00a0Cill Orglan,\u00a0Co. Chiarra\u00ed.<\/p>\n<p>&nbsp;<\/p>\n<div data-ccp-timestamp=\"1751882699154\"><\/div>\n\t\t\t\t\t\t\t<\/article>\n\t\t\t\t\t<\/div>\n\t<\/div>\n<\/section>\n\n\n<section id=\"contact\" class=\"header-paragraph-block rtb-block  margin-top-xs margin-bottom-default\">\n\t<div class=\"container\">\n\t\t<div class=\"content\">\n\t\t\t<article class=\"cms-content\">\n\t\t\t\t\t\t\t\t\t<h3>D\u00e9an teagmh\u00e1il linn<\/h3>\n<p>M\u00e1 bh\u00edonn aon cheisteanna agat n\u00f3 m\u00e1s g\u00e1 duit sinn a thabhairt cothrom le d\u00e1ta maidir le do mhionsonra\u00ed:<\/p>\n<p>Cuir glao ar 0818 30 30 37 n\u00f3 01 7028100<\/p>\n<p>Seol r\u00edomhphost chuig\u00a0<a href=\"mailto:disputes@rtb.ie\">disputes@rtb.ie<\/a><\/p>\n\t\t\t\t\t\t\t<\/article>\n\t\t\t\t\t<\/div>\n\t<\/div>\n<\/section>","protected":false},"excerpt":{"rendered":"","protected":false},"author":9,"featured_media":0,"parent":11,"menu_order":4,"comment_status":"closed","ping_status":"closed","template":"","meta":{"_acf_changed":false,"inline_featured_image":false,"_relevanssi_hide_post":"","_relevanssi_hide_content":"","_relevanssi_pin_for_all":"","_relevanssi_pin_keywords":"","_relevanssi_unpin_keywords":"","_relevanssi_related_keywords":"","_relevanssi_related_include_ids":"","_relevanssi_related_exclude_ids":"","_relevanssi_related_no_append":"","_relevanssi_related_not_related":"","_relevanssi_related_posts":"1239,1","_relevanssi_noindex_reason":"","_trash_the_other_posts":false,"editor_notices":[],"footnotes":""},"class_list":["post-655","page","type-page","status-publish","hentry"],"acf":[],"jetpack_sharing_enabled":true,"publishpress_future_action":{"enabled":false,"date":"2026-04-27 16:15:38","action":"change-status","newStatus":"draft","terms":[],"taxonomy":"","extraData":[]},"publishpress_future_workflow_manual_trigger":{"enabledWorkflows":[]},"_links":{"self":[{"href":"https:\/\/rtb.ie\/ga\/wp-json\/wp\/v2\/pages\/655","targetHints":{"allow":["GET"]}}],"collection":[{"href":"https:\/\/rtb.ie\/ga\/wp-json\/wp\/v2\/pages"}],"about":[{"href":"https:\/\/rtb.ie\/ga\/wp-json\/wp\/v2\/types\/page"}],"author":[{"embeddable":true,"href":"https:\/\/rtb.ie\/ga\/wp-json\/wp\/v2\/users\/9"}],"replies":[{"embeddable":true,"href":"https:\/\/rtb.ie\/ga\/wp-json\/wp\/v2\/comments?post=655"}],"version-history":[{"count":38,"href":"https:\/\/rtb.ie\/ga\/wp-json\/wp\/v2\/pages\/655\/revisions"}],"predecessor-version":[{"id":52606,"href":"https:\/\/rtb.ie\/ga\/wp-json\/wp\/v2\/pages\/655\/revisions\/52606"}],"up":[{"embeddable":true,"href":"https:\/\/rtb.ie\/ga\/wp-json\/wp\/v2\/pages\/11"}],"wp:attachment":[{"href":"https:\/\/rtb.ie\/ga\/wp-json\/wp\/v2\/media?parent=655"}],"curies":[{"name":"wp","href":"https:\/\/api.w.org\/{rel}","templated":true}]}}