{"id":673,"date":"2025-04-29T11:14:11","date_gmt":"2025-04-29T11:14:11","guid":{"rendered":"https:\/\/rtb.ie\/ga\/?page_id=673"},"modified":"2025-07-04T13:37:06","modified_gmt":"2025-07-04T13:37:06","slug":"complain-to-the-rtb-about-a-landlord","status":"publish","type":"page","link":"https:\/\/rtb.ie\/ga\/compliance\/complain-to-the-rtb-about-a-landlord\/","title":{"rendered":"D\u00e9an gear\u00e1n leis an RTB faoi thiarna tal\u00fan"},"content":{"rendered":"\n<div class=\"translation-notice no-print\">\n        <div class=\"inner container\">\n            <p><strong>Cuirfear aistri\u00fach\u00e1n ar f\u00e1il go luath<\/strong><\/p>\n            <p>\u00c1r leithsc\u00e9al as an m\u00edchaoithi\u00falacht. Cuirfear aistri\u00fach\u00e1n Gaeilge ar an leathanach seo ar f\u00e1il go luath. Go raibh maith agat as do chuid foighneachta agus muid ag obair ar leagan uasd\u00e1taithe.<\/p>\n        <\/div>\n    <\/div><section id=\"block-block_8a62bed7cf776f8a4c6ad08995d96047\" class=\"header-block rtb-block colour-teal margin-top-none margin-bottom-default\">\n    <div class=\"container\">\n        <nav class=\"breadcrumbs\" aria-label=\"breadcrumb\">\n    <span property=\"itemListElement\" typeof=\"ListItem\"><a property=\"item\" typeof=\"WebPage\" title=\"Go to Bord um Tion\u00f3ntachta\u00ed C\u00f3naithe.\" href=\"https:\/\/rtb.ie\/ga\" class=\"home\" aria-current=\"page\"><span property=\"name\"><i class=\"rtb-home-icon\"><\/i><\/span><\/a><meta property=\"position\" content=\"1\"><\/span><i class=\"rtb-chevron\"><\/i><\/nav>\n        \n        <div class=\"wrapper\">\n            <div class=\"content\">\n                            \n                <h1 class=\"heading-xl\">D\u00e9an gear\u00e1n leis an RTB faoi thiarna tal\u00fan<\/h1>\n                                            <\/div>\n            <!-- Temporary image: Remove after migrating illustrations to the illustration_selection field -->\n            \n                                    <div class=\"illustration fade-up\" aria-hidden=\"true\">\n                                                    <img decoding=\"async\" src=\"https:\/\/rtb.ie\/ga\/wp-content\/themes\/rtb\/assets\/images\/illustrations\/header-block\/header-illustration-teal-a.svg\" alt=\"\" \/>\n                                            <\/div>\n                                    <\/div>\n\n    <\/div>\n<\/section>\n\n\n<section id=\"block-block_81fc2016b4246914bf50f04cc230cd69\" class=\"navigation-block container rtb-block margin-top-default margin-bottom-none\">\n    <div class=\"content\">\n        <header>\n                            <h2 class=\"heading-s\">On this page<\/h2>                        <i class=\"rtb-arrow down\"><\/i>\n        <\/header>\n                    <nav class=\"navigation\">            \n                                    <ul>\n                                                                                    <li><a class=\"text-link\" href=\"#two-ways\" target=\"\">There are two ways to complain about a landlord<\/a><\/li>\n                                                                                                                <li><a class=\"text-link\" href=\"#unsure\" target=\"\">If you are unsure which process to use<\/a><\/li>\n                                                                                                                <li><a class=\"text-link\" href=\"#dispute\" target=\"\">Dispute resolution process<\/a><\/li>\n                                                                                                                <li><a class=\"text-link\" href=\"#process\" target=\"\">Investigations and sanctions process<\/a><\/li>\n                                                                        <\/ul>\n                                    <ul>\n                                                                                    <li><a class=\"text-link\" href=\"#more\" target=\"\">Find out more<\/a><\/li>\n                                                                        <\/ul>\n                            <\/nav>\n            <\/div>\n<\/section>\n\n\n<section id=\"two-ways\" class=\"header-paragraph-block rtb-block  margin-top-xs margin-bottom-xs\">\n\t<div class=\"container\">\n\t\t<div class=\"content\">\n\t\t\t<article class=\"cms-content\">\n\t\t\t\t\t\t\t\t\t<h2>There are two ways to complain about a landlord<\/h2>\n<ul>\n<li>Dispute resolution service: use this if your rights as a tenant have been broken.<\/li>\n<li>Investigations and Sanctions process: use this to report a landlord for breaking rental laws.<\/li>\n<\/ul>\n<p>This page explains the differences so you can choose the right process. Once you read the information, use the buttons above to continue with your complaint.<\/p>\n<h3>If you are a landlord looking to complain about a tenant<\/h3>\n<p>If you are a landlord dealing with an issue with a current or previous tenant, you must use the <a href=\"https:\/\/rtb.ie\/ga\/disputes\/disputes-process\/\">dispute resolution service<\/a>.<\/p>\n<p>The Compliance and Enforcement Team does not handle complaints from landlords about tenants.<\/p>\n<p>&nbsp;<\/p>\n\t\t\t\t\t\t\t<\/article>\n\t\t\t\t\t<\/div>\n\t<\/div>\n<\/section>\n\n\n<section id=\"unsure\" class=\"header-paragraph-block rtb-block  margin-top-xs margin-bottom-xs\">\n\t<div class=\"container\">\n\t\t<div class=\"content\">\n\t\t\t<article class=\"cms-content\">\n\t\t\t\t\t\t\t\t\t<h2>If you are unsure which process to use<\/h2>\n<p><strong>Use the Dispute Resolution Service if you:<\/strong><\/p>\n<ul>\n<li>Received an invalid Notice of Termination (NoT) or rent review.<\/li>\n<li>Left a property due to a Notice of Termination that you believe was invalid.<\/li>\n<li>Experienced an illegal eviction.<\/li>\n<li>Want a legally binding order for actions such as returning a deposit, paying rent arrears, or ensuring you can remain in the property.<\/li>\n<li>Have an issue that <strong>cannot<\/strong> be investigated by the Compliance and Enforcement unit (see more about improper conducts below) but that can be resolved through dispute resolution.<\/li>\n<li>Are a third party directly affected by the issue, such as anti-social behaviour.<\/li>\n<\/ul>\n<p><strong>Use the Investigations and Sanctions process if you:<\/strong><\/p>\n<ul>\n<li>Are reporting a landlord for one of the 10 improper conducts that fall under the RTB&#8217;s investigation powers.<\/li>\n<li>Are a third party who is aware of improper conduct, even if you are not directly affected.<\/li>\n<li>Have information about a rental law breach, such as a landlord charging more rent than legally allowed or if you are a former tenant who knows that the new tenancy is being charged an illegal amount.<\/li>\n<li>Are reporting an issue that <strong>cannot<\/strong> be better resolved through dispute resolution.<\/li>\n<\/ul>\n<p>The main differences between disputes and investigations are summarised below.<\/p>\n\t\t\t\t\t\t\t<\/article>\n\t\t\t\t\t<\/div>\n\t<\/div>\n<\/section>\n\n\n<section id=\"dispute\" class=\"header-paragraph-block rtb-block  margin-top-xs margin-bottom-xs\">\n\t<div class=\"container\">\n\t\t<div class=\"content\">\n\t\t\t<article class=\"cms-content\">\n\t\t\t\t\t\t\t\t\t<h2>Dispute resolution process<\/h2>\n<h3>Purpose<\/h3>\n<p>Helps solve <a href=\"https:\/\/rtb.ie\/ga\/disputes\/\">disputes<\/a> (problems) between tenants and landlords.<\/p>\n<h3>Who can use it<\/h3>\n<p>Only tenants, landlords, or people directly involved in the situation can use the RTB dispute resolution service.<\/p>\n<h3>What it covers<\/h3>\n<p>The following tenancy issues can be handled through dispute resolution:<\/p>\n<ul>\n<li>Rent arrears (when rent has not been paid)<\/li>\n<li>Overholding (when a tenant stays in the property after the end date of the tenancy)<\/li>\n<li>Rent arrears and overholding<\/li>\n<li>Validity of notice of termination (is the notice to end the tenancy legal)<\/li>\n<li>Breach of landlord&#8217;s obligation (landlord has not followed the terms of the tenancy agreement)<\/li>\n<li>Standard and maintenance of dwelling (property is not maintained)<\/li>\n<li>Deposit retention (deposit has not been returned at the end of the tenancy)<\/li>\n<li>Breach of tenant obligation (tenant has not followed the terms of the tenancy agreement)<\/li>\n<li>Anti-social behaviour<\/li>\n<li>Damage above normal wear and tear<\/li>\n<li>Validity of rent review (is the rent review lawful)<\/li>\n<li>Rent is more than market rate<\/li>\n<li>Rent review is not in line with Rent Pressure Zones (RPZ)<\/li>\n<\/ul>\n<h3>How it works<\/h3>\n<p>The affected party must <a href=\"https:\/\/rtb.ie\/ga\/disputes\/disputes-process\/\">apply for dispute resolution<\/a>. Both sides are informed about the dispute and will know who raised the issue. A decision maker reviews the case and makes a decision. If a rent review or Notice of Termination is disputed, the new rent or termination will not take effect until the dispute is resolved.<\/p>\n<h3>Outcome<\/h3>\n<p>The outcome is a legally binding decision. This decision is called a Determination Order. The Determination Order can order the landlord to pay damages or take action. Determination Orders for adjudications and tribunals are published on the RTB website. Mediation decisions are confidential and are not published.<\/p>\n<h3>Damages and fines<\/h3>\n<p>Any damages awarded go to the person affected by the issue. You can take your case to the District Court to get the Determination Order enforced, called Order Enforcement.<\/p>\n<h3>Find out more<\/h3>\n<p>To find out more details, visit our dedicated section about the <a href=\"https:\/\/rtb.ie\/ga\/disputes\/disputes-process\/\">dispute resolution process.<\/a><\/p>\n\t\t\t\t\t\t\t<\/article>\n\t\t\t\t\t<\/div>\n\t<\/div>\n<\/section>\n\n\n<section id=\"process\" class=\"header-paragraph-block rtb-block  margin-top-xs margin-bottom-xs\">\n\t<div class=\"container\">\n\t\t<div class=\"content\">\n\t\t\t<article class=\"cms-content\">\n\t\t\t\t\t\t\t\t\t<h2>Investigations and sanctions process<\/h2>\n<h3>Purpose<\/h3>\n<p>Investigates 10 specific breaches of rental law by landlords. Who can report Anyone can report a concern or breach to the RTB&#8217;s Investigations and Sanctions unit. What it covers Investigations and sanctions can only look into <a href=\"https:\/\/rtb.ie\/ga\/compliance\/how-investigations-work\/acknowledging-improper-conduct\/\">10 specific legal breaches<\/a> (called improper conducts), such as:<\/p>\n<ul>\n<li>Breaking Rent Pressure Zone (RPZ) rules<\/li>\n<li>Fiving false or misleading reasons for ending a tenancy<\/li>\n<li>Not offering the property back to tenants within the required timeframe<\/li>\n<li>Not registering a tenancy on time<\/li>\n<li>Asking for too much deposit or rent upfront<\/li>\n<li>Making students pay for SSA during the summer months when the accommodation is not required<\/li>\n<\/ul>\n<h3>How it works<\/h3>\n<p>The RTB can start an investigation:<\/p>\n<ul>\n<li>On its own initiative<\/li>\n<li>After receiving a report (called <i>a concern<\/i>)<\/li>\n<li>After receiving a formal complaint<\/li>\n<\/ul>\n<p>If you report a concern using the <a href=\"https:\/\/rtb.ie\/ga\/compliance\/report-a-landlord\/\">RTB webform<\/a>, you can remain anonymous. The landlord will not be told who made the report. If you submit a <a href=\"https:\/\/rtb.ie\/ga\/wp-content\/uploads\/2025\/05\/Investigations_and_Sanctions_Complaint_Form.pdf\">formal complaint<\/a> (pdf) that leads to an investigation, the landlord will receive your name but not your contact details.<\/p>\n<h3>Outcome<\/h3>\n<p>If the landlord is found guilty of breaking the law, they can face fines or other penalties (called sanctions). A landlord can be fined up to \u20ac15,000 for each breach and may have to cover costs of up to \u20ac15,000. The outcome is published on the RTB website.<\/p>\n<h4>Damages and fines<\/h4>\n<p>Any fines go to the government (<i>the Exchequer<\/i>), not the person who made the complaint. All sanctions must be confirmed in the Circuit Court.<\/p>\n\t\t\t\t\t\t\t<\/article>\n\t\t\t\t\t<\/div>\n\t<\/div>\n<\/section>\n\n\n<section id=\"more\" class=\"header-paragraph-block rtb-block  margin-top-xs margin-bottom-default\">\n\t<div class=\"container\">\n\t\t<div class=\"content\">\n\t\t\t<article class=\"cms-content\">\n\t\t\t\t\t\t\t\t\t<h2>\u00a0Find out more<\/h2>\n<p>To find out more details, visit our dedicated section about <a href=\"https:\/\/rtb.ie\/ga\/compliance\/how-investigations-work\/\">how investigations work<\/a>.<\/p>\n\t\t\t\t\t\t\t<\/article>\n\t\t\t\t\t<\/div>\n\t<\/div>\n<\/section>","protected":false},"excerpt":{"rendered":"","protected":false},"author":9,"featured_media":0,"parent":160,"menu_order":3,"comment_status":"closed","ping_status":"closed","template":"","meta":{"_acf_changed":false,"inline_featured_image":false,"_relevanssi_hide_post":"","_relevanssi_hide_content":"","_relevanssi_pin_for_all":"","_relevanssi_pin_keywords":"","_relevanssi_unpin_keywords":"","_relevanssi_related_keywords":"","_relevanssi_related_include_ids":"","_relevanssi_related_exclude_ids":"","_relevanssi_related_no_append":"","_relevanssi_related_not_related":"","_relevanssi_related_posts":"1239,1","_relevanssi_noindex_reason":"","_trash_the_other_posts":false,"editor_notices":[],"footnotes":""},"class_list":["post-673","page","type-page","status-publish","hentry"],"acf":[],"jetpack_sharing_enabled":true,"publishpress_future_action":{"enabled":false,"date":"2026-04-11 11:53:35","action":"change-status","newStatus":"draft","terms":[],"taxonomy":"","extraData":[]},"publishpress_future_workflow_manual_trigger":{"enabledWorkflows":[]},"_links":{"self":[{"href":"https:\/\/rtb.ie\/ga\/wp-json\/wp\/v2\/pages\/673","targetHints":{"allow":["GET"]}}],"collection":[{"href":"https:\/\/rtb.ie\/ga\/wp-json\/wp\/v2\/pages"}],"about":[{"href":"https:\/\/rtb.ie\/ga\/wp-json\/wp\/v2\/types\/page"}],"author":[{"embeddable":true,"href":"https:\/\/rtb.ie\/ga\/wp-json\/wp\/v2\/users\/9"}],"replies":[{"embeddable":true,"href":"https:\/\/rtb.ie\/ga\/wp-json\/wp\/v2\/comments?post=673"}],"version-history":[{"count":23,"href":"https:\/\/rtb.ie\/ga\/wp-json\/wp\/v2\/pages\/673\/revisions"}],"predecessor-version":[{"id":51525,"href":"https:\/\/rtb.ie\/ga\/wp-json\/wp\/v2\/pages\/673\/revisions\/51525"}],"up":[{"embeddable":true,"href":"https:\/\/rtb.ie\/ga\/wp-json\/wp\/v2\/pages\/160"}],"wp:attachment":[{"href":"https:\/\/rtb.ie\/ga\/wp-json\/wp\/v2\/media?parent=673"}],"curies":[{"name":"wp","href":"https:\/\/api.w.org\/{rel}","templated":true}]}}