{"id":677,"date":"2025-04-29T13:46:17","date_gmt":"2025-04-29T13:46:17","guid":{"rendered":"https:\/\/rtb.ie\/ga\/?page_id=677"},"modified":"2025-10-31T11:51:20","modified_gmt":"2025-10-31T11:51:20","slug":"disputes-process","status":"publish","type":"page","link":"https:\/\/rtb.ie\/ga\/disputes\/disputes-process\/","title":{"rendered":"Pr\u00f3iseas d\u00edosp\u00f3id\u00ed"},"content":{"rendered":"\n<section id=\"block-block_1a945a1553d3065d0813c037de3bd2c5\" class=\"header-block rtb-block colour-teal margin-top-none margin-bottom-none\">\n    <div class=\"container\">\n        <nav class=\"breadcrumbs\" aria-label=\"breadcrumb\">\n    <span property=\"itemListElement\" typeof=\"ListItem\"><a property=\"item\" typeof=\"WebPage\" title=\"Go to Bord um Tion\u00f3ntachta\u00ed C\u00f3naithe.\" href=\"https:\/\/rtb.ie\/ga\" class=\"home\" aria-current=\"page\"><span property=\"name\"><i class=\"rtb-home-icon\"><\/i><\/span><\/a><meta property=\"position\" content=\"1\"><\/span><i class=\"rtb-chevron\"><\/i><\/nav>\n        \n        <div class=\"wrapper\">\n            <div class=\"content\">\n                            \n                <h1 class=\"heading-xl\">Pr\u00f3iseas d\u00edosp\u00f3id\u00ed<\/h1>\n                <p>T\u00e1 ceithre rogha ag tion\u00f3nta\u00ed agus ag tiarna\u00ed tal\u00fan chun a nd\u00edosp\u00f3id\u00ed tion\u00f3ntachta a r\u00e9iteach. Tosa\u00edg\u00ed le f\u00e9inr\u00e9iteach mar an ch\u00e9ad ch\u00e9im in bhur bpr\u00f3iseas r\u00e9itigh d\u00edosp\u00f3ide. Tr\u00ed obair le ch\u00e9ile, is f\u00e9idir libh teacht ar chomhaont\u00fa cothrom. <\/p>                            <\/div>\n            <!-- Temporary image: Remove after migrating illustrations to the illustration_selection field -->\n            \n                                    <div class=\"illustration fade-up\" aria-hidden=\"true\">\n                                                    <img decoding=\"async\" src=\"https:\/\/rtb.ie\/ga\/wp-content\/themes\/rtb\/assets\/images\/illustrations\/header-block\/header-illustration-teal-a.svg\" alt=\"\" \/>\n                                            <\/div>\n                                    <\/div>\n\n    <\/div>\n<\/section>\n\n\n<section id=\"block-block_1c90f9c8a9da2f5bfb80a7a6ee2575dc\" class=\"disputes-process-block rtb-block margin-top-default margin-bottom-default\">\n    <div class=\"content\">\n                    <div class=\"sections cms-content\">\n                        \n                    <div class=\"section\">\n                        <div class=\"bar\"><\/div>\n                        <div class=\"fade-in\"><h2>F\u00e9inr\u00e9iteach<\/h2>\n<p>Is \u00e9 an bealach is simpl\u00ed chun d\u00edosp\u00f3id tion\u00f3ntachta a r\u00e9iteach n\u00e1 labhairt leis an bp\u00e1irt\u00ed eile. Molaimid don d\u00e1 thaobh iarracht a dh\u00e9anamh na fadhbanna a r\u00e9iteach ina n-aonar ar dt\u00fas. Tr\u00edd is tr\u00edd, b\u00edonn s\u00e9 sin n\u00edos tap\u00fala agus b\u00edonn n\u00edos l\u00fa struis ag baint leis.<\/p>\n<ul>\n<li>Pl\u00e9ig\u00ed na saincheisteanna ar bhealach meas\u00fail agus oscailte. D\u00e9anaig\u00ed iarracht dearcadh an ph\u00e1irt\u00ed eile a thuiscint.<\/li>\n<li>Oibr\u00edg\u00ed le ch\u00e9ile chun teacht ar r\u00e9iteach a mbeidh gach duine s\u00e1sta leis.<\/li>\n<li>Bainig\u00ed \u00fas\u00e1id as an bhfaisn\u00e9is agus na hacmhainn\u00ed at\u00e1 ar f\u00e1il.<\/li>\n<\/ul>\n<p>Mura f\u00e9idir libh an tsaincheist a r\u00e9iteach in bhur n-aonar, is f\u00e9idir libh iarratas foirmi\u00fail a chur isteach le haghaidh r\u00e9iteach d\u00edosp\u00f3ide.<\/p>\n<\/div>\n                                                \n                    <\/div>\n                        \n                    <div class=\"section\">\n                        <div class=\"bar\"><\/div>\n                        <div class=\"fade-in\"><h2>Idirghabh\u00e1il<\/h2>\n<p>Bainig\u00ed \u00fas\u00e1id as \u00e1r <a href=\"https:\/\/rtb.ie\/disputes\/guide-to-mediation\/\">seirbh\u00eds idirghabh\u00e1la<\/a> saor in aisce chun teacht ar chomhaont\u00fa at\u00e1 ina cheangal dl\u00ed a mbeidh gach duine s\u00e1sta leis. Cabhra\u00edonn idirghabh\u00e1la\u00ed le tion\u00f3nta\u00ed agus le tiarna\u00ed tal\u00fan saincheisteanna tion\u00f3ntachta a r\u00e9iteach. Seirbh\u00eds teileaf\u00f3in thapa \u00e9ifeachtach is ea an idirghabh\u00e1il.<\/p>\n<\/div>\n                                                \n                    <\/div>\n                        \n                    <div class=\"section\">\n                        <div class=\"bar\"><\/div>\n                        <div class=\"fade-in\"><h2>Breithni\u00fa<\/h2>\n<p>D\u00e9anann <a href=\"https:\/\/rtb.ie\/disputes\/guide-to-adjudication\/\">breithneoir neamhsple\u00e1ch<\/a> athbhreithni\u00fa ar an bhfianaise a chuir an d\u00e1 ph\u00e1irt\u00ed isteach. D\u00e9anann an breithneoir cinneadh ar thoradh na d\u00edosp\u00f3ide ar bhonn na fianaise agus an dl\u00ed. T\u00e1 an cinneadh ina cheangal. Cosna\u00edonn an tseirbh\u00eds sin \u20ac30 agus t\u00f3gann s\u00ed n\u00edos m\u00f3 ama n\u00e1 mar a th\u00f3gann an idirghabh\u00e1il.<\/p>\n<\/div>\n                                                \n                    <\/div>\n                        \n                    <div class=\"section\">\n                        <div class=\"bar\"><\/div>\n                        <div class=\"fade-in\"><h2>Bins\u00ed<\/h2>\n<p>Mura bhfuil ceachtar p\u00e1irt\u00ed s\u00e1sta leis an toradh ar idirghabh\u00e1il n\u00f3 ar bhreithni\u00fa, f\u00e9adfaidh s\u00e9 <a href=\"https:\/\/rtb.ie\/disputes\/guide-to-tribunals\/\">achomharc a dh\u00e9anamh chuig binse<\/a>. Is f\u00e9idir libh aon fhianaise bhreise faoi bhur nd\u00edosp\u00f3id a chur i l\u00e1thair. D\u00e9anann an binse cinneadh ar thoradh na d\u00edosp\u00f3ide ar bhonn na fianaise agus an dl\u00ed. T\u00e1 an cinneadh ina cheangal.<\/p>\n<\/div>\n                                                \n                    <\/div>\n                        \n\n            <\/div>\n                <div class=\"illustrations\">\n            <img decoding=\"async\" class=\"cloud1 fade-up\" src=\"https:\/\/rtb.ie\/ga\/wp-content\/themes\/rtb\/assets\/images\/illustrations\/disputes-cloud.svg\" alt=\"Disputes cloud\">\n            <img decoding=\"async\" class=\"cloud2 fade-up\" src=\"https:\/\/rtb.ie\/ga\/wp-content\/themes\/rtb\/assets\/images\/illustrations\/disputes-cloud2.svg\" alt=\"Disputes cloud\">\n            <img decoding=\"async\" class=\"cloud3 fade-up\" src=\"https:\/\/rtb.ie\/ga\/wp-content\/themes\/rtb\/assets\/images\/illustrations\/disputes-cloud3.svg\" alt=\"Disputes cloud\">\n            <img decoding=\"async\" class=\"cloud4 fade-up\" src=\"https:\/\/rtb.ie\/ga\/wp-content\/themes\/rtb\/assets\/images\/illustrations\/disputes-cloud4.svg\" alt=\"Disputes cloud\">\n            <img decoding=\"async\" class=\"house fade-up\" src=\"https:\/\/rtb.ie\/ga\/wp-content\/themes\/rtb\/assets\/images\/illustrations\/building.svg\" alt=\"Building\">\n            <img decoding=\"async\" class=\"city fade-up\" src=\"https:\/\/rtb.ie\/ga\/wp-content\/themes\/rtb\/assets\/images\/illustrations\/city.svg\" alt=\"City\">\n        <\/div>\n    <\/div>\n<\/section>\n\n\n<section id=\"block-block_426c49f2bee5074f9bf676043c16b9b1\" class=\"call-to-action-block container-full rtb-block with-illustrations margin-top-xs margin-bottom-default\">\n    <div class=\"container\">\n        <div class=\"content\">\n            <h2 class=\"heading-md fade-in\">Tortha\u00ed d\u00edosp\u00f3ide RTB<\/h2><p class=\"fade-in\">Is f\u00e9idir leat cuardach le haghaidh tortha\u00ed agus Orduithe Cinnidh roimhe seo le haghaidh breithnithe agus bins\u00ed.<\/p><a class=\"button primary mono fade-in\" href=\"https:\/\/rtb.ie\/ga\/disputes\/dispute-outcomes-and-orders\/\" target=\"\"><span>Cuardaigh tortha\u00ed d\u00edosp\u00f3ide<\/span><\/a>        <\/div>\n    <\/div>\n    <div class=\"footer-illustrations\">\n        <img decoding=\"async\" class=\"fade-up\" src=\"https:\/\/rtb.ie\/ga\/wp-content\/themes\/rtb\/assets\/images\/illustrations\/building-colour.svg\" alt=\"Building Illustration\" \/>\n        <img decoding=\"async\" class=\"fade-up\" src=\"https:\/\/rtb.ie\/ga\/wp-content\/themes\/rtb\/assets\/images\/illustrations\/city-colour.svg\" alt=\"City Illustration\" \/>\n    <\/div>\n<\/section>","protected":false},"excerpt":{"rendered":"","protected":false},"author":11,"featured_media":0,"parent":11,"menu_order":7,"comment_status":"closed","ping_status":"closed","template":"","meta":{"_acf_changed":false,"inline_featured_image":false,"_relevanssi_hide_post":"","_relevanssi_hide_content":"","_relevanssi_pin_for_all":"","_relevanssi_pin_keywords":"","_relevanssi_unpin_keywords":"","_relevanssi_related_keywords":"","_relevanssi_related_include_ids":"","_relevanssi_related_exclude_ids":"","_relevanssi_related_no_append":"","_relevanssi_related_not_related":"","_relevanssi_related_posts":"1,1239","_relevanssi_noindex_reason":"","_trash_the_other_posts":false,"editor_notices":[],"footnotes":""},"class_list":["post-677","page","type-page","status-publish","hentry"],"acf":[],"jetpack_sharing_enabled":true,"publishpress_future_action":{"enabled":false,"date":"2026-04-27 16:16:24","action":"change-status","newStatus":"draft","terms":[],"taxonomy":"","extraData":[]},"publishpress_future_workflow_manual_trigger":{"enabledWorkflows":[]},"_links":{"self":[{"href":"https:\/\/rtb.ie\/ga\/wp-json\/wp\/v2\/pages\/677","targetHints":{"allow":["GET"]}}],"collection":[{"href":"https:\/\/rtb.ie\/ga\/wp-json\/wp\/v2\/pages"}],"about":[{"href":"https:\/\/rtb.ie\/ga\/wp-json\/wp\/v2\/types\/page"}],"author":[{"embeddable":true,"href":"https:\/\/rtb.ie\/ga\/wp-json\/wp\/v2\/users\/11"}],"replies":[{"embeddable":true,"href":"https:\/\/rtb.ie\/ga\/wp-json\/wp\/v2\/comments?post=677"}],"version-history":[{"count":25,"href":"https:\/\/rtb.ie\/ga\/wp-json\/wp\/v2\/pages\/677\/revisions"}],"predecessor-version":[{"id":52528,"href":"https:\/\/rtb.ie\/ga\/wp-json\/wp\/v2\/pages\/677\/revisions\/52528"}],"up":[{"embeddable":true,"href":"https:\/\/rtb.ie\/ga\/wp-json\/wp\/v2\/pages\/11"}],"wp:attachment":[{"href":"https:\/\/rtb.ie\/ga\/wp-json\/wp\/v2\/media?parent=677"}],"curies":[{"name":"wp","href":"https:\/\/api.w.org\/{rel}","templated":true}]}}