{"id":683,"date":"2025-04-29T11:37:41","date_gmt":"2025-04-29T11:37:41","guid":{"rendered":"https:\/\/rtb.ie\/ga\/?page_id=683"},"modified":"2025-07-04T13:58:30","modified_gmt":"2025-07-04T13:58:30","slug":"agreement-templates","status":"publish","type":"page","link":"https:\/\/rtb.ie\/ga\/renting\/beginning-a-tenancy\/agreement-templates\/","title":{"rendered":"Teimpl\u00e9id chomhaontaithe"},"content":{"rendered":"\n<div class=\"translation-notice no-print\">\n        <div class=\"inner container\">\n            <p><strong>Cuirfear aistri\u00fach\u00e1n ar f\u00e1il go luath<\/strong><\/p>\n            <p>\u00c1r leithsc\u00e9al as an m\u00edchaoithi\u00falacht. Cuirfear aistri\u00fach\u00e1n Gaeilge ar an leathanach seo ar f\u00e1il go luath. Go raibh maith agat as do chuid foighneachta agus muid ag obair ar leagan uasd\u00e1taithe.<\/p>\n        <\/div>\n    <\/div><section id=\"block-block_04a8bd81f764ac17039392f07c00e7ad\" class=\"header-block rtb-block colour-teal margin-top-none margin-bottom-default\">\n    <div class=\"container\">\n        <nav class=\"breadcrumbs\" aria-label=\"breadcrumb\">\n    <span property=\"itemListElement\" typeof=\"ListItem\"><a property=\"item\" typeof=\"WebPage\" title=\"Go to Bord um Tion\u00f3ntachta\u00ed C\u00f3naithe.\" href=\"https:\/\/rtb.ie\/ga\" class=\"home\" aria-current=\"page\"><span property=\"name\"><i class=\"rtb-home-icon\"><\/i><\/span><\/a><meta property=\"position\" content=\"1\"><\/span><i class=\"rtb-chevron\"><\/i><\/nav>\n        \n        <div class=\"wrapper\">\n            <div class=\"content\">\n                            \n                <h1 class=\"heading-xl\">Teimpl\u00e9id chomhaontaithe<\/h1>\n                <p>A lease or tenancy agreement explains the terms and conditions of a tenancy. <\/p>                            <\/div>\n            <!-- Temporary image: Remove after migrating illustrations to the illustration_selection field -->\n            \n                                    <div class=\"illustration fade-up\" aria-hidden=\"true\">\n                                                    <img decoding=\"async\" src=\"https:\/\/rtb.ie\/ga\/wp-content\/themes\/rtb\/assets\/images\/illustrations\/header-block\/header-illustration-teal-a.svg\" alt=\"\" \/>\n                                            <\/div>\n                                    <\/div>\n\n    <\/div>\n<\/section>\n\n\n<section id=\"block-block_cc3380e3ad22f029018a0c9f0c3baf5c\" class=\"header-paragraph-block rtb-block  margin-top-xs margin-bottom-xs\">\n\t<div class=\"container\">\n\t\t<div class=\"content\">\n\t\t\t<article class=\"cms-content\">\n\t\t\t\t\t\t\t\t\t<h2>What is a tenancy agreement?<\/h2>\n<p>A lease or tenancy agreement explains the terms and conditions of a tenancy.<\/p>\n<p>The agreement can be verbal or in writing. We encourage landlords and tenants to put all agreements in writing so that both sides are clear on the detail and what is expected from each other.<\/p>\n\t\t\t\t\t\t\t<\/article>\n\t\t\t\t\t\t\t\t\t\t\t\t<aside class=\"related-content\" data-js=\"related-content\">\n\t\t\t\t\t\t<div class=\"wrapper\">\n\t\t\t\t\t\t\t\t\t\t\t\t\t\t\t<h2 class=\"\">Related content<\/h2>\t\t\t\t\t\t\t\t\t\t\t\t\t\t<ul>\n\t\t\t\t\t\t\t\t\t\t\t\t\t\t\t\t\t\t\t\t\t\t\t\t\t\t\t\t\t\t\t\t\t\t\t\t\t\t<li><a class=\"text-link\" href=\"https:\/\/rtb.ie\/ga\/renting\/beginning-a-tenancy\/\" target=\"\">Beginning a tenancy<\/a><\/li>\n\t\t\t\t\t\t\t\t\t\t\t\t\t\t\t\t\t\t\t\t\t\t\t\t\t\t\t\t\t\t\t\t\t\t\t\t\t\t\t\t<li><a class=\"text-link\" href=\"https:\/\/rtb.ie\/ga\/renting\/rights-responsibilities\/\" target=\"\">Rights and responsibilities<\/a><\/li>\n\t\t\t\t\t\t\t\t\t\t\t\t\t\t\t\t\t\t\t\t\t\t\t\t\t\t\t\t\t\t\t\t\t\t\t\t\t\t\t\t<li><a class=\"text-link\" href=\"https:\/\/rtb.ie\/ga\/renting\/ending-a-tenancy\/\" target=\"\">Ending a tenancy<\/a><\/li>\n\t\t\t\t\t\t\t\t\t\t\t\t\t\t\t\t\t\t\t\t\t\t\t\t\t\t\t\t\t\t\t\t\t\t<\/ul>\n\t\t\t\t\t\t<\/div>\n\t\t\t\t\t<\/aside>\n\t\t\t\t\t\t\t\t\t<\/div>\n\t<\/div>\n<\/section>\n\n\n<section id=\"block-block_e18a82a0fe3eb91f1f453a0f31471bda\" class=\"header-paragraph-block rtb-block  margin-top-xs margin-bottom-xs\">\n\t<div class=\"container\">\n\t\t<div class=\"content\">\n\t\t\t<article class=\"cms-content\">\n\t\t\t\t\t\t\t\t\t<h2>Residential Tenancy Agreement template<\/h2>\n<p>We have created a Residential Tenancy Agreement template to help landlords and tenants clearly set out the terms of their relationship.<\/p>\n<p>This template is suitable for new private residential tenancies created on or after 11 June 2022.<\/p>\n<p>However, it does not apply to tenancies provided by Approved Housing Bodies (including cost rental tenancies) and Student Specific Accommodation.<\/p>\n<p>You can download the <a href=\"https:\/\/rtb.ie\/ga\/wp-content\/uploads\/2025\/05\/Tenancy_Lease_Form_DEC_2022_Tenancy_Agreement-1.pdf\">Residential Tenancy Agreement Templat<\/a>e from the &#8216;Templates&#8217; section of our website.<\/p>\n\t\t\t\t\t\t\t<\/article>\n\t\t\t\t\t<\/div>\n\t<\/div>\n<\/section>\n\n\n<section id=\"block-block_37eb42aa9188eda26e14452aa18ce266\" class=\"header-paragraph-block rtb-block  margin-top-xs margin-bottom-default\">\n\t<div class=\"container\">\n\t\t<div class=\"content\">\n\t\t\t<article class=\"cms-content\">\n\t\t\t\t\t\t\t\t\t<h2>Sample inventory and condition report<\/h2>\n<p>We recommend that landlords take photographs of the property before a new tenancy begins (with dates, if possible). This helps prevent disputes about the property\u2019s condition at the end of the tenancy.<\/p>\n<p>It\u2019s also a good idea for landlords to list the contents of the property and note any damage or things that don&#8217;t work.<\/p>\n<p>Both landlords and tenants should sign this inventory and condition report.<\/p>\n<p>You can download a sample <a href=\"https:\/\/rtb.ie\/ga\/wp-content\/uploads\/2025\/05\/RTB_Tenancy_Agreement_Inventory_and_Condition_Report_June_2022_1.docx\" target=\"_blank\" rel=\"noopener\">Inventory and condition report<\/a> from the &#8216;Templates&#8217; section of our website.<\/p>\n\t\t\t\t\t\t\t<\/article>\n\t\t\t\t\t<\/div>\n\t<\/div>\n<\/section>","protected":false},"excerpt":{"rendered":"","protected":false},"author":6,"featured_media":0,"parent":187,"menu_order":1,"comment_status":"closed","ping_status":"closed","template":"","meta":{"_acf_changed":false,"inline_featured_image":false,"_relevanssi_hide_post":"","_relevanssi_hide_content":"","_relevanssi_pin_for_all":"","_relevanssi_pin_keywords":"","_relevanssi_unpin_keywords":"","_relevanssi_related_keywords":"","_relevanssi_related_include_ids":"","_relevanssi_related_exclude_ids":"","_relevanssi_related_no_append":"","_relevanssi_related_not_related":"","_relevanssi_related_posts":"","_relevanssi_noindex_reason":"","_trash_the_other_posts":false,"editor_notices":[],"footnotes":""},"class_list":["post-683","page","type-page","status-publish","hentry"],"acf":[],"jetpack_sharing_enabled":true,"publishpress_future_action":{"enabled":false,"date":"2026-04-30 10:09:52","action":"change-status","newStatus":"draft","terms":[],"taxonomy":"","extraData":[]},"publishpress_future_workflow_manual_trigger":{"enabledWorkflows":[]},"_links":{"self":[{"href":"https:\/\/rtb.ie\/ga\/wp-json\/wp\/v2\/pages\/683","targetHints":{"allow":["GET"]}}],"collection":[{"href":"https:\/\/rtb.ie\/ga\/wp-json\/wp\/v2\/pages"}],"about":[{"href":"https:\/\/rtb.ie\/ga\/wp-json\/wp\/v2\/types\/page"}],"author":[{"embeddable":true,"href":"https:\/\/rtb.ie\/ga\/wp-json\/wp\/v2\/users\/6"}],"replies":[{"embeddable":true,"href":"https:\/\/rtb.ie\/ga\/wp-json\/wp\/v2\/comments?post=683"}],"version-history":[{"count":16,"href":"https:\/\/rtb.ie\/ga\/wp-json\/wp\/v2\/pages\/683\/revisions"}],"predecessor-version":[{"id":51542,"href":"https:\/\/rtb.ie\/ga\/wp-json\/wp\/v2\/pages\/683\/revisions\/51542"}],"up":[{"embeddable":true,"href":"https:\/\/rtb.ie\/ga\/wp-json\/wp\/v2\/pages\/187"}],"wp:attachment":[{"href":"https:\/\/rtb.ie\/ga\/wp-json\/wp\/v2\/media?parent=683"}],"curies":[{"name":"wp","href":"https:\/\/api.w.org\/{rel}","templated":true}]}}