{"id":892,"date":"2025-04-29T13:35:46","date_gmt":"2025-04-29T13:35:46","guid":{"rendered":"https:\/\/rtb.ie\/ga\/?page_id=892"},"modified":"2025-10-31T11:48:34","modified_gmt":"2025-10-31T11:48:34","slug":"guide-to-evidence","status":"publish","type":"page","link":"https:\/\/rtb.ie\/ga\/disputes\/guide-to-evidence\/","title":{"rendered":"Treoir maidir le fianaise"},"content":{"rendered":"\n<section id=\"block-block_33c08d4cbca09c775cfa3c8d0f7b6efb\" class=\"header-block rtb-block colour-teal margin-top-none margin-bottom-default\">\n    <div class=\"container\">\n        <nav class=\"breadcrumbs\" aria-label=\"breadcrumb\">\n    <span property=\"itemListElement\" typeof=\"ListItem\"><a property=\"item\" typeof=\"WebPage\" title=\"Go to Bord um Tion\u00f3ntachta\u00ed C\u00f3naithe.\" href=\"https:\/\/rtb.ie\/ga\" class=\"home\" aria-current=\"page\"><span property=\"name\"><i class=\"rtb-home-icon\"><\/i><\/span><\/a><meta property=\"position\" content=\"1\"><\/span><i class=\"rtb-chevron\"><\/i><\/nav>\n        \n        <div class=\"wrapper\">\n            <div class=\"content\">\n                            \n                <h1 class=\"heading-xl\">Treoir maidir le fianaise<\/h1>\n                <p>M\u00e1 t\u00e1 t\u00fa p\u00e1irteach i nd\u00edosp\u00f3id le tion\u00f3nta n\u00f3 le tiarna tal\u00fan, is f\u00e9idir go mbeidh ort fianaise \u00e1bhartha a bhaili\u00fa. Faigh amach c\u00e9 na cine\u00e1lacha \u00e9ags\u00fala fianaise at\u00e1 ann agus c\u00e9n uair a bh\u00edonn g\u00e1 leo.<\/p>                            <\/div>\n            <!-- Temporary image: Remove after migrating illustrations to the illustration_selection field -->\n            \n                                    <div class=\"illustration fade-up\" aria-hidden=\"true\">\n                                                    <img decoding=\"async\" src=\"https:\/\/rtb.ie\/ga\/wp-content\/themes\/rtb\/assets\/images\/illustrations\/header-block\/header-illustration-teal-a.svg\" alt=\"\" \/>\n                                            <\/div>\n                                    <\/div>\n\n    <\/div>\n<\/section>\n\n\n<section id=\"block-block_320cff2868e0dfe9f4a6acfee53b8601\" class=\"navigation-block container rtb-block margin-top-none margin-bottom-default\">\n    <div class=\"content\">\n        <header>\n                            <h2 class=\"heading-s\">Ar an leathanach seo<\/h2>                        <i class=\"rtb-arrow down\"><\/i>\n        <\/header>\n                    <nav class=\"navigation\">            \n                                    <ul>\n                                                                                    <li><a class=\"text-link\" href=\"#how\" target=\"\">Conas a \u00fas\u00e1idtear fianaise chun d\u00edosp\u00f3id\u00ed a r\u00e9iteach<\/a><\/li>\n                                                                                                                <li><a class=\"text-link\" href=\"#types\" target=\"\">Cine\u00e1lacha fianaise le cur isteach<\/a><\/li>\n                                                                                                                <li><a class=\"text-link\" href=\"#personal-data\" target=\"\">Sonra\u00ed pearsanta i do chuid fianaise a chosaint<\/a><\/li>\n                                                                                                                <li><a class=\"text-link\" href=\"#organise\" target=\"\">Conas do chuid fianaise a chur in ord<\/a><\/li>\n                                                                        <\/ul>\n                                    <ul>\n                                                                                    <li><a class=\"text-link\" href=\"#when-how\" target=\"\">C\u00e9n uair agus conas do chuid fianaise a chur isteach<\/a><\/li>\n                                                                                                                <li><a class=\"text-link\" href=\"#what\" target=\"\">Cad a tharla\u00edonn don fhianaise a chuirtear faoi bhr\u00e1id RTB?<\/a><\/li>\n                                                                                                                <li><a class=\"text-link\" href=\"#contact\" target=\"\">Teagmh\u00e1il<\/a><\/li>\n                                                                        <\/ul>\n                            <\/nav>\n            <\/div>\n<\/section>\n\n\n<section id=\"how\" class=\"header-paragraph-block rtb-block  margin-top-xs margin-bottom-xs\">\n\t<div class=\"container\">\n\t\t<div class=\"content\">\n\t\t\t<article class=\"cms-content\">\n\t\t\t\t\t\t\t\t\t<h3>Conas a \u00fas\u00e1idtear fianaise chun d\u00edosp\u00f3id\u00ed a r\u00e9iteach<\/h3>\n<p>Cabhra\u00edonn fianaise leat a chruth\u00fa gur tharla rud \u00e9igin n\u00f3 n\u00e1r tharla rud \u00e9igin. \u00a0Cabhra\u00edonn s\u00ed leat maidir le do dh\u00edosp\u00f3id tion\u00f3ntachta agus le r\u00e9iteach a fh\u00e1il.<\/p>\n<p>I measc na sampla\u00ed d\u2019fhianaise t\u00e1 doicim\u00e9id, grianghraif agus admh\u00e1lacha. Ba cheart do thion\u00f3nta\u00ed agus do thiarna\u00ed tal\u00fan araon fianaise \u00e1bhartha a bhaili\u00fa chun tac\u00fa lena gc\u00e1s.<\/p>\n<p>Faigh amach conas a \u00fas\u00e1idtear fianaise in idirghabh\u00e1il, i mbreithni\u00fa agus i mbins\u00ed.<\/p>\n<h3>Idirghabh\u00e1il<\/h3>\n<p>Seirbh\u00eds r\u00e9itigh d\u00edosp\u00f3id\u00ed saor in aisce is ea <a href=\"https:\/\/rtb.ie\/disputes\/guide-to-mediation\/\">idirghabh\u00e1il<\/a>. \u00a0Oibr\u00edonn an d\u00e1 ph\u00e1irt\u00ed i gcomhar leis an idirghabh\u00e1la\u00ed chun teacht ar r\u00e9iteach ar an d\u00edosp\u00f3id.<\/p>\n<p>N\u00ed bh\u00edonn idirghabh\u00e1il bunaithe ar fhianaise. Mar sin f\u00e9in, f\u00e9adfaidh ceachtar p\u00e1irt\u00ed aon doicim\u00e9id taca\u00edochta a mheasann siad a bheith \u00e1bhartha don ch\u00e1s a chur isteach. N\u00ed chomhroinntear an fhianaise sin leis an bp\u00e1irt\u00ed eile.<\/p>\n<p>M\u00e1s rud \u00e9 nach f\u00e9idir an d\u00edosp\u00f3id a r\u00e9iteach tr\u00ed idirghabh\u00e1il agus go dt\u00e9ann s\u00ed ar aghaidh chuig <a href=\"https:\/\/rtb.ie\/disputes\/guide-to-tribunals\/\">binse<\/a>, d\u00e9antar an fhianaise a cuireadh isteach ag an idirghabh\u00e1il a chomhroinnt le gach duine lena mbaineann.<\/p>\n<h3>Breithnithe agus bins\u00ed<\/h3>\n<p>B\u00edonn <a href=\"https:\/\/rtb.ie\/disputes\/guide-to-adjudication\/\">breithnithe<\/a>\u00a0agus bins\u00ed araon d\u00edrithe ar an bhfianaise. \u00a0F\u00e9adfaidh gach p\u00e1irt\u00ed fianaise a chur isteach chun tac\u00fa lena gc\u00e1s.<\/p>\n<p>D\u00e9anann an cinnteoir neamhsple\u00e1ch meas\u00fan\u00fa ar an bhfianaise chun cinneadh a dh\u00e9anamh ar conas an d\u00edosp\u00f3id a r\u00e9iteach.<\/p>\n<p>I gc\u00e1s iarratas \u00f3 thr\u00ed\u00fa p\u00e1irt\u00ed (mar shampla, iarratas \u00f3 chomharsa), tionscna\u00edtear an c\u00e1s in aghaidh an tiarna tal\u00fan. Cuirtear na tion\u00f3nta\u00ed ar an eolas faoin gc\u00e1s agus faigheann siad c\u00f3ipeanna den fhianaise ar fad a cuireadh isteach.<\/p>\n\t\t\t\t\t\t\t<\/article>\n\t\t\t\t\t\t\t\t\t\t\t\t<aside class=\"related-content\" data-js=\"related-content\">\n\t\t\t\t\t\t<div class=\"wrapper\">\n\t\t\t\t\t\t\t\t\t\t\t\t\t\t\t<h2 class=\"\">\u00c1bhar gaolmhar<\/h2>\t\t\t\t\t\t\t\t\t\t\t\t\t\t<ul>\n\t\t\t\t\t\t\t\t\t\t\t\t\t\t\t\t\t\t\t\t\t\t\t\t\t\t\t\t\t\t\t\t\t\t\t\t\t\t<li><a class=\"text-link\" href=\"https:\/\/rtb.ie\/ga\/disputes\/guide-to-adjudication\/\" target=\"\">Treoir maidir le breithni\u00fa<\/a><\/li>\n\t\t\t\t\t\t\t\t\t\t\t\t\t\t\t\t\t\t\t\t\t\t\t\t\t\t\t\t\t\t\t\t\t\t\t\t\t\t\t\t<li><a class=\"text-link\" href=\"https:\/\/rtb.ie\/ga\/disputes\/guide-to-tribunals\/\" target=\"\">Treoir maidir le bins\u00ed<\/a><\/li>\n\t\t\t\t\t\t\t\t\t\t\t\t\t\t\t\t\t\t\t\t\t\t\t\t\t\t\t\t\t\t\t\t\t\t\t\t\t\t\t\t<li><a class=\"text-link\" href=\"https:\/\/rtb.ie\/ga\/disputes\/disputes-process\/\" target=\"\">An pr\u00f3iseas d\u00edosp\u00f3id\u00ed<\/a><\/li>\n\t\t\t\t\t\t\t\t\t\t\t\t\t\t\t\t\t\t\t\t\t\t\t\t\t\t\t\t\t\t\t\t\t\t<\/ul>\n\t\t\t\t\t\t<\/div>\n\t\t\t\t\t<\/aside>\n\t\t\t\t\t\t\t\t\t<\/div>\n\t<\/div>\n<\/section>\n\n\n<section id=\"types\" class=\"header-paragraph-block rtb-block  margin-top-xs margin-bottom-xs\">\n\t<div class=\"container\">\n\t\t<div class=\"content\">\n\t\t\t<article class=\"cms-content\">\n\t\t\t\t\t\t\t\t\t<h2>Cine\u00e1lacha fianaise le cur isteach<\/h2>\n<p>N\u00edor cheart duit ach fianaise a thaca\u00edonn le do ch\u00e1s a chur isteach. Is f\u00e9idir na nithe seo a leanas a bheith i gceist leis sin:<\/p>\n<ul>\n<li>Cumars\u00e1id\u00ed idir na daoine sa d\u00edosp\u00f3id, lena n-\u00e1ir\u00edtear r\u00edomhphoist, litreacha agus teachtaireachta\u00ed t\u00e9acs<\/li>\n<li>R\u00e1itis bhainc<\/li>\n<li>Bill\u00ed f\u00f3ntais, admh\u00e1lacha agus sonraisc<\/li>\n<li>Fianaise fh\u00f3tagrafach n\u00f3 f\u00edse<\/li>\n<li>Comhaontuithe ligin n\u00f3 c\u00f3ip den l\u00e9as<\/li>\n<li>R\u00e1itis \u00f3 fhinn\u00e9ithe<\/li>\n<\/ul>\n<h3>Cine\u00e1lacha molta fianaise le haghaidh c\u00e1sanna d\u00edosp\u00f3ide<\/h3>\n<p>Seo iad roinnt cine\u00e1lacha fianaise is f\u00e9idir leat a chur isteach, ag brath ar an d\u00edosp\u00f3id. Is treoir \u00e9 an liosta seo. F\u00e9adfaidh t\u00fa fianaise \u00e1bhartha eile a bhaineann le do ch\u00e1s a chur isteach.<\/p>\n<h4>C\u00e1s lena mbaineann coinne\u00e1il \u00e9arlaise<\/h4>\n<ul>\n<li>Comhaont\u00fa ligin<\/li>\n<li>Fianaise ar \u00e9arlais n\u00f3 c\u00edos a \u00edoc<\/li>\n<li>Tuairisc ar an bhfardal agus ar an mbail i dt\u00fas na tion\u00f3ntachta agus ag deireadh na tion\u00f3ntachta<\/li>\n<li>R\u00e1itis \u00f3 fhinn\u00e9ithe<\/li>\n<li>R\u00e1itis bhainc<\/li>\n<li>Fianaise fh\u00f3tagrafach<\/li>\n<li>Bill\u00ed f\u00f3ntais gan \u00edoc<\/li>\n<li>Sonraisc a bhaineann le glantach\u00e1n n\u00f3 le hathmhaisi\u00fa<\/li>\n<\/ul>\n<h4>C\u00e1s lena mbaineann f\u00f3gra foirceanta, r\u00f3shealbh\u00fa, agus riar\u00e1iste c\u00edosa agus r\u00f3shealbh\u00fa<\/h4>\n<ul>\n<li>Comhaontuithe ligin<\/li>\n<li>F\u00f3gra\u00ed rabhaidh mar gheall ar neamh\u00edoc c\u00edosa<\/li>\n<li>F\u00f3gra\u00ed faoi fhoirceannadh, agus cruth\u00fanas ar sheirbhe\u00e1il (m\u00e1s ann)<\/li>\n<li>R\u00e1itis bhainc<\/li>\n<li>F\u00e1ltais<\/li>\n<li>Comhfhreagras idir na p\u00e1irtithe a bhfuil baint acu leis an gc\u00e1s<\/li>\n<\/ul>\n<h4>C\u00e1s lena mbaineann athbhreithni\u00fa c\u00edosa<\/h4>\n<ul>\n<li>Comhaontuithe ligin<\/li>\n<li>F\u00f3gra\u00ed faoi mh\u00e9aduithe c\u00edosa<\/li>\n<li>Tuairisc inn\u00e9acs c\u00edosa \u2013 f\u00e9ach <a href=\"https:\/\/rtb.ie\/data-insights\/\">sonra\u00ed RTB<\/a><\/li>\n<li>Faisn\u00e9is faoi ch\u00edosanna do mhaoine at\u00e1 cos\u00fail \u00f3 thaobh m\u00e9ide, cine\u00e1il, carachtair agus su\u00edmh de<\/li>\n<\/ul>\n<h4>C\u00e1s lena mbaineann caighde\u00e1n agus cothabh\u00e1il na maoine<\/h4>\n<ul>\n<li>Comhaont\u00fa ligin<\/li>\n<li>Comhfhreagras idir na p\u00e1irtithe a bhfuil baint acu leis an d\u00edosp\u00f3id<\/li>\n<li>Fianaise fh\u00f3tagrafach<\/li>\n<li>Sonraisc n\u00f3 admh\u00e1lacha a bhaineann le deisi\u00fach\u00e1in n\u00f3 le hoibreacha<\/li>\n<\/ul>\n<h4>C\u00e1s lena mbaineann iompra\u00edocht fhrithsh\u00f3isialta<\/h4>\n<ul>\n<li>Fianaise fh\u00f3tagrafach<\/li>\n<li>Loga imeachta\u00ed<\/li>\n<li>Tuairisc\u00ed \u00f3n nGarda S\u00edoch\u00e1na<\/li>\n<li>R\u00e1itis \u00f3 fhinn\u00e9ithe<\/li>\n<li>I gc\u00e1s iarratais \u00f3 thr\u00ed\u00fa p\u00e1irtithe (mar shampla, iarratais \u00f3 chomharsa): cuir fianaise ar f\u00e1il \u00e1 l\u00e9iri\u00fa go bhfuil an tiarna tal\u00fan ar an eolas faoi iompra\u00edocht fhrithsh\u00f3isialta an tion\u00f3nta.<\/li>\n<\/ul>\n\t\t\t\t\t\t\t<\/article>\n\t\t\t\t\t<\/div>\n\t<\/div>\n<\/section>\n\n\n<section id=\"personal-data\" class=\"header-paragraph-block rtb-block  margin-top-xs margin-bottom-xs\">\n\t<div class=\"container\">\n\t\t<div class=\"content\">\n\t\t\t<article class=\"cms-content\">\n\t\t\t\t\t\t\t\t\t<h2>Sonra\u00ed pearsanta i do chuid fianaise a chosaint<\/h2>\n<h3>Cad is sonra\u00ed pearsanta ann?<\/h3>\n<p>Is \u00e9 is sonra\u00ed pearsanta ann faisn\u00e9is phr\u00edobh\u00e1ideach is f\u00e9idir a \u00fas\u00e1id chun duine \u00e9igin a shainaithint. Is f\u00e9idir go n-\u00e1ireofar leis an bhfaisn\u00e9is sin ainm, seoladh, uimhir f\u00f3in, seoladh r\u00edomhphoist, n\u00f3 mionsonra\u00ed cuntais bainc an duine.<\/p>\n<p>\u00c1ir\u00edtear l\u00e9i freisin f\u00edse\u00e1in neamh\u00fadaraithe de dhaoine a bhfuil baint acu le d\u00edosp\u00f3id.<\/p>\n<p>Chun sonra\u00ed pearsanta a chosaint, d\u00e9an d\u00fach dubh a chur ar na sonra\u00ed pearsanta agus an fhaisn\u00e9is r\u00fanda ar fad i do chuid fianaise n\u00f3 d\u00e9an iad a cheilt. N\u00edlimid freagrach as d\u00fach dubh a chur aon sonra\u00ed pearsanta.<\/p>\n\t\t\t\t\t\t\t<\/article>\n\t\t\t\t\t<\/div>\n\t<\/div>\n<\/section>\n\n\n<section id=\"organise\" class=\"header-paragraph-block rtb-block  margin-top-xs margin-bottom-xs\">\n\t<div class=\"container\">\n\t\t<div class=\"content\">\n\t\t\t<article class=\"cms-content\">\n\t\t\t\t\t\t\t\t\t<h2>Conas do chuid fianaise a chur in ord<\/h2>\n<p>Cuir an fhianaise ar fad le ch\u00e9ile ar bhealach a dtuigfeadh duine nach bhfuil eolach ar an gc\u00e1s.<\/p>\n<ul>\n<li>M\u00e1 bh\u00edonn go leor doicim\u00e9ad agat, cuir in ord iad de r\u00e9ir d\u00e1ta<\/li>\n<li>Cuir uimhreacha leis na leathanaigh<\/li>\n<li>Gr\u00fap\u00e1il aon fhianaise agus doicim\u00e9id \u00e1bhartha le ch\u00e9ile<\/li>\n<li>Scr\u00edobh n\u00f3ta cumhdaigh ina liosta\u00edtear gach rud at\u00e1 ar \u00e1ireamh<\/li>\n<\/ul>\n\t\t\t\t\t\t\t<\/article>\n\t\t\t\t\t<\/div>\n\t<\/div>\n<\/section>\n\n\n<section id=\"when-how\" class=\"header-paragraph-block rtb-block  margin-top-xs margin-bottom-xs\">\n\t<div class=\"container\">\n\t\t<div class=\"content\">\n\t\t\t<article class=\"cms-content\">\n\t\t\t\t\t\t\t\t\t<h2>C\u00e9n uair agus conas do chuid fianaise a chur isteach<\/h2>\n<h3>Cuir do chuid fianaise isteach tr\u00edd an Ionad um R\u00e9iteach D\u00edosp\u00f3id\u00ed<\/h3>\n<p>Nuair a bheidh do ch\u00e1s sceidealaithe, cruth\u00f3imid tasc uasl\u00f3d\u00e1la fianaise duit.<\/p>\n<p>Gheobhaidh t\u00fa r\u00edomhphost \u00e1 r\u00e1 go gcaithfidh t\u00fa do chuid fianaise a uasl\u00f3d\u00e1il. Is f\u00e9idir leat \u00e9 sin a dh\u00e9anamh go dt\u00ed 5 l\u00e1 oibre roimh d\u2019\u00e9isteacht.<\/p>\n<p>Is f\u00e9idir leat an tasc uasl\u00f3d\u00e1la fianaise a aimsi\u00fa i do chuntas freisin:<\/p>\n<ul>\n<li>Roghnaigh an c\u00e1s d\u00edosp\u00f3ide ar g\u00e1 duit fianaise a uasl\u00f3d\u00e1il ina leith, agus t\u00e9igh chuig an r\u00e9imse \u2018My Tasks\u2019 sa ch\u00e1s sin.<\/li>\n<li>Faoin t\u00e9acs, feicfidh t\u00fa bosca \u2018Upload documents\u2019.<\/li>\n<li>Roghnaigh deilbh\u00edn an fh\u00e1isc\u00edn p\u00e1ip\u00e9ir chun do chuid iat\u00e1n a chur leis.<\/li>\n<li>Is f\u00e9idir leat roinnt doicim\u00e9ad a chur leis anois, agus ansin teacht ar ais tr\u00e1th n\u00edos d\u00e9ana\u00ed chun tuilleadh doicim\u00e9ad a chur leis.<\/li>\n<li>N\u00e1 clice\u00e1il an bosca \u2018Complete\u2019 go dt\u00ed go mbeidh na doicim\u00e9id uile is g\u00e1 uasl\u00f3d\u00e1ilte agat.<\/li>\n<\/ul>\n<p>D\u00e9anfar gach doicim\u00e9ad a uasl\u00f3d\u00e1lann t\u00fa a chur le c\u00e1schomhad a chomhroinntear leis an idirghabh\u00e1la\u00ed, leis an mbreithneoir n\u00f3 leis an bpain\u00e9al binse agus leis na p\u00e1irtithe eile sa ch\u00e1s (i gc\u00e1s c\u00e1sanna breithnithe n\u00f3 binse agus ina gc\u00e1s sin amh\u00e1in).<\/p>\n<h3>Cuir do chuid fianaise isteach tr\u00ed r\u00edomhphost<\/h3>\n<p>Chun do chuid fianaise a chur isteach tr\u00ed r\u00edomhphost:<\/p>\n<ul>\n<li>N\u00ed m\u00f3r duit an fhianaise ar fad a sheoladh 5 l\u00e1 oibre ar a laghad roimh an \u00e9isteacht.<\/li>\n<li>S\u00e1bh\u00e1il na comhaid fianaise ar do r\u00edomhaire.<\/li>\n<li>D\u00e9an d\u00fach dubh a chur ar aon sonra\u00ed pearsanta agus aon fhaisn\u00e9is r\u00fanda nach mbaineann leis an gc\u00e1s (mar shampla, mionsonra\u00ed bainc) n\u00f3 d\u00e9an iad a cheilt.<\/li>\n<li>Cuir uimhir thagartha an ch\u00e1is isteach i l\u00edne \u00e1bhair an r\u00edomhphoist.<\/li>\n<li>Seol an fhianaise tr\u00ed r\u00edomhphost chuig\u00a0<a href=\"mailto:disputes@rtb.ie\">disputes@rtb.ie<\/a><\/li>\n<\/ul>\n<h3>Cuir do chuid fianaise isteach tr\u00edd an bpost<\/h3>\n<p>M\u00e1s rud \u00e9 go bhfuil t\u00fa ag cur fianaise isteach tr\u00edd an bpost, n\u00ed m\u00f3r \u00ed a bheith faighte againn 5 l\u00e1 ar a laghad roimh dh\u00e1ta d\u2019\u00e9isteachta. Tugann s\u00e9 sin am d\u00fainn chun na doicim\u00e9id a phr\u00f3ise\u00e1il.<\/p>\n<ul>\n<li>D\u00e9an d\u00fach dubh a chur ar aon sonra\u00ed pearsanta agus aon fhaisn\u00e9is r\u00fanda nach mbaineann leis an gc\u00e1s (mar shampla, mionsonra\u00ed bainc) n\u00f3 d\u00e9an iad a cheilt.<\/li>\n<li>Luaigh uimhir thagartha an ch\u00e1is.<\/li>\n<li>Cuir isteach do chuid fianaise ar fad in aon bhaisc amh\u00e1in tr\u00edd an bpost: An Rann\u00f3g um R\u00e9iteach D\u00edosp\u00f3id\u00ed, An Bord um Thion\u00f3ntachta\u00ed C\u00f3naithe, Bosca PO 13841,\u00a0Saorphost FKY7736,\u00a0Cill Orglan,\u00a0Co. Chiarra\u00ed.<\/li>\n<\/ul>\n\t\t\t\t\t\t\t<\/article>\n\t\t\t\t\t<\/div>\n\t<\/div>\n<\/section>\n\n\n<section id=\"what\" class=\"header-paragraph-block rtb-block  margin-top-xs margin-bottom-xs\">\n\t<div class=\"container\">\n\t\t<div class=\"content\">\n\t\t\t<article class=\"cms-content\">\n\t\t\t\t\t\t\t\t\t<h2>Cad a tharla\u00edonn don fhianaise a chuirtear faoi bhr\u00e1id RTB?<\/h2>\n<p>D\u00e9anaimid na doicim\u00e9id uile a chuirtear isteach a scanadh agus a chartlann\u00fa.<\/p>\n<p>N\u00e1 seol chugainn c\u00f3ipeanna bunaidh d\u2019aon doicim\u00e9id chugainn. N\u00ed sheolfar ar ais iad. \u00a0Mar sin f\u00e9in, t\u00e1 s\u00e9 t\u00e1bhachtach go dtabharf\u00e1 na doicim\u00e9id bhunaidh leat chuig an \u00e9isteacht ar eagla go mbeadh orainn a sheice\u00e1il an bhfuil siad bar\u00e1nt\u00fail n\u00f3 nach bhfuil.<\/p>\n<p>T\u00e1 an ceart againn chun d\u00fach dubh a chur ar shonra\u00ed pearsanta m\u00e1 bh\u00edonn ceist ann faoina n-\u00e1bharthacht n\u00f3 faoi chosaint chearta agus shaoirs\u00ed an duine.<\/p>\n<p>Is le haghaidh na h\u00e9isteachta amh\u00e1in at\u00e1 aon \u00e1bhair scaipthe agus n\u00ed f\u00e9idir iad a \u00fas\u00e1id ar aon ch\u00fais eile.<\/p>\n\t\t\t\t\t\t\t<\/article>\n\t\t\t\t\t<\/div>\n\t<\/div>\n<\/section>\n\n\n<section id=\"contact\" class=\"header-paragraph-block rtb-block  margin-top-xs margin-bottom-default\">\n\t<div class=\"container\">\n\t\t<div class=\"content\">\n\t\t\t<article class=\"cms-content\">\n\t\t\t\t\t\t\t\t\t<h2>D\u00e9an teagmh\u00e1il linn<\/h2>\n<p>M\u00e1 bh\u00edonn aon cheisteanna agat:<\/p>\n<p>Cuir glao ar 0818 30 30 37 n\u00f3 01 7028100<\/p>\n<p>Seol r\u00edomhphost chuig\u00a0<a href=\"mailto:disputes@rtb.ie\">disputes@rtb.ie<\/a><\/p>\n\t\t\t\t\t\t\t<\/article>\n\t\t\t\t\t<\/div>\n\t<\/div>\n<\/section>","protected":false},"excerpt":{"rendered":"","protected":false},"author":10,"featured_media":0,"parent":11,"menu_order":5,"comment_status":"closed","ping_status":"closed","template":"","meta":{"_acf_changed":false,"inline_featured_image":false,"_relevanssi_hide_post":"","_relevanssi_hide_content":"","_relevanssi_pin_for_all":"","_relevanssi_pin_keywords":"","_relevanssi_unpin_keywords":"","_relevanssi_related_keywords":"","_relevanssi_related_include_ids":"","_relevanssi_related_exclude_ids":"","_relevanssi_related_no_append":"","_relevanssi_related_not_related":"","_relevanssi_related_posts":"1239,1","_relevanssi_noindex_reason":"","_trash_the_other_posts":false,"editor_notices":[],"footnotes":""},"class_list":["post-892","page","type-page","status-publish","hentry"],"acf":[],"jetpack_sharing_enabled":true,"publishpress_future_action":{"enabled":false,"date":"2026-04-11 10:13:21","action":"change-status","newStatus":"draft","terms":[],"taxonomy":"","extraData":[]},"publishpress_future_workflow_manual_trigger":{"enabledWorkflows":[]},"_links":{"self":[{"href":"https:\/\/rtb.ie\/ga\/wp-json\/wp\/v2\/pages\/892","targetHints":{"allow":["GET"]}}],"collection":[{"href":"https:\/\/rtb.ie\/ga\/wp-json\/wp\/v2\/pages"}],"about":[{"href":"https:\/\/rtb.ie\/ga\/wp-json\/wp\/v2\/types\/page"}],"author":[{"embeddable":true,"href":"https:\/\/rtb.ie\/ga\/wp-json\/wp\/v2\/users\/10"}],"replies":[{"embeddable":true,"href":"https:\/\/rtb.ie\/ga\/wp-json\/wp\/v2\/comments?post=892"}],"version-history":[{"count":15,"href":"https:\/\/rtb.ie\/ga\/wp-json\/wp\/v2\/pages\/892\/revisions"}],"predecessor-version":[{"id":52614,"href":"https:\/\/rtb.ie\/ga\/wp-json\/wp\/v2\/pages\/892\/revisions\/52614"}],"up":[{"embeddable":true,"href":"https:\/\/rtb.ie\/ga\/wp-json\/wp\/v2\/pages\/11"}],"wp:attachment":[{"href":"https:\/\/rtb.ie\/ga\/wp-json\/wp\/v2\/media?parent=892"}],"curies":[{"name":"wp","href":"https:\/\/api.w.org\/{rel}","templated":true}]}}