{"id":911,"date":"2025-04-29T14:04:22","date_gmt":"2025-04-29T14:04:22","guid":{"rendered":"https:\/\/rtb.ie\/ga\/?page_id=911"},"modified":"2025-07-04T13:38:43","modified_gmt":"2025-07-04T13:38:43","slug":"search-investigation-court-orders","status":"publish","type":"page","link":"https:\/\/rtb.ie\/ga\/compliance\/investigation-outcomes\/search-investigation-court-orders\/","title":{"rendered":"Orduithe c\u00fairte imscr\u00fadaithe a chuardach"},"content":{"rendered":"\n<div class=\"translation-notice no-print\">\n        <div class=\"inner container\">\n            <p><strong>Cuirfear aistri\u00fach\u00e1n ar f\u00e1il go luath<\/strong><\/p>\n            <p>\u00c1r leithsc\u00e9al as an m\u00edchaoithi\u00falacht. Cuirfear aistri\u00fach\u00e1n Gaeilge ar an leathanach seo ar f\u00e1il go luath. Go raibh maith agat as do chuid foighneachta agus muid ag obair ar leagan uasd\u00e1taithe.<\/p>\n        <\/div>\n    <\/div><section id=\"block-block_3b7e5ea1727c331afd8f75a92a274e5c\" class=\"header-block rtb-block colour-teal margin-top-none margin-bottom-default\">\n    <div class=\"container\">\n        <nav class=\"breadcrumbs\" aria-label=\"breadcrumb\">\n    <span property=\"itemListElement\" typeof=\"ListItem\"><a property=\"item\" typeof=\"WebPage\" title=\"Go to Bord um Tion\u00f3ntachta\u00ed C\u00f3naithe.\" href=\"https:\/\/rtb.ie\/ga\" class=\"home\" aria-current=\"page\"><span property=\"name\"><i class=\"rtb-home-icon\"><\/i><\/span><\/a><meta property=\"position\" content=\"1\"><\/span><i class=\"rtb-chevron\"><\/i><\/nav>\n        \n        <div class=\"wrapper\">\n            <div class=\"content\">\n                            \n                <h1 class=\"heading-xl\">Orduithe c\u00fairte imscr\u00fadaithe a chuardach<\/h1>\n                <p>Search Court Orders confirming sanctions on a landlord following an RTB investigation for breaches of rental law (improper conduct). The legal basis for RTB sanctions is Part 7A of the Residential Tenancies Act.<\/p>                            <\/div>\n            <!-- Temporary image: Remove after migrating illustrations to the illustration_selection field -->\n            \n                                    <div class=\"illustration fade-up\" aria-hidden=\"true\">\n                                                    <img decoding=\"async\" src=\"https:\/\/rtb.ie\/ga\/wp-content\/themes\/rtb\/assets\/images\/illustrations\/header-block\/header-illustration-teal-a.svg\" alt=\"\" \/>\n                                            <\/div>\n                                    <\/div>\n\n    <\/div>\n<\/section>\n\n\n<section id=\"block-block_3b8c5463d9a27f23a23bd161c4f6af99\" class=\"court-orders-listing-block rtb-block margin-top-xs margin-bottom-default\">\n    <div class=\"content\">\n\n        <div class=\"search-filters\">\n            <div class=\"container\">\n                <div class=\"filters\">\n                    <div class=\"search\">\n                        <div class=\"filter fade-in\">\n                            <label for=\"\">Keyword<\/label>\n                            <div class=\"facetwp-facet facetwp-facet-search facetwp-type-search\" data-name=\"search\" data-type=\"search\"><\/div>                        <\/div>\n                    <\/div>\n                    <div class=\"dropdowns\">\n                        <div class=\"filter fade-in\">\n                            <label for=\"\">Year of publication<\/label>\n                            <div class=\"facetwp-facet facetwp-facet-court_orders_year_of_publication facetwp-type-dropdown\" data-name=\"court_orders_year_of_publication\" data-type=\"dropdown\"><\/div>                        <\/div>\n                        <div class=\"filter fade-in\">\n                            <label for=\"\">Year of court order<\/label>\n                            <div class=\"facetwp-facet facetwp-facet-court_orders_year_of_court_order facetwp-type-dropdown\" data-name=\"court_orders_year_of_court_order\" data-type=\"dropdown\"><\/div>                        <\/div>\n                    <\/div>\n                    <div class=\"footer\">\n                        <div class=\"facetwp-facet facetwp-facet-clear_all facetwp-type-reset\" data-name=\"clear_all\" data-type=\"reset\"><\/div>                        <button class=\"facetwp-submit button primary\">\n                            <span>Search<\/span>\n                        <\/button>\n                    <\/div>\n                <\/div>\n                <div class=\"info\">\n                    <h2 class=\"heading-s\">How to search<\/h2>                    <p>Search by the name of a landlord, type of sanction, tenancy address, landlord address, investigation number or Court Order number.<br \/>\nYou can also filter by year of publication or year of Court Order.<\/p>\n                <\/div>\n            <\/div>\n        <\/div>\n\n        <div class=\"listing is-hidden\">\n            <div class=\"container\">\n                <div class=\"total-results\">\n                    <span>Total results: <\/span>                    <span data-facetwp-total><\/span>\n                <\/div>\n                <div class=\"facetwp-template\" data-name=\"court_orders_listing\">            <article class=\"court-orders-item\">\n    \n    <div class=\"content\">\n\n                    <span class=\"tag green\">WRITTEN CAUTION AND MONETARY SANCTION<\/span>\n                <h3 class=\"heading-xs\">James Hurley &amp; S\u00e9amus \u00d3 Muirthile Failure to Register a Tenancy <\/h3>        \n        <hr>\n        <div class=\"info\">\n                                                        <\/div>\n\n        <hr>\n        \n        <div class=\"info\">\n                                                        <\/div>\n\n        <div class=\"footer\">\n                    <\/div>\n    <\/div>\n\n<\/article>            <article class=\"court-orders-item\">\n    \n    <div class=\"content\">\n\n                    <span class=\"tag green\">WRITTEN CAUTION AND MONETARY SANCTION<\/span>\n                <h3 class=\"heading-xs\">Finola Cooke &amp; John Cooke Failure to Register a Tenancy  <\/h3>        \n        <hr>\n        <div class=\"info\">\n                                                        <\/div>\n\n        <hr>\n        \n        <div class=\"info\">\n                                                        <\/div>\n\n        <div class=\"footer\">\n                    <\/div>\n    <\/div>\n\n<\/article>            <article class=\"court-orders-item\">\n    \n    <div class=\"content\">\n\n                    <span class=\"tag green\">WRITTEN CAUTION AND MONETARY SANCTION<\/span>\n                <h3 class=\"heading-xs\">RTB and Albert Jarzebak (4\/4) &#8211; Failure to Comply with Rent Pressure Zone Requirements<\/h3>        \n        <hr>\n        <div class=\"info\">\n                                                        <\/div>\n\n        <hr>\n        \n        <div class=\"info\">\n                                                        <\/div>\n\n        <div class=\"footer\">\n                    <\/div>\n    <\/div>\n\n<\/article>            <article class=\"court-orders-item\">\n    \n    <div class=\"content\">\n\n                    <span class=\"tag green\">WRITTEN CAUTION AND MONETARY SANCTION<\/span>\n                <h3 class=\"heading-xs\">RTB and Ita Higgins &#8211; Failure to Comply with Rent Pressure Zone requirements<\/h3>        \n        <hr>\n        <div class=\"info\">\n                                                        <\/div>\n\n        <hr>\n        \n        <div class=\"info\">\n                                                        <\/div>\n\n        <div class=\"footer\">\n                    <\/div>\n    <\/div>\n\n<\/article>            <article class=\"court-orders-item\">\n    \n    <div class=\"content\">\n\n                    <span class=\"tag green\">WRITTEN CAUTION AND MONETARY SANCTION<\/span>\n                <h3 class=\"heading-xs\">RTB and Jennifer O Connell &#8211; Failure to Register a Tenancy<\/h3>        \n        <hr>\n        <div class=\"info\">\n                                                        <\/div>\n\n        <hr>\n        \n        <div class=\"info\">\n                                                        <\/div>\n\n        <div class=\"footer\">\n                    <\/div>\n    <\/div>\n\n<\/article>            <article class=\"court-orders-item\">\n    \n    <div class=\"content\">\n\n                    <span class=\"tag green\">MONETARY SANCTION<\/span>\n                <h3 class=\"heading-xs\">RTB and The Gerard Keane Pension Fund &#8211; Failure to Comply with Rent Pressure Zone requirements<\/h3>        \n        <hr>\n        <div class=\"info\">\n                                                        <\/div>\n\n        <hr>\n        \n        <div class=\"info\">\n                                                        <\/div>\n\n        <div class=\"footer\">\n                    <\/div>\n    <\/div>\n\n<\/article>            <article class=\"court-orders-item\">\n    \n    <div class=\"content\">\n\n                    <span class=\"tag green\">WRITTEN CAUTION<\/span>\n                <h3 class=\"heading-xs\">RTB and Contern Investments Fund sub fund of Quayside Fund Management Ltd &#8211; Failure to Comply with Rent Pressures Zone requirements<\/h3>        \n        <hr>\n        <div class=\"info\">\n                                                        <\/div>\n\n        <hr>\n        \n        <div class=\"info\">\n                                                        <\/div>\n\n        <div class=\"footer\">\n                    <\/div>\n    <\/div>\n\n<\/article>            <article class=\"court-orders-item\">\n    \n    <div class=\"content\">\n\n                    <span class=\"tag green\">WRITTEN CAUTION AND MONETARY SANCTION<\/span>\n                <h3 class=\"heading-xs\">RTB and WZDJ Properties Investment Ltd &#8211; Failure to Comply with Rent Pressure Zone requirements<\/h3>        \n        <hr>\n        <div class=\"info\">\n                                                        <\/div>\n\n        <hr>\n        \n        <div class=\"info\">\n                                                        <\/div>\n\n        <div class=\"footer\">\n                    <\/div>\n    <\/div>\n\n<\/article>            <article class=\"court-orders-item\">\n    \n    <div class=\"content\">\n\n                    <span class=\"tag green\">WRITTEN CAUTION AND MONETARY SANCTION<\/span>\n                <h3 class=\"heading-xs\">RTB and Albert Jarzebak (1\/4) &#8211; Failure to Comply with Rent Pressure Zone requirements<\/h3>        \n        <hr>\n        <div class=\"info\">\n                                                        <\/div>\n\n        <hr>\n        \n        <div class=\"info\">\n                                                        <\/div>\n\n        <div class=\"footer\">\n                    <\/div>\n    <\/div>\n\n<\/article>            <article class=\"court-orders-item\">\n    \n    <div class=\"content\">\n\n                    <span class=\"tag green\">WRITTEN CAUTION AND MONETARY SANCTION<\/span>\n                <h3 class=\"heading-xs\">RTB and Albert Jarzebak (2\/4) &#8211; Failure to Comply with Rent Pressure Zone requirements<\/h3>        \n        <hr>\n        <div class=\"info\">\n                                                        <\/div>\n\n        <hr>\n        \n        <div class=\"info\">\n                                                        <\/div>\n\n        <div class=\"footer\">\n                    <\/div>\n    <\/div>\n\n<\/article>    <\/div>            <\/div>\n        <\/div>\n\n        <div class=\"load-more is-hidden\">\n            <div class=\"facetwp-facet facetwp-facet-pager_numbers facetwp-type-pager\" data-name=\"pager_numbers\" data-type=\"pager\"><\/div>        <\/div>\n\n    <\/div>\n<\/section>\n","protected":false},"excerpt":{"rendered":"","protected":false},"author":10,"featured_media":0,"parent":940,"menu_order":1,"comment_status":"closed","ping_status":"closed","template":"","meta":{"_acf_changed":false,"inline_featured_image":false,"_relevanssi_hide_post":"","_relevanssi_hide_content":"","_relevanssi_pin_for_all":"","_relevanssi_pin_keywords":"","_relevanssi_unpin_keywords":"","_relevanssi_related_keywords":"","_relevanssi_related_include_ids":"","_relevanssi_related_exclude_ids":"","_relevanssi_related_no_append":"","_relevanssi_related_not_related":"","_relevanssi_related_posts":"1,1239","_relevanssi_noindex_reason":"","_trash_the_other_posts":false,"editor_notices":[],"footnotes":""},"class_list":["post-911","page","type-page","status-publish","hentry"],"acf":[],"jetpack_sharing_enabled":true,"publishpress_future_action":{"enabled":false,"date":"2026-04-25 16:13:51","action":"change-status","newStatus":"draft","terms":[],"taxonomy":"","extraData":[]},"publishpress_future_workflow_manual_trigger":{"enabledWorkflows":[]},"_links":{"self":[{"href":"https:\/\/rtb.ie\/ga\/wp-json\/wp\/v2\/pages\/911","targetHints":{"allow":["GET"]}}],"collection":[{"href":"https:\/\/rtb.ie\/ga\/wp-json\/wp\/v2\/pages"}],"about":[{"href":"https:\/\/rtb.ie\/ga\/wp-json\/wp\/v2\/types\/page"}],"author":[{"embeddable":true,"href":"https:\/\/rtb.ie\/ga\/wp-json\/wp\/v2\/users\/10"}],"replies":[{"embeddable":true,"href":"https:\/\/rtb.ie\/ga\/wp-json\/wp\/v2\/comments?post=911"}],"version-history":[{"count":8,"href":"https:\/\/rtb.ie\/ga\/wp-json\/wp\/v2\/pages\/911\/revisions"}],"predecessor-version":[{"id":51527,"href":"https:\/\/rtb.ie\/ga\/wp-json\/wp\/v2\/pages\/911\/revisions\/51527"}],"up":[{"embeddable":true,"href":"https:\/\/rtb.ie\/ga\/wp-json\/wp\/v2\/pages\/940"}],"wp:attachment":[{"href":"https:\/\/rtb.ie\/ga\/wp-json\/wp\/v2\/media?parent=911"}],"curies":[{"name":"wp","href":"https:\/\/api.w.org\/{rel}","templated":true}]}}