{"id":915,"date":"2025-04-29T14:00:31","date_gmt":"2025-04-29T14:00:41","guid":{"rendered":"https:\/\/rtb.ie\/ga\/?page_id=915"},"modified":"2025-07-04T13:34:33","modified_gmt":"2025-07-04T13:34:33","slug":"check-rpz-compliance","status":"publish","type":"page","link":"https:\/\/rtb.ie\/ga\/compliance\/check-rpz-compliance\/","title":{"rendered":"Seice\u00e1il comhl\u00edonadh RPZ"},"content":{"rendered":"\n<div class=\"translation-notice no-print\">\n        <div class=\"inner container\">\n            <p><strong>Cuirfear aistri\u00fach\u00e1n ar f\u00e1il go luath<\/strong><\/p>\n            <p>\u00c1r leithsc\u00e9al as an m\u00edchaoithi\u00falacht. Cuirfear aistri\u00fach\u00e1n Gaeilge ar an leathanach seo ar f\u00e1il go luath. Go raibh maith agat as do chuid foighneachta agus muid ag obair ar leagan uasd\u00e1taithe.<\/p>\n        <\/div>\n    <\/div><section id=\"block-block_ba9cc3fa3526fd9aea1885231083853a\" class=\"header-block rtb-block colour-teal margin-top-none margin-bottom-default\">\n    <div class=\"container\">\n        <nav class=\"breadcrumbs\" aria-label=\"breadcrumb\">\n    <span property=\"itemListElement\" typeof=\"ListItem\"><a property=\"item\" typeof=\"WebPage\" title=\"Go to Bord um Tion\u00f3ntachta\u00ed C\u00f3naithe.\" href=\"https:\/\/rtb.ie\/ga\" class=\"home\" aria-current=\"page\"><span property=\"name\"><i class=\"rtb-home-icon\"><\/i><\/span><\/a><meta property=\"position\" content=\"1\"><\/span><i class=\"rtb-chevron\"><\/i><\/nav>\n        \n        <div class=\"wrapper\">\n            <div class=\"content\">\n                            \n                <h1 class=\"heading-xl\">Seice\u00e1il comhl\u00edonadh RPZ<\/h1>\n                <p>Information on how Rent Pressure Zones (RPZs) work and link to RPZ calculator for calculating the maximum rent increase allowed for properties in an RPZ. <\/p>                            <\/div>\n            <!-- Temporary image: Remove after migrating illustrations to the illustration_selection field -->\n            \n                                    <div class=\"illustration fade-up\" aria-hidden=\"true\">\n                                                    <img decoding=\"async\" src=\"https:\/\/rtb.ie\/ga\/wp-content\/themes\/rtb\/assets\/images\/illustrations\/header-block\/header-illustration-teal-a.svg\" alt=\"\" \/>\n                                            <\/div>\n                                    <\/div>\n\n    <\/div>\n<\/section>\n\n\n<section id=\"block-block_be71744c386caae1d59236be8952eea3\" class=\"intro-and-links-block rtb-block  margin-top-none margin-bottom-default\">\n\t<div class=\"container\">\n\t\t<div class=\"content\">\n            <header class=\"cms-content fade-in\">\n                <h2 class=\"\">Summary<\/h2>                <p>Learn about what Rent Pressure Zones are, how areas are designated RPZs and exemptions to RPZ rent caps.<\/p>\n<p>Use the RPZ Calculator to determine the maximum allowable rent increase.<\/p>\n\n                \n            <\/header>\n                            <ul class=\"links\">\n                                            <li class=\"fade-up\">\n                            <a href=\"https:\/\/rtb.ie\/ga\/compliance\/check-rpz-compliance\/rpz-calculator\/\" target=\"\">\n                                <h3 class=\"\">RPZ Calculator<\/h3>                                <p>Use the RPZ calculator to find out the maximum rent increase allowed for properties in Rent Pressure Zones.\r\n<\/p>                                \n                                <i class=\"rtb-arrow\"><\/i>\n                            <\/a>\n                        <\/li>\n                                            <li class=\"fade-up\">\n                            <a href=\"https:\/\/rtb.ie\/ga\/compliance\/check-rpz-compliance\/how-rent-pressure-zones-rpzs-work\/\" target=\"\">\n                                <h3 class=\"\">How RPZs work<\/h3>                                <p>This page has information on RPZ&#039;s, what they are, how they apply and exemptions to RPZ caps.\r\n<\/p>                                \n                                <i class=\"rtb-arrow\"><\/i>\n                            <\/a>\n                        <\/li>\n                                    <\/ul>\t\t\t\t\n            \t\t<\/div>\n\t<\/div>\n<\/section>","protected":false},"excerpt":{"rendered":"","protected":false},"author":6,"featured_media":0,"parent":160,"menu_order":5,"comment_status":"closed","ping_status":"closed","template":"","meta":{"_acf_changed":false,"inline_featured_image":false,"_relevanssi_hide_post":"","_relevanssi_hide_content":"","_relevanssi_pin_for_all":"","_relevanssi_pin_keywords":"","_relevanssi_unpin_keywords":"","_relevanssi_related_keywords":"","_relevanssi_related_include_ids":"","_relevanssi_related_exclude_ids":"","_relevanssi_related_no_append":"","_relevanssi_related_not_related":"","_relevanssi_related_posts":"1239,1","_relevanssi_noindex_reason":"","_trash_the_other_posts":false,"editor_notices":[],"footnotes":""},"class_list":["post-915","page","type-page","status-publish","hentry"],"acf":[],"jetpack_sharing_enabled":true,"publishpress_future_action":{"enabled":false,"date":"2026-04-29 08:49:01","action":"change-status","newStatus":"draft","terms":[],"taxonomy":"","extraData":[]},"publishpress_future_workflow_manual_trigger":{"enabledWorkflows":[]},"_links":{"self":[{"href":"https:\/\/rtb.ie\/ga\/wp-json\/wp\/v2\/pages\/915","targetHints":{"allow":["GET"]}}],"collection":[{"href":"https:\/\/rtb.ie\/ga\/wp-json\/wp\/v2\/pages"}],"about":[{"href":"https:\/\/rtb.ie\/ga\/wp-json\/wp\/v2\/types\/page"}],"author":[{"embeddable":true,"href":"https:\/\/rtb.ie\/ga\/wp-json\/wp\/v2\/users\/6"}],"replies":[{"embeddable":true,"href":"https:\/\/rtb.ie\/ga\/wp-json\/wp\/v2\/comments?post=915"}],"version-history":[{"count":12,"href":"https:\/\/rtb.ie\/ga\/wp-json\/wp\/v2\/pages\/915\/revisions"}],"predecessor-version":[{"id":51521,"href":"https:\/\/rtb.ie\/ga\/wp-json\/wp\/v2\/pages\/915\/revisions\/51521"}],"up":[{"embeddable":true,"href":"https:\/\/rtb.ie\/ga\/wp-json\/wp\/v2\/pages\/160"}],"wp:attachment":[{"href":"https:\/\/rtb.ie\/ga\/wp-json\/wp\/v2\/media?parent=915"}],"curies":[{"name":"wp","href":"https:\/\/api.w.org\/{rel}","templated":true}]}}