{"id":927,"date":"2025-04-29T14:21:44","date_gmt":"2025-04-29T14:21:44","guid":{"rendered":"https:\/\/rtb.ie\/ga\/?page_id=927"},"modified":"2025-07-04T13:39:15","modified_gmt":"2025-07-04T13:39:15","slug":"search-registration-enforcement-outcomes","status":"publish","type":"page","link":"https:\/\/rtb.ie\/ga\/compliance\/investigation-outcomes\/search-registration-enforcement-outcomes\/","title":{"rendered":"Tortha\u00ed forfheidhmithe cl\u00e1r\u00fach\u00e1in a chuardach"},"content":{"rendered":"\n<div class=\"translation-notice no-print\">\n        <div class=\"inner container\">\n            <p><strong>Cuirfear aistri\u00fach\u00e1n ar f\u00e1il go luath<\/strong><\/p>\n            <p>\u00c1r leithsc\u00e9al as an m\u00edchaoithi\u00falacht. Cuirfear aistri\u00fach\u00e1n Gaeilge ar an leathanach seo ar f\u00e1il go luath. Go raibh maith agat as do chuid foighneachta agus muid ag obair ar leagan uasd\u00e1taithe.<\/p>\n        <\/div>\n    <\/div><section id=\"block-block_09a2e2c3bc3139652085f7b665429148\" class=\"header-block rtb-block colour-teal margin-top-none margin-bottom-default\">\n    <div class=\"container\">\n        <nav class=\"breadcrumbs\" aria-label=\"breadcrumb\">\n    <span property=\"itemListElement\" typeof=\"ListItem\"><a property=\"item\" typeof=\"WebPage\" title=\"Go to Bord um Tion\u00f3ntachta\u00ed C\u00f3naithe.\" href=\"https:\/\/rtb.ie\/ga\" class=\"home\" aria-current=\"page\"><span property=\"name\"><i class=\"rtb-home-icon\"><\/i><\/span><\/a><meta property=\"position\" content=\"1\"><\/span><i class=\"rtb-chevron\"><\/i><\/nav>\n        \n        <div class=\"wrapper\">\n            <div class=\"content\">\n                            \n                <h1 class=\"heading-xl\">Tortha\u00ed forfheidhmithe cl\u00e1r\u00fach\u00e1in a chuardach<\/h1>\n                <p>Search for cases where landlords were convicted for not registering a tenancy.<\/p>                            <\/div>\n            <!-- Temporary image: Remove after migrating illustrations to the illustration_selection field -->\n            \n                                    <div class=\"illustration fade-up\" aria-hidden=\"true\">\n                                                    <img decoding=\"async\" src=\"https:\/\/rtb.ie\/ga\/wp-content\/themes\/rtb\/assets\/images\/illustrations\/header-block\/header-illustration-teal-a.svg\" alt=\"\" \/>\n                                            <\/div>\n                                    <\/div>\n\n    <\/div>\n<\/section>\n\n\n<section id=\"block-block_00cdb07b15a233b8f502d87beadc6b79\" class=\"court-decision-registration-enforcement-listing-block rtb-block margin-top-xs margin-bottom-default\">\n    <div class=\"content\">\n\n        <div class=\"search-filters\">\n            <div class=\"container\">\n                <div class=\"filters\">\n                    <div class=\"search\">\n                        <div class=\"filter fade-in\">\n                            <label for=\"\">Keyword<\/label>\n                            <div class=\"facetwp-facet facetwp-facet-search facetwp-type-search\" data-name=\"search\" data-type=\"search\"><\/div>                        <\/div>\n                    <\/div>\n                    <div class=\"dropdowns\">\n                        <div class=\"filter fade-in\">\n                            <label for=\"\">Select year<\/label>\n                            <div class=\"facetwp-facet facetwp-facet-court_decision_registration_enforcement_date facetwp-type-dropdown\" data-name=\"court_decision_registration_enforcement_date\" data-type=\"dropdown\"><\/div>                        <\/div>\n                    <\/div>\n                    <div class=\"footer\">\n                        <div class=\"facetwp-facet facetwp-facet-clear_all facetwp-type-reset\" data-name=\"clear_all\" data-type=\"reset\"><\/div>                        <button class=\"facetwp-submit button primary\">\n                            <span>Search<\/span>\n                        <\/button>\n                    <\/div>\n                <\/div>\n                <div class=\"info\">\n                    <h2 class=\"heading-s\">How to search<\/h2>                    <p>Search by the name of a landlord, tenancy address, landlord address or Court Order number.<\/p>\n<p>You can also filter by year of publication or year of the enforcement order.<\/p>\n                <\/div>\n            <\/div>\n        <\/div>\n\n        <div class=\"listing is-hidden\">\n            <div class=\"container\">\n                <div class=\"total-results\">\n                    <span>Total results: <\/span>                    <span data-facetwp-total><\/span>\n                <\/div>\n                <div class=\"facetwp-template\" data-name=\"court_decision_registration_enforcement\">            <article class=\"court-decision-registration-enforcement-item\">\n    \n    <div class=\"content\">\n\n        <span class=\"tag green\">REGISTRATION ENFORCEMENT<\/span>\n        <h3 class=\"heading-xs\">RTB v Brian Gilhooly<\/h3>        \n        <hr>\n\n        <div class=\"info\">\n            \n                                            <\/div>\n\n        <hr>\n\n        <div class=\"footer\">\n                                <\/div>\n    <\/div>\n\n<\/article>            <article class=\"court-decision-registration-enforcement-item\">\n    \n    <div class=\"content\">\n\n        <span class=\"tag green\">REGISTRATION ENFORCEMENT<\/span>\n        <h3 class=\"heading-xs\">PRTB -v- Mary Callaghan<\/h3>        \n        <hr>\n\n        <div class=\"info\">\n            \n                                            <\/div>\n\n        <hr>\n\n        <div class=\"footer\">\n                                <\/div>\n    <\/div>\n\n<\/article>            <article class=\"court-decision-registration-enforcement-item\">\n    \n    <div class=\"content\">\n\n        <span class=\"tag green\">REGISTRATION ENFORCEMENT<\/span>\n        <h3 class=\"heading-xs\">PRTB -v- Barry Jones<\/h3>        \n        <hr>\n\n        <div class=\"info\">\n            \n                                            <\/div>\n\n        <hr>\n\n        <div class=\"footer\">\n                                <\/div>\n    <\/div>\n\n<\/article>            <article class=\"court-decision-registration-enforcement-item\">\n    \n    <div class=\"content\">\n\n        <span class=\"tag green\">REGISTRATION ENFORCEMENT<\/span>\n        <h3 class=\"heading-xs\">PRTB -v- John Scally<\/h3>        \n        <hr>\n\n        <div class=\"info\">\n            \n                                            <\/div>\n\n        <hr>\n\n        <div class=\"footer\">\n                                <\/div>\n    <\/div>\n\n<\/article>            <article class=\"court-decision-registration-enforcement-item\">\n    \n    <div class=\"content\">\n\n        <span class=\"tag green\">REGISTRATION ENFORCEMENT<\/span>\n        <h3 class=\"heading-xs\">PRTB-v- Angela Bradshaw<\/h3>        \n        <hr>\n\n        <div class=\"info\">\n            \n                                            <\/div>\n\n        <hr>\n\n        <div class=\"footer\">\n                                <\/div>\n    <\/div>\n\n<\/article>            <article class=\"court-decision-registration-enforcement-item\">\n    \n    <div class=\"content\">\n\n        <span class=\"tag green\">REGISTRATION ENFORCEMENT<\/span>\n        <h3 class=\"heading-xs\">RTB v Eileen Maguire<\/h3>        \n        <hr>\n\n        <div class=\"info\">\n            \n                                            <\/div>\n\n        <hr>\n\n        <div class=\"footer\">\n                                <\/div>\n    <\/div>\n\n<\/article>            <article class=\"court-decision-registration-enforcement-item\">\n    \n    <div class=\"content\">\n\n        <span class=\"tag green\">REGISTRATION ENFORCEMENT<\/span>\n        <h3 class=\"heading-xs\">RTB-v-Andrew Fleming<\/h3>        \n        <hr>\n\n        <div class=\"info\">\n            \n                                            <\/div>\n\n        <hr>\n\n        <div class=\"footer\">\n                                <\/div>\n    <\/div>\n\n<\/article>            <article class=\"court-decision-registration-enforcement-item\">\n    \n    <div class=\"content\">\n\n        <span class=\"tag green\">REGISTRATION ENFORCEMENT<\/span>\n        <h3 class=\"heading-xs\">PRTB-v-Adrian Turner<\/h3>        \n        <hr>\n\n        <div class=\"info\">\n            \n                                            <\/div>\n\n        <hr>\n\n        <div class=\"footer\">\n                                <\/div>\n    <\/div>\n\n<\/article>            <article class=\"court-decision-registration-enforcement-item\">\n    \n    <div class=\"content\">\n\n        <span class=\"tag green\">REGISTRATION ENFORCEMENT<\/span>\n        <h3 class=\"heading-xs\">RTB -v- Martin O&#8217;Donnell<\/h3>        \n        <hr>\n\n        <div class=\"info\">\n            \n                                            <\/div>\n\n        <hr>\n\n        <div class=\"footer\">\n                                <\/div>\n    <\/div>\n\n<\/article>            <article class=\"court-decision-registration-enforcement-item\">\n    \n    <div class=\"content\">\n\n        <span class=\"tag green\">REGISTRATION ENFORCEMENT<\/span>\n        <h3 class=\"heading-xs\">RTB -v- Arthur Allen<\/h3>        \n        <hr>\n\n        <div class=\"info\">\n            \n                                            <\/div>\n\n        <hr>\n\n        <div class=\"footer\">\n                                <\/div>\n    <\/div>\n\n<\/article>    <\/div>            <\/div>\n        <\/div>\n\n        <div class=\"load-more is-hidden\">\n            <div class=\"facetwp-facet facetwp-facet-pager_numbers facetwp-type-pager\" data-name=\"pager_numbers\" data-type=\"pager\"><\/div>        <\/div>\n\n    <\/div>\n<\/section>\n","protected":false},"excerpt":{"rendered":"","protected":false},"author":10,"featured_media":0,"parent":940,"menu_order":0,"comment_status":"closed","ping_status":"closed","template":"","meta":{"_acf_changed":false,"inline_featured_image":false,"_relevanssi_hide_post":"","_relevanssi_hide_content":"","_relevanssi_pin_for_all":"","_relevanssi_pin_keywords":"","_relevanssi_unpin_keywords":"","_relevanssi_related_keywords":"","_relevanssi_related_include_ids":"","_relevanssi_related_exclude_ids":"","_relevanssi_related_no_append":"","_relevanssi_related_not_related":"","_relevanssi_related_posts":"1,1239","_relevanssi_noindex_reason":"","_trash_the_other_posts":false,"editor_notices":[],"footnotes":""},"class_list":["post-927","page","type-page","status-publish","hentry"],"acf":[],"jetpack_sharing_enabled":true,"publishpress_future_action":{"enabled":false,"date":"2026-04-27 21:35:42","action":"change-status","newStatus":"draft","terms":[],"taxonomy":"","extraData":[]},"publishpress_future_workflow_manual_trigger":{"enabledWorkflows":[]},"_links":{"self":[{"href":"https:\/\/rtb.ie\/ga\/wp-json\/wp\/v2\/pages\/927","targetHints":{"allow":["GET"]}}],"collection":[{"href":"https:\/\/rtb.ie\/ga\/wp-json\/wp\/v2\/pages"}],"about":[{"href":"https:\/\/rtb.ie\/ga\/wp-json\/wp\/v2\/types\/page"}],"author":[{"embeddable":true,"href":"https:\/\/rtb.ie\/ga\/wp-json\/wp\/v2\/users\/10"}],"replies":[{"embeddable":true,"href":"https:\/\/rtb.ie\/ga\/wp-json\/wp\/v2\/comments?post=927"}],"version-history":[{"count":15,"href":"https:\/\/rtb.ie\/ga\/wp-json\/wp\/v2\/pages\/927\/revisions"}],"predecessor-version":[{"id":51528,"href":"https:\/\/rtb.ie\/ga\/wp-json\/wp\/v2\/pages\/927\/revisions\/51528"}],"up":[{"embeddable":true,"href":"https:\/\/rtb.ie\/ga\/wp-json\/wp\/v2\/pages\/940"}],"wp:attachment":[{"href":"https:\/\/rtb.ie\/ga\/wp-json\/wp\/v2\/media?parent=927"}],"curies":[{"name":"wp","href":"https:\/\/api.w.org\/{rel}","templated":true}]}}