{"id":946,"date":"2025-04-29T14:50:00","date_gmt":"2025-04-29T14:50:00","guid":{"rendered":"https:\/\/rtb.ie\/ga\/?page_id=946"},"modified":"2025-10-31T11:44:28","modified_gmt":"2025-10-31T11:44:28","slug":"dispute-outcomes-and-orders","status":"publish","type":"page","link":"https:\/\/rtb.ie\/ga\/disputes\/dispute-outcomes-and-orders\/","title":{"rendered":"Tortha\u00ed agus orduithe d\u00edosp\u00f3ide"},"content":{"rendered":"\n<section id=\"block-block_805b6c1a115388ed7724d8c06f128dad\" class=\"header-block rtb-block colour-teal margin-top-none margin-bottom-default\">\n    <div class=\"container\">\n        <nav class=\"breadcrumbs\" aria-label=\"breadcrumb\">\n    <span property=\"itemListElement\" typeof=\"ListItem\"><a property=\"item\" typeof=\"WebPage\" title=\"Go to Bord um Tion\u00f3ntachta\u00ed C\u00f3naithe.\" href=\"https:\/\/rtb.ie\/ga\" class=\"home\" aria-current=\"page\"><span property=\"name\"><i class=\"rtb-home-icon\"><\/i><\/span><\/a><meta property=\"position\" content=\"1\"><\/span><i class=\"rtb-chevron\"><\/i><\/nav>\n        \n        <div class=\"wrapper\">\n            <div class=\"content\">\n                            \n                <h1 class=\"heading-xl\">Tortha\u00ed agus orduithe d\u00edosp\u00f3ide<\/h1>\n                <p>Cuardaigh le haghaidh tortha\u00ed agus Orduithe Cinnidh roimhe seo le haghaidh bhreithnithe agus bhins\u00ed an Bhoird um Thion\u00f3ntachta\u00ed C\u00f3naithe (RTB). <\/p>                            <\/div>\n            <!-- Temporary image: Remove after migrating illustrations to the illustration_selection field -->\n            \n                                    <div class=\"illustration fade-up\" aria-hidden=\"true\">\n                                                    <img decoding=\"async\" src=\"https:\/\/rtb.ie\/ga\/wp-content\/themes\/rtb\/assets\/images\/illustrations\/header-block\/header-illustration-teal-a.svg\" alt=\"\" \/>\n                                            <\/div>\n                                    <\/div>\n\n    <\/div>\n<\/section>\n\n\n<section id=\"block-block_6924e3e737aa9def717f19d09cdfab69\" class=\"intro-and-links-block rtb-block  margin-top-xs margin-bottom-default\">\n\t<div class=\"container\">\n\t\t<div class=\"content\">\n            <header class=\"cms-content fade-in\">\n                <h2 class=\"\">Na Tionchair at\u00e1 ag Ord\u00fa Cinnidh<\/h2>                <p>F\u00e9adfaidh tiarna\u00ed tal\u00fan taifid d\u00edosp\u00f3ide RTB a \u00fas\u00e1id chun tion\u00f3nta\u00ed f\u00e9ideartha a scagadh.<\/p>\n<p>Is f\u00e9idir go mbeidh s\u00e9 doiligh do thion\u00f3nta\u00ed a raibh d\u00edosp\u00f3id\u00ed n\u00f3 neamhchomhl\u00edonadh acu roimhe seo c\u00f3ir\u00edocht a fh\u00e1il ar c\u00edos amach anseo.<\/p>\n\n                \n            <\/header>\n                            <ul class=\"links\">\n                                            <li class=\"fade-up\">\n                            <a href=\"https:\/\/rtb.ie\/ga\/disputes\/dispute-outcomes-and-orders\/adjudication-and-tribunal-orders\/\" target=\"\">\n                                <h3 class=\"\">Orduithe le haghaidh Breithnithe agus Bins\u00ed<\/h3>                                <p>Bain \u00fas\u00e1id as an gcuardach seo chun teacht ar thortha\u00ed agus Orduithe Cinnidh roimhe seo le haghaidh Breithnithe agus Bins\u00ed.<\/p>                                \n                                <i class=\"rtb-arrow\"><\/i>\n                            <\/a>\n                        <\/li>\n                                            <li class=\"fade-up\">\n                            <a href=\"https:\/\/rtb.ie\/ga\/disputes\/dispute-outcomes-and-orders\/court-decisions-enforcement-orders\/\" target=\"\">\n                                <h3 class=\"\">Cinnt\u00ed c\u00fairte \u2013 orduithe forfheidhmi\u00fach\u00e1in<\/h3>                                <p>Leis an gcuardach seo, is f\u00e9idir leat teacht ar Orduithe Cinnidh a forfheidhm\u00edodh tr\u00ed na c\u00fairteanna.<\/p>                                \n                                <i class=\"rtb-arrow\"><\/i>\n                            <\/a>\n                        <\/li>\n                                    <\/ul>\t\t\t\t\n            \t\t<\/div>\n\t<\/div>\n<\/section>","protected":false},"excerpt":{"rendered":"","protected":false},"author":6,"featured_media":0,"parent":11,"menu_order":0,"comment_status":"closed","ping_status":"closed","template":"","meta":{"_acf_changed":false,"inline_featured_image":false,"_relevanssi_hide_post":"","_relevanssi_hide_content":"","_relevanssi_pin_for_all":"","_relevanssi_pin_keywords":"","_relevanssi_unpin_keywords":"","_relevanssi_related_keywords":"","_relevanssi_related_include_ids":"","_relevanssi_related_exclude_ids":"","_relevanssi_related_no_append":"","_relevanssi_related_not_related":"","_relevanssi_related_posts":"1239,1","_relevanssi_noindex_reason":"","_trash_the_other_posts":false,"editor_notices":[],"footnotes":""},"class_list":["post-946","page","type-page","status-publish","hentry"],"acf":[],"jetpack_sharing_enabled":true,"publishpress_future_action":{"enabled":false,"date":"2026-04-29 16:04:20","action":"change-status","newStatus":"draft","terms":[],"taxonomy":"","extraData":[]},"publishpress_future_workflow_manual_trigger":{"enabledWorkflows":[]},"_links":{"self":[{"href":"https:\/\/rtb.ie\/ga\/wp-json\/wp\/v2\/pages\/946","targetHints":{"allow":["GET"]}}],"collection":[{"href":"https:\/\/rtb.ie\/ga\/wp-json\/wp\/v2\/pages"}],"about":[{"href":"https:\/\/rtb.ie\/ga\/wp-json\/wp\/v2\/types\/page"}],"author":[{"embeddable":true,"href":"https:\/\/rtb.ie\/ga\/wp-json\/wp\/v2\/users\/6"}],"replies":[{"embeddable":true,"href":"https:\/\/rtb.ie\/ga\/wp-json\/wp\/v2\/comments?post=946"}],"version-history":[{"count":16,"href":"https:\/\/rtb.ie\/ga\/wp-json\/wp\/v2\/pages\/946\/revisions"}],"predecessor-version":[{"id":52620,"href":"https:\/\/rtb.ie\/ga\/wp-json\/wp\/v2\/pages\/946\/revisions\/52620"}],"up":[{"embeddable":true,"href":"https:\/\/rtb.ie\/ga\/wp-json\/wp\/v2\/pages\/11"}],"wp:attachment":[{"href":"https:\/\/rtb.ie\/ga\/wp-json\/wp\/v2\/media?parent=946"}],"curies":[{"name":"wp","href":"https:\/\/api.w.org\/{rel}","templated":true}]}}