{"id":948,"date":"2025-04-29T15:10:44","date_gmt":"2025-04-29T15:10:44","guid":{"rendered":"https:\/\/rtb.ie\/ga\/?page_id=948"},"modified":"2025-10-31T11:46:26","modified_gmt":"2025-10-31T11:46:26","slug":"enforcement-of-determination-orders","status":"publish","type":"page","link":"https:\/\/rtb.ie\/ga\/disputes\/enforcement-of-determination-orders\/","title":{"rendered":"Orduithe cinnidh a fhorfheidhmi\u00fa"},"content":{"rendered":"\n<section id=\"block-block_f82b57952e98b6ba2ba315721f801df5\" class=\"header-block rtb-block colour-teal margin-top-none margin-bottom-default\">\n    <div class=\"container\">\n        <nav class=\"breadcrumbs\" aria-label=\"breadcrumb\">\n    <span property=\"itemListElement\" typeof=\"ListItem\"><a property=\"item\" typeof=\"WebPage\" title=\"Go to Bord um Tion\u00f3ntachta\u00ed C\u00f3naithe.\" href=\"https:\/\/rtb.ie\/ga\" class=\"home\" aria-current=\"page\"><span property=\"name\"><i class=\"rtb-home-icon\"><\/i><\/span><\/a><meta property=\"position\" content=\"1\"><\/span><i class=\"rtb-chevron\"><\/i><\/nav>\n        \n        <div class=\"wrapper\">\n            <div class=\"content\">\n                            \n                <h1 class=\"heading-xl\">Orduithe Cinnidh a Fhorfheidhmi\u00fa<\/h1>\n                <p>Is feidhm r\u00edth\u00e1bhachtach de chuid an Bhoird um Thion\u00f3ntachta\u00ed C\u00f3naithe (BTC) \u00e9 forfheidhmi\u00fa.<\/p>                            <\/div>\n            <!-- Temporary image: Remove after migrating illustrations to the illustration_selection field -->\n            \n                                    <div class=\"illustration fade-up\" aria-hidden=\"true\">\n                                                    <img decoding=\"async\" src=\"https:\/\/rtb.ie\/ga\/wp-content\/themes\/rtb\/assets\/images\/illustrations\/header-block\/header-illustration-teal-a.svg\" alt=\"\" \/>\n                                            <\/div>\n                                    <\/div>\n\n    <\/div>\n<\/section>\n\n\n<section id=\"block-block_a367211ad0edd547d79fd3c936477c0b\" class=\"header-paragraph-block rtb-block  margin-top-xs margin-bottom-xs\">\n\t<div class=\"container\">\n\t\t<div class=\"content\">\n\t\t\t<article class=\"cms-content\">\n\t\t\t\t\t\t\t\t\t<p>Nuair a bhaineann tiarna\u00ed tal\u00fan, tion\u00f3nta\u00ed, n\u00f3 tr\u00ed\u00fa p\u00e1irtithe \u00fas\u00e1id as na seirbh\u00eds\u00ed um r\u00e9iteach d\u00edosp\u00f3id\u00ed de chuid RTB, t\u00e1 an toradh cinntitheach ina cheangal dl\u00ed. Gairtear Ord\u00fa Cinnidh den toradh sin.<\/p>\n<p>Leagtar amach san Ord\u00fa Cinnidh t\u00e9arma\u00ed an chinnidh n\u00f3 an chomhaontaithe. N\u00ed m\u00f3r do gach p\u00e1irt\u00ed clo\u00ed leis an Ord\u00fa Cinnidh laistigh den tr\u00e9imhse ama shonraithe.<\/p>\n<h2>Mainneachtain Ord\u00fa Cinnidh a chomhl\u00edonadh<\/h2>\n<p>F\u00e9adfaidh na c\u00fairteanna Ord\u00fa Cinnidh a fhorfheidhmi\u00fa. Mura gcomhl\u00edonann ceann de na p\u00e1irtithe t\u00e9arma\u00ed an chomhaontaithe, is f\u00e9idir:<\/p>\n<ul>\n<li>Go dtabharfar an p\u00e1irt\u00ed sin chun na c\u00fairte<\/li>\n<li>Go mbeidh ar an bp\u00e1irt\u00ed sin f\u00edne\u00e1lacha a \u00edoc<\/li>\n<li>Go mbeidh ar an bp\u00e1irt\u00ed sin costais dl\u00ed an ph\u00e1irt\u00ed eile a \u00edoc, m\u00e1 chailleann s\u00e9 an c\u00e1s<\/li>\n<\/ul>\n<p>Tar \u00e9is imeachta\u00ed dl\u00ed, foils\u00edonn RTB an t-ord\u00fa c\u00fairte ina n-ainmn\u00edtear na p\u00e1irtithe lena mbaineann agus ina dtarraing\u00edtear aird ar neamhchomhl\u00edonadh.<\/p>\n\t\t\t\t\t\t\t<\/article>\n\t\t\t\t\t\t\t\t\t\t\t\t<aside class=\"related-content\" data-js=\"related-content\">\n\t\t\t\t\t\t<div class=\"wrapper\">\n\t\t\t\t\t\t\t\t\t\t\t\t\t\t\t<h2 class=\"\">\u00c1bhar gaolmhar<\/h2>\t\t\t\t\t\t\t\t\t\t\t\t\t\t<ul>\n\t\t\t\t\t\t\t\t\t\t\t\t\t\t\t\t\t\t\t\t\t\t\t\t\t\t\t\t\t\t\t\t\t\t\t\t\t\t<li><a class=\"text-link\" href=\"https:\/\/rtb.ie\/ga\/about\/news\/rtb-forum-address-concerning-rental-inflation-trends-in-galway\/\" target=\"\">Treoir maidir le hidirghabh\u00e1il<\/a><\/li>\n\t\t\t\t\t\t\t\t\t\t\t\t\t\t\t\t\t\t\t\t\t\t\t\t\t\t\t\t\t\t\t\t\t\t\t\t\t\t\t\t<li><a class=\"text-link\" href=\"https:\/\/rtb.ie\/ga\/disputes\/guide-to-adjudication\/\" target=\"\">Treoir maidir le breithni\u00fa<\/a><\/li>\n\t\t\t\t\t\t\t\t\t\t\t\t\t\t\t\t\t\t\t\t\t\t\t\t\t\t\t\t\t\t\t\t\t\t\t\t\t\t\t\t<li><a class=\"text-link\" href=\"https:\/\/rtb.ie\/ga\/disputes\/guide-to-tribunals\/\" target=\"\">Treoir maidir le bins\u00ed<\/a><\/li>\n\t\t\t\t\t\t\t\t\t\t\t\t\t\t\t\t\t\t\t\t\t\t\t\t\t\t\t\t\t\t\t\t\t\t\t\t\t\t\t\t<li><a class=\"text-link\" href=\"https:\/\/rtb.ie\/ga\/disputes\/dispute-outcomes-and-orders\/adjudication-and-tribunal-orders\/\" target=\"\">Orduithe le haghaidh Breithnithe agus Bins\u00ed<\/a><\/li>\n\t\t\t\t\t\t\t\t\t\t\t\t\t\t\t\t\t\t\t\t\t\t\t\t\t\t\t\t\t\t\t\t\t\t<\/ul>\n\t\t\t\t\t\t<\/div>\n\t\t\t\t\t<\/aside>\n\t\t\t\t\t\t\t\t\t<\/div>\n\t<\/div>\n<\/section>\n\n\n<section id=\"block-block_e3480e584763b6e58f8003f39f4f0629\" class=\"header-paragraph-block rtb-block  margin-top-xs margin-bottom-xs\">\n\t<div class=\"container\">\n\t\t<div class=\"content\">\n\t\t\t<article class=\"cms-content\">\n\t\t\t\t\t\t\t\t\t<h2>Conas a thaca\u00edonn RTB le forfheidhmi\u00fa<\/h2>\n<p>F\u00e9adfaidh RTB tac\u00fa ar thr\u00ed bhealach le p\u00e1irtithe at\u00e1 ag iarraidh go gcomhl\u00edonfa\u00ed Ord\u00fa Cinnidh. F\u00e9adfaimid:<\/p>\n<ul>\n<li>Tac\u00fa le p\u00e1irtithe t\u00e9arma\u00ed an Ordaithe Cinnidh a chomhl\u00edonadh.<\/li>\n<li>Tac\u00fa le p\u00e1irtithe at\u00e1 ag tabhairt a n-imeachta\u00ed Forfheidhmi\u00fach\u00e1in Ordaithe f\u00e9in chun na c\u00fairte tr\u00ed dhoicim\u00e9id \u00e1bhartha a shol\u00e1thar.<\/li>\n<li>Tac\u00fa go d\u00edreach le p\u00e1irtithe maidir le himeachta\u00ed Forfheidhmi\u00fach\u00e1in Ordaithe a thabhairt chun na c\u00fairte tr\u00edd an sc\u00e9im c\u00fanaimh dhl\u00edthi\u00fail.<\/li>\n<\/ul>\n<ol>\n<li>\n<h2>Tac\u00fa le p\u00e1irtithe t\u00e9arma\u00ed an Ordaithe Cinnidh a chomhl\u00edonadh<\/h2>\n<\/li>\n<\/ol>\n<p>Formh\u00f3r an ama, clo\u00edonn daoine le t\u00e9arma\u00ed an Ordaithe Cinnidh. Mura f\u00e9idir leo d\u00e9anamh amhlaidh, is f\u00e9idir le RTB comhl\u00edonadh a spreagadh tr\u00ed chabhr\u00fa leis an gcumars\u00e1id idir an d\u00e1 thaobh. M\u00e1s mian le p\u00e1irt\u00ed amh\u00e1in plean \u00edoca\u00edochta n\u00f3 socra\u00edocht a mholadh, is f\u00e9idir linn an fhaisn\u00e9is sin a chur ar aghaidh chuig an bp\u00e1irt\u00ed eile. N\u00ed fh\u00e9adfaidh RTB t\u00e9arma\u00ed an Ordaithe Cinnidh a athr\u00fa.<\/p>\n<ol start=\"2\">\n<li>\n<h2>Tac\u00fa le p\u00e1irtithe at\u00e1 ag tabhairt a n-imeachta\u00ed Forfheidhmi\u00fach\u00e1in Ordaithe f\u00e9in chun na c\u00fairte<\/h2>\n<\/li>\n<\/ol>\n<p>M\u00e1s mian leat do ch\u00e1s forfheidhmi\u00fach\u00e1in f\u00e9in a thabhairt chuig an gC\u00fairt D\u00faiche, is f\u00e9idir leat taca\u00edocht a iarraidh ar RTB. Tabharfaimid c\u00f3ipeanna duit de na doicim\u00e9id \u00e1bhartha uile \u00f3 do ch\u00e1s d\u00edosp\u00f3ide (laistigh de 7 l\u00e1 \u00f3 d\u2019iarraidh a fh\u00e1il de ghn\u00e1th).<\/p>\n<p>Is f\u00e9idir linn na nithe seo a leanas a thabhairt duit freisin:<\/p>\n<ul>\n<li><a href=\"https:\/\/rtb.ie\/wp-content\/uploads\/2025\/05\/RTB_Guide_to_taking_Enforcement_Proceedings_A5_FINAL_VERSION.pdf\">Treoir maidir le gn\u00edomh forfheidhmi\u00fach\u00e1in a dh\u00e9anamh<\/a> sa Ch\u00fairt D\u00faiche.<\/li>\n<li>Doicim\u00e9id ch\u00fairte theimpl\u00e9adacha at\u00e1 le h\u00fas\u00e1id agus c\u00e1s \u00e1 ullmh\u00fa don ch\u00fairt.<\/li>\n<\/ul>\n<ol start=\"3\">\n<li>\n<h2>Tac\u00fa go d\u00edreach le p\u00e1irtithe maidir le himeachta\u00ed Forfheidhmi\u00fach\u00e1in Ordaithe a thabhairt chun na c\u00fairte<\/h2>\n<\/li>\n<\/ol>\n<p>I roinnt c\u00e1sanna, is f\u00e9idir le RTB tac\u00fa go d\u00edreach le p\u00e1irtithe at\u00e1 ag lorg forfheidhmi\u00fa Orduithe Cinnidh. Is f\u00e9idir linn gn\u00f3lacht dl\u00ed ainmnithe a shol\u00e1thar agus cuid de na costais dl\u00ed, n\u00f3 na costais dl\u00ed ar fad, a chl\u00fadach.<\/p>\n<p>T\u00e1 an c\u00fanamh sin l\u00e1nroghnach agus t\u00e1 s\u00e9 faoi r\u00e9ir inch\u00e1ilitheachta faoi <a href=\"https:\/\/rtb.ie\/wp-content\/uploads\/2025\/06\/RTB_Policy_on_Enforcement.pdf\">Bheartas Forfheidhmi\u00fach\u00e1in<\/a> RTB.<\/p>\n\t\t\t\t\t\t\t<\/article>\n\t\t\t\t\t<\/div>\n\t<\/div>\n<\/section>\n\n\n<section id=\"block-block_da3f6d8f73f3ae6a43c1b6e6bb7c24e1\" class=\"header-paragraph-block rtb-block  margin-top-xs margin-bottom-xs\">\n\t<div class=\"container\">\n\t\t<div class=\"content\">\n\t\t\t<article class=\"cms-content\">\n\t\t\t\t\t\t\t\t\t<h2>Conas iarratas a dh\u00e9anamh ar thaca\u00edocht Forfheidhmi\u00fach\u00e1in Ordaithe \u00f3 RTB<\/h2>\n<p>Seice\u00e1il an gcomhl\u00edonann do ch\u00e1s na ceanglais i mbeartas forfheidhmi\u00fach\u00e1in RTB n\u00f3 nach gcomhl\u00edonann.<br \/>\nM\u00e1 chomhl\u00edonann, d\u00e9an an fhoirm\u00a0<a href=\"https:\/\/rtb.ie\/wp-content\/uploads\/2025\/05\/Application_request_legal_assistance_enforcing_Determination_Order_07102021.pdf\">iarratais ar Fhorfheidhmi\u00fa Ordaithe<\/a>\u00a0a \u00edosl\u00f3d\u00e1il agus a chomhl\u00e1n\u00fa.<br \/>\nN\u00ed cheada\u00edtear gach iarratas. Is ar bhonn c\u00e1s ar ch\u00e1s a dh\u00e9antar cinnt\u00ed.<\/p>\n<p>Seol an fhoirm iarratais tr\u00ed r\u00edomhphost chuig: enforceorder@rtb.ie<br \/>\nSeol an fhoirm iarratais tr\u00edd an bpost chuig: An Bord um Thion\u00f3ntachta\u00ed C\u00f3naithe, Bosca PO 13841,\u00a0Saorphost FKY7736,\u00a0Cill Orglan,\u00a0Co. Chiarra\u00ed<\/p>\n<h2>Orduithe Cinnidh a d\u2019fhorfheidhmigh na C\u00fairteanna<\/h2>\n<p>Aimsigh <a href=\"https:\/\/rtb.ie\/disputes\/dispute-outcomes-and-orders\/court-decisions-enforcement-orders\/\">Orduithe Cinnidh a forfheidhm\u00edodh tr\u00ed na C\u00fairteanna<\/a>.<\/p>\n\t\t\t\t\t\t\t<\/article>\n\t\t\t\t\t<\/div>\n\t<\/div>\n<\/section>\n\n\n<section id=\"block-block_6501e3fe316094ba3341c0bd51d11226\" class=\"header-paragraph-block rtb-block  margin-top-xs margin-bottom-default\">\n\t<div class=\"container\">\n\t\t<div class=\"content\">\n\t\t\t<article class=\"cms-content\">\n\t\t\t\t\t\t\t\t\t<h2>D\u00e9an teagmh\u00e1il linn<\/h2>\n<p>D\u00e9an teagmh\u00e1il le RTB maidir le forfheidhmi\u00fa Orduithe Cinnidh<\/p>\n<p>Cuir glao ar 0818 30 30 37 (9:30am go 5pm \u00f3 Luan go hAoine)<\/p>\n<p>Seol r\u00edomhphost chuig enforceorder@rtb.ie<\/p>\n\t\t\t\t\t\t\t<\/article>\n\t\t\t\t\t<\/div>\n\t<\/div>\n<\/section>","protected":false},"excerpt":{"rendered":"","protected":false},"author":6,"featured_media":0,"parent":11,"menu_order":3,"comment_status":"closed","ping_status":"closed","template":"","meta":{"_acf_changed":false,"inline_featured_image":false,"_relevanssi_hide_post":"","_relevanssi_hide_content":"","_relevanssi_pin_for_all":"","_relevanssi_pin_keywords":"","_relevanssi_unpin_keywords":"","_relevanssi_related_keywords":"","_relevanssi_related_include_ids":"","_relevanssi_related_exclude_ids":"","_relevanssi_related_no_append":"","_relevanssi_related_not_related":"","_relevanssi_related_posts":"1,1239","_relevanssi_noindex_reason":"","_trash_the_other_posts":false,"editor_notices":[],"footnotes":""},"class_list":["post-948","page","type-page","status-publish","hentry"],"acf":[],"jetpack_sharing_enabled":true,"publishpress_future_action":{"enabled":false,"date":"2026-04-30 10:02:51","action":"change-status","newStatus":"draft","terms":[],"taxonomy":"","extraData":[]},"publishpress_future_workflow_manual_trigger":{"enabledWorkflows":[]},"_links":{"self":[{"href":"https:\/\/rtb.ie\/ga\/wp-json\/wp\/v2\/pages\/948","targetHints":{"allow":["GET"]}}],"collection":[{"href":"https:\/\/rtb.ie\/ga\/wp-json\/wp\/v2\/pages"}],"about":[{"href":"https:\/\/rtb.ie\/ga\/wp-json\/wp\/v2\/types\/page"}],"author":[{"embeddable":true,"href":"https:\/\/rtb.ie\/ga\/wp-json\/wp\/v2\/users\/6"}],"replies":[{"embeddable":true,"href":"https:\/\/rtb.ie\/ga\/wp-json\/wp\/v2\/comments?post=948"}],"version-history":[{"count":15,"href":"https:\/\/rtb.ie\/ga\/wp-json\/wp\/v2\/pages\/948\/revisions"}],"predecessor-version":[{"id":52548,"href":"https:\/\/rtb.ie\/ga\/wp-json\/wp\/v2\/pages\/948\/revisions\/52548"}],"up":[{"embeddable":true,"href":"https:\/\/rtb.ie\/ga\/wp-json\/wp\/v2\/pages\/11"}],"wp:attachment":[{"href":"https:\/\/rtb.ie\/ga\/wp-json\/wp\/v2\/media?parent=948"}],"curies":[{"name":"wp","href":"https:\/\/api.w.org\/{rel}","templated":true}]}}